{"id":31831,"date":"2026-05-12T11:23:33","date_gmt":"2026-05-12T09:23:33","guid":{"rendered":"https:\/\/formandrefine.com\/?page_id=31831"},"modified":"2026-05-12T11:56:47","modified_gmt":"2026-05-12T09:56:47","slug":"3daysofdesign","status":"publish","type":"page","link":"https:\/\/formandrefine.com\/da\/3daysofdesign\/","title":{"rendered":"3daysofdesign"},"content":{"rendered":"<div class=\"row row-full-width\"  id=\"row-905138712\">\n\n\t<div id=\"col-104022407\" class=\"col small-12 large-12\"  >\n\t\t\t\t<div class=\"col-inner\"  >\n\t\t\t\n\t\t\t\n    <section class=\"section adt-materials-section adt-video-section text-light \" id=\"adt-video-section-6a0467e50b36e\">\n        <div class=\"section-bg fill\">\n                            <div class=\"video-overlay no-click fill visible\"><\/div>\n                <video class=\"video-bg fill visible\" preload=\"metadata\" playsinline autoplay muted loop>\n                    <source src=\"https:\/\/formandrefine.com\/wp-content\/uploads\/2026\/01\/Form-and-Refine_Journal-organiser_4x5_low.mp4\" type=\"video\/mp4\">\n                <\/video>\n                <div class=\"section-bg-overlay absolute fill\"><\/div>\n                    <\/div>\n\n        <div class=\"section-content relative\">\n            <div class=\"row row-collapse row-full-width\">\n                <div class=\"col adt-materials-overlay large-12\">\n                    <div class=\"col-inner text-center\">\n\n                                                <div class=\"adt-video-header adt-video-section-white\">\n                                                        <h2 class=\"h1\">Form &amp; Refine with Courage<\/h2>\n                            \n                                                        <p class=\"adt-materials-description\">En udstilling, der gennem ber\u00f8ring udforsker materialernes \u00e6gthed, raffineret h\u00e5ndv\u00e6rk og en bevidst livsstil.<\/p>\n                                                    <\/div>\n                        \n                        \n                                                <div class=\"adt-video-bottom\">\n                            <h2 class=\"adt-big-text\">3daysofdesign<\/h2>\n                        <\/div>\n                        \n                    <\/div>\n                <\/div>\n            <\/div>\n        <\/div>\n\n        <style>\n        #adt-video-section-6a0467e50b36e {\n            min-height: 842px;\n                    }\n        #adt-video-section-6a0467e50b36e .section-bg-overlay {\n            background-color: rgba(0, 0, 0, 0.25);\n        }\n                <\/style>\n    <\/section>\n    \n\t\t<\/div>\n\t\t\t\t\t<\/div>\n\n\t\n<\/div>\n\n\t<section class=\"section\" id=\"section_1876237475\">\n\t\t<div class=\"section-bg fill\" >\n\t\t\t\t\t\t\t\t\t\n\t\t\t\n\n\t\t<\/div>\n\n\t\t\n\n\t\t<div class=\"section-content relative\">\n\t\t\t\n<div class=\"row\" style=\"max-width:740px\" id=\"row-629665397\">\n\n\t<div id=\"col-1207831285\" class=\"col small-12 large-12\"  >\n\t\t\t\t<div class=\"col-inner text-center\"  >\n\t\t\t\n\t\t\t\n\t<div id=\"gap-3775763\" class=\"gap-element clearfix\" style=\"display:block; height:auto;\">\n\t\t\n<style>\n#gap-3775763 {\n  padding-top: 3rem;\n}\n<\/style>\n\t<\/div>\n\t\n<p class=\"adt-body-text-2\">Under 3daysofdesign 2026 inviterer Form &amp; Refine bes\u00f8gende ind i en hyggelig og sanselig udstilling, der er pr\u00e6get af \u00e6rlighed i materialevalget, raffineret h\u00e5ndv\u00e6rk og en gennemt\u00e6nkt tilgang til det lille hjem.<\/p>\n<p class=\"adt-body-text-2\">Med udgangspunkt i tanken om, at meningsfuldt design kan l\u00f8fte selv de mest kompakte rum, pr\u00e6senterer udstillingen m\u00f8bler og genstande, der er designet til at bringe ro, funktionalitet og varig karakter ind i moderne hjem.<\/p>\n\t<div id=\"gap-1672793886\" class=\"gap-element clearfix\" style=\"display:block; height:auto;\">\n\t\t\n<style>\n#gap-1672793886 {\n  padding-top: 3rem;\n}\n<\/style>\n\t<\/div>\n\t\n\t\t<\/div>\n\t\t\t\t\t<\/div>\n\n\t\n<\/div>\n\t\t<\/div>\n\n\t\t\n<style>\n#section_1876237475 {\n  padding-top: 30px;\n  padding-bottom: 30px;\n}\n<\/style>\n\t<\/section>\n\t\n\n\t<section class=\"section\" id=\"section_617711205\">\n\t\t<div class=\"section-bg fill\" >\n\t\t\t\t\t\t\t\t\t\n\t\t\t\n\n\t\t<\/div>\n\n\t\t\n\n\t\t<div class=\"section-content relative\">\n\t\t\t\n<div class=\"row row-full-width\"  id=\"row-1738747190\">\n\n\t<div id=\"col-958569383\" class=\"col large-12\"  >\n\t\t\t\t<div class=\"col-inner text-center\"  >\n\t\t\t\n\t\t\t\n<section class=\"adt-slider-hero-element adt-slider-base arrow-cursor\" style=\"--adt-hero-height: 770px; --adt-hero-height-sm: 100svh; background-color: #f2e7d2;\" data-height=\"770px\" data-height-sm=\"100svh\"><div class=\"adt-hero-slider-wrapper\"><div id=\"adt-hero-slider-6a0467e50bc77\" class=\"adt-hero-slider\" data-slider-options='{&quot;showArrows&quot;:false,&quot;showDots&quot;:true,&quot;peekAmount&quot;:10,&quot;peekAmountMd&quot;:null,&quot;peekAmountSm&quot;:null}' >\n\n                <div class=\"adt-hero-slide active\" data-slide-index=\"0\"><div class=\"adt-hero-slide-inner\"><h2 class=\"adt-hero-title\">Et bevidst liv<\/h2><div class=\"adt-stack-cta\" style=\"opacity: 0; pointer-events: none;\" data-cta-wrapper=\"true\"><a href=\"\" class=\"adt-stack-cta-button\" data-cta-link=\"true\"><span data-cta-text=\"true\">Udforsk<\/span><\/a><\/div><div class=\"adt-hero-image-container\"><img fetchpriority=\"high\" decoding=\"async\" width=\"797\" height=\"1024\" src=\"https:\/\/formandrefine.com\/wp-content\/uploads\/2022\/12\/Form-and-Refine_Living_Icon-loungchair-brown_leafshelf-whiteoak_545x700-3-797x1024.webp\" class=\"adt-hero-image\" alt=\"\" loading=\"eager\" srcset=\"https:\/\/formandrefine.com\/wp-content\/uploads\/2022\/12\/Form-and-Refine_Living_Icon-loungchair-brown_leafshelf-whiteoak_545x700-3-797x1024.webp 797w, https:\/\/formandrefine.com\/wp-content\/uploads\/2022\/12\/Form-and-Refine_Living_Icon-loungchair-brown_leafshelf-whiteoak_545x700-3-510x655.webp 510w, https:\/\/formandrefine.com\/wp-content\/uploads\/2022\/12\/Form-and-Refine_Living_Icon-loungchair-brown_leafshelf-whiteoak_545x700-3-234x300.webp 234w, https:\/\/formandrefine.com\/wp-content\/uploads\/2022\/12\/Form-and-Refine_Living_Icon-loungchair-brown_leafshelf-whiteoak_545x700-3-768x986.webp 768w, https:\/\/formandrefine.com\/wp-content\/uploads\/2022\/12\/Form-and-Refine_Living_Icon-loungchair-brown_leafshelf-whiteoak_545x700-3-1196x1536.webp 1196w, https:\/\/formandrefine.com\/wp-content\/uploads\/2022\/12\/Form-and-Refine_Living_Icon-loungchair-brown_leafshelf-whiteoak_545x700-3-47x60.webp 47w, https:\/\/formandrefine.com\/wp-content\/uploads\/2022\/12\/Form-and-Refine_Living_Icon-loungchair-brown_leafshelf-whiteoak_545x700-3-70x90.webp 70w, https:\/\/formandrefine.com\/wp-content\/uploads\/2022\/12\/Form-and-Refine_Living_Icon-loungchair-brown_leafshelf-whiteoak_545x700-3.webp 1495w\" sizes=\"(max-width: 797px) 100vw, 797px\" \/><\/div><div class=\"adt-hero-description adt-text-width-medium\" ><p>Gennem naturlige materialer, arkitektonisk enkelhed og gennemt\u00e6nkte detaljer unders\u00f8ger Form &amp; Refine, hvordan design kan skabe en st\u00e6rkere forbindelse mellem mennesker, rum og hverdagslivet.<\/p>\n<\/div><\/div><\/div><div class=\"adt-hero-slide \" data-slide-index=\"1\"><div class=\"adt-hero-slide-inner\"><h2 class=\"adt-hero-title\">Smugkig p\u00e5 det, der venter<\/h2><div class=\"adt-stack-cta\" style=\"opacity: 0; pointer-events: none;\" data-cta-wrapper=\"true\"><a href=\"\" class=\"adt-stack-cta-button\" data-cta-link=\"true\"><span data-cta-text=\"true\">Udforsk<\/span><\/a><\/div><div class=\"adt-hero-image-container\"><img decoding=\"async\" width=\"819\" height=\"1024\" src=\"https:\/\/formandrefine.com\/wp-content\/uploads\/2026\/05\/Form-and-Refine_Living_Monolith_detail2-819x1024.webp\" class=\"adt-hero-image\" alt=\"\" loading=\"lazy\" srcset=\"https:\/\/formandrefine.com\/wp-content\/uploads\/2026\/05\/Form-and-Refine_Living_Monolith_detail2-819x1024.webp 819w, https:\/\/formandrefine.com\/wp-content\/uploads\/2026\/05\/Form-and-Refine_Living_Monolith_detail2-240x300.webp 240w, https:\/\/formandrefine.com\/wp-content\/uploads\/2026\/05\/Form-and-Refine_Living_Monolith_detail2-768x960.webp 768w, https:\/\/formandrefine.com\/wp-content\/uploads\/2026\/05\/Form-and-Refine_Living_Monolith_detail2-1229x1536.webp 1229w, https:\/\/formandrefine.com\/wp-content\/uploads\/2026\/05\/Form-and-Refine_Living_Monolith_detail2-48x60.webp 48w, https:\/\/formandrefine.com\/wp-content\/uploads\/2026\/05\/Form-and-Refine_Living_Monolith_detail2-72x90.webp 72w, https:\/\/formandrefine.com\/wp-content\/uploads\/2026\/05\/Form-and-Refine_Living_Monolith_detail2.webp 1410w\" sizes=\"auto, (max-width: 819px) 100vw, 819px\" \/><\/div><div class=\"adt-hero-description adt-text-width-medium\" ><p>Bes\u00f8gende f\u00e5r en eksklusiv forsmag p\u00e5 kommende nye produkter, herunder lanceringer inden for to nye kategorier for m\u00e6rket \u2014 hvoraf den ene markerer Form &amp; Refines f\u00f8rste skridt ind p\u00e5 belysningsmarkedet.<\/p>\n<\/div><\/div><\/div><div class=\"adt-hero-slide \" data-slide-index=\"2\"><div class=\"adt-hero-slide-inner\"><h2 class=\"adt-hero-title\">Daglige sammenkomster<\/h2><div class=\"adt-stack-cta\" style=\"opacity: 0; pointer-events: none;\" data-cta-wrapper=\"true\"><a href=\"\" class=\"adt-stack-cta-button\" data-cta-link=\"true\"><span data-cta-text=\"true\">Udforsk<\/span><\/a><\/div><div class=\"adt-hero-image-container\"><img decoding=\"async\" width=\"1020\" height=\"1020\" src=\"https:\/\/formandrefine.com\/wp-content\/uploads\/2023\/12\/Form-and-Refine_Living_Pinho-glass-carafe_Water-hoover-1024x1024.webp\" class=\"adt-hero-image\" alt=\"\" loading=\"lazy\" srcset=\"https:\/\/formandrefine.com\/wp-content\/uploads\/2023\/12\/Form-and-Refine_Living_Pinho-glass-carafe_Water-hoover-1024x1024.webp 1024w, https:\/\/formandrefine.com\/wp-content\/uploads\/2023\/12\/Form-and-Refine_Living_Pinho-glass-carafe_Water-hoover-scaled-800x800.webp 800w, https:\/\/formandrefine.com\/wp-content\/uploads\/2023\/12\/Form-and-Refine_Living_Pinho-glass-carafe_Water-hoover-scaled-100x100.webp 100w, https:\/\/formandrefine.com\/wp-content\/uploads\/2023\/12\/Form-and-Refine_Living_Pinho-glass-carafe_Water-hoover-scaled-1600x1600.webp 1600w, https:\/\/formandrefine.com\/wp-content\/uploads\/2023\/12\/Form-and-Refine_Living_Pinho-glass-carafe_Water-hoover-300x300.webp 300w, https:\/\/formandrefine.com\/wp-content\/uploads\/2023\/12\/Form-and-Refine_Living_Pinho-glass-carafe_Water-hoover-150x150.webp 150w, https:\/\/formandrefine.com\/wp-content\/uploads\/2023\/12\/Form-and-Refine_Living_Pinho-glass-carafe_Water-hoover-768x768.webp 768w, https:\/\/formandrefine.com\/wp-content\/uploads\/2023\/12\/Form-and-Refine_Living_Pinho-glass-carafe_Water-hoover-1536x1536.webp 1536w, https:\/\/formandrefine.com\/wp-content\/uploads\/2023\/12\/Form-and-Refine_Living_Pinho-glass-carafe_Water-hoover-2048x2048.webp 2048w\" sizes=\"auto, (max-width: 1020px) 100vw, 1020px\" \/><\/div><div class=\"adt-hero-description adt-text-width-medium\" ><p>Nyd friskbrygget kaffe fra Original Coffee, og kom forbi hver eftermiddag til Sips &amp; Senses fra kl. 16.30 til 18.00, hvor der serveres k\u00f8lig vin og lette snacks i udstillingsomr\u00e5det.<\/p>\n<\/div><\/div><\/div><div class=\"adt-hero-slide \" data-slide-index=\"3\"><div class=\"adt-hero-slide-inner\"><h2 class=\"adt-hero-title\">F\u00e6lles udstilling<\/h2><div class=\"adt-stack-cta\" style=\"opacity: 0; pointer-events: none;\" data-cta-wrapper=\"true\"><a href=\"\" class=\"adt-stack-cta-button\" data-cta-link=\"true\"><span data-cta-text=\"true\">Udforsk<\/span><\/a><\/div><div class=\"adt-hero-image-container\"><img decoding=\"async\" width=\"1020\" height=\"646\" src=\"https:\/\/formandrefine.com\/wp-content\/uploads\/2026\/05\/Kurage2275_4x5-_2_-1-1024x649.webp\" class=\"adt-hero-image\" alt=\"\" loading=\"lazy\" srcset=\"https:\/\/formandrefine.com\/wp-content\/uploads\/2026\/05\/Kurage2275_4x5-_2_-1-1024x649.webp 1024w, https:\/\/formandrefine.com\/wp-content\/uploads\/2026\/05\/Kurage2275_4x5-_2_-1-300x190.webp 300w, https:\/\/formandrefine.com\/wp-content\/uploads\/2026\/05\/Kurage2275_4x5-_2_-1-768x486.webp 768w, https:\/\/formandrefine.com\/wp-content\/uploads\/2026\/05\/Kurage2275_4x5-_2_-1-1536x973.webp 1536w, https:\/\/formandrefine.com\/wp-content\/uploads\/2026\/05\/Kurage2275_4x5-_2_-1-95x60.webp 95w, https:\/\/formandrefine.com\/wp-content\/uploads\/2026\/05\/Kurage2275_4x5-_2_-1-142x90.webp 142w, https:\/\/formandrefine.com\/wp-content\/uploads\/2026\/05\/Kurage2275_4x5-_2_-1-1600x1013.webp 1600w, https:\/\/formandrefine.com\/wp-content\/uploads\/2026\/05\/Kurage2275_4x5-_2_-1.webp 1920w\" sizes=\"auto, (max-width: 1020px) 100vw, 1020px\" \/><\/div><div class=\"adt-hero-description adt-text-width-medium\" ><p>I samarbejde med det danske tekstil- og akustikm\u00e6rke Kurage skaber Form &amp; Refine et roligt sanseunivers, hvor m\u00f8bler, gardiner, akustik og belysning indbyder bes\u00f8gende til at s\u00e6tte farten ned og genfinde roen midt i byens puls.<\/p>\n<\/div><\/div><\/div><\/div><div class=\"adt-hero-bottom-section\"><div class=\"adt-hero-navigation\"><div class=\"adt-hero-nav-item active\" data-slide-index=\"0\"><span class=\"adt-hero-nav-title\">Et bevidst liv<\/span><span class=\"adt-hero-nav-dot\"><\/span><\/div><div class=\"adt-hero-nav-item \" data-slide-index=\"1\"><span class=\"adt-hero-nav-title\">Smugkig p\u00e5 det, der venter<\/span><span class=\"adt-hero-nav-dot\"><\/span><\/div><div class=\"adt-hero-nav-item \" data-slide-index=\"2\"><span class=\"adt-hero-nav-title\">Daglige sammenkomster<\/span><span class=\"adt-hero-nav-dot\"><\/span><\/div><div class=\"adt-hero-nav-item \" data-slide-index=\"3\"><span class=\"adt-hero-nav-title\">F\u00e6lles udstilling<\/span><span class=\"adt-hero-nav-dot\"><\/span><\/div><\/div><\/div><\/div><\/section>\n\t\t<\/div>\n\t\t\t\t\t<\/div>\n\n\t\n<\/div>\n\t\t<\/div>\n\n\t\t\n<style>\n#section_617711205 {\n  padding-top: 0px;\n  padding-bottom: 0px;\n  background-color: rgb(242, 231, 210);\n}\n<\/style>\n\t<\/section>\n\t\n\n\t<section class=\"section\" id=\"section_1400075371\">\n\t\t<div class=\"section-bg fill\" >\n\t\t\t\t\t\t\t\t\t\n\t\t\t\n\n\t\t<\/div>\n\n\t\t\n\n\t\t<div class=\"section-content relative\">\n\t\t\t\n<div class=\"row row-large\"  id=\"row-220039759\">\n\n\t<div id=\"col-1218213315\" class=\"col adt_downloads small-12 large-12\"  >\n\t\t\t\t<div class=\"col-inner text-center\"  >\n\t\t\t\n\t\t\t\n\t<div id=\"gap-244862118\" class=\"gap-element clearfix\" style=\"display:block; height:auto;\">\n\t\t\n<style>\n#gap-244862118 {\n  padding-top: 6rem;\n}\n<\/style>\n\t<\/div>\n\t\n<h1 class=\"adt-big-headline-h2\">Bes\u00f8g os under 3daysofdesign<\/h1>\n\t<div id=\"gap-1073947467\" class=\"gap-element clearfix\" style=\"display:block; height:auto;\">\n\t\t\n<style>\n#gap-1073947467 {\n  padding-top: 20px;\n}\n<\/style>\n\t<\/div>\n\t\n<p class=\"adt-body-text-2\"><strong>Datoer<\/strong><br \/>\n18. \u2013 20. juni 2026<\/p>\n<p class=\"adt-body-text-2\"><strong>\u00c5bningstider<\/strong><br \/>\n10.00 \u2013 18.00<\/p>\n<p class=\"adt-body-text-2\"><strong>Dagens h\u00f8jdepunkter<\/strong><br \/>\nOriginal Coffee serveres hver dag<br \/>\nSips &amp; Senses kl. 16.30 \u2013 18.00<\/p>\n<p class=\"adt-body-text-2\"><strong>Placering<\/strong><br \/>\nStore Kongensgade 122<br \/>\nK\u00f8benhavn, Danmark<\/p>\n<p class=\"adt-body-text-2\"><strong>Kontakt<\/strong><br \/>\nVi gl\u00e6der os til at byde arkitekter, partnere, presse og designentusiaster velkommen<br \/>\nunder 3daysofdesign 2026.<br \/>\nFor aftaler kontakt sarah@formandrefine.com<\/p>\n\t<div id=\"gap-1854621086\" class=\"gap-element clearfix\" style=\"display:block; height:auto;\">\n\t\t\n<style>\n#gap-1854621086 {\n  padding-top: 30px;\n}\n<\/style>\n\t<\/div>\n\t\n\t\t<\/div>\n\t\t\t\t\t<\/div>\n\n\t\n<\/div>\n\t\t<\/div>\n\n\t\t\n<style>\n#section_1400075371 {\n  padding-top: 0px;\n  padding-bottom: 0px;\n}\n<\/style>\n\t<\/section>\n\t\n<div class=\"is-divider divider clearfix\" style=\"max-width:2600px;height:1px;background-color:rgba(46, 40, 40, 0.2);\"><\/div>\n\n\t<section class=\"section\" id=\"section_2062137117\">\n\t\t<div class=\"section-bg fill\" >\n\t\t\t\t\t\t\t\t\t\n\t\t\t\n\n\t\t<\/div>\n\n\t\t\n\n\t\t<div class=\"section-content relative\">\n\t\t\t\n<div class=\"row align-center\" style=\"max-width:740px\" id=\"row-1952687226\">\n\n\t<div id=\"col-1528957184\" class=\"col small-12 large-12\"  >\n\t\t\t\t<div class=\"col-inner text-center\"  >\n\t\t\t\n\t\t\t\n\t<div id=\"gap-334632018\" class=\"gap-element clearfix\" style=\"display:block; height:auto;\">\n\t\t\n<style>\n#gap-334632018 {\n  padding-top: 60px;\n}\n<\/style>\n\t<\/div>\n\t\n<p class=\"adt-body-text-2\">L\u00e6s mere om udstillingen i vores pressemeddelelse:<\/p>\n\t<div id=\"gap-1422828115\" class=\"gap-element clearfix\" style=\"display:block; height:auto;\">\n\t\t\n<style>\n#gap-1422828115 {\n  padding-top: 40px;\n}\n<\/style>\n\t<\/div>\n\t\n\t<div class=\"img has-hover x md-x lg-x y md-y lg-y\" id=\"image_1539661116\">\n\t\t<a class=\"\" href=\"https:\/\/assets.presscloud.com\/file\/97\/971376099098318\/Press_Release_Be_Present_at_Form_and_Refine_x_Kurage_.pdf\" target=\"_blank\" rel=\"noopener\" >\t\t\t\t\t\t<div class=\"img-inner dark\" >\n\t\t\t<img loading=\"lazy\" decoding=\"async\" width=\"1495\" height=\"1920\" src=\"https:\/\/formandrefine.com\/wp-content\/uploads\/2026\/05\/Events_3dd_2026_-545x7002-kopier.webp\" class=\"attachment-original size-original\" alt=\"\" srcset=\"https:\/\/formandrefine.com\/wp-content\/uploads\/2026\/05\/Events_3dd_2026_-545x7002-kopier.webp 1495w, https:\/\/formandrefine.com\/wp-content\/uploads\/2026\/05\/Events_3dd_2026_-545x7002-kopier-234x300.webp 234w, https:\/\/formandrefine.com\/wp-content\/uploads\/2026\/05\/Events_3dd_2026_-545x7002-kopier-797x1024.webp 797w, https:\/\/formandrefine.com\/wp-content\/uploads\/2026\/05\/Events_3dd_2026_-545x7002-kopier-768x986.webp 768w, https:\/\/formandrefine.com\/wp-content\/uploads\/2026\/05\/Events_3dd_2026_-545x7002-kopier-1196x1536.webp 1196w, https:\/\/formandrefine.com\/wp-content\/uploads\/2026\/05\/Events_3dd_2026_-545x7002-kopier-47x60.webp 47w, https:\/\/formandrefine.com\/wp-content\/uploads\/2026\/05\/Events_3dd_2026_-545x7002-kopier-70x90.webp 70w\" sizes=\"auto, (max-width: 1495px) 100vw, 1495px\" \/>\t\t\t\t\t\t\n\t\t\t\t\t<\/div>\n\t\t\t\t\t\t<\/a>\t\t\n<style>\n#image_1539661116 {\n  width: 70%;\n}\n@media (min-width:550px) {\n  #image_1539661116 {\n    width: 50%;\n  }\n}\n@media (min-width:850px) {\n  #image_1539661116 {\n    width: 40%;\n  }\n}\n<\/style>\n\t<\/div>\n\t\n\t<div id=\"gap-1488987777\" class=\"gap-element clearfix\" style=\"display:block; height:auto;\">\n\t\t\n<style>\n#gap-1488987777 {\n  padding-top: 30px;\n}\n<\/style>\n\t<\/div>\n\t\n\t\t<\/div>\n\t\t\t\t\t<\/div>\n\n\t\n<\/div>\n\t\t<\/div>\n\n\t\t\n<style>\n#section_2062137117 {\n  padding-top: 0px;\n  padding-bottom: 0px;\n}\n<\/style>\n\t<\/section>\n\t\n","protected":false},"excerpt":{"rendered":"","protected":false},"author":13,"featured_media":0,"parent":0,"menu_order":0,"comment_status":"closed","ping_status":"closed","template":"","meta":{"_acf_changed":false,"footnotes":""},"class_list":["post-31831","page","type-page","status-publish","hentry"],"acf":[],"yoast_head":"<!-- This site is optimized with the Yoast SEO plugin v25.9 - https:\/\/yoast.com\/wordpress\/plugins\/seo\/ -->\n<title>Oplev Form &amp; Refine under 3daysofdesign 2026<\/title>\n<meta name=\"description\" content=\"Oplev Form &amp; Refine p\u00e5 3daysofdesign 2026 i K\u00f8benhavn. Oplev moderne nordiske m\u00f8bler, belysning og designobjekter, der er skabt af naturmaterialer og raffineret h\u00e5ndv\u00e6rk.\" \/>\n<meta name=\"robots\" content=\"index, follow, max-snippet:-1, max-image-preview:large, max-video-preview:-1\" \/>\n<link rel=\"canonical\" href=\"https:\/\/formandrefine.com\/da\/3daysofdesign\/\" \/>\n<meta property=\"og:locale\" content=\"da_DK\" \/>\n<meta property=\"og:type\" content=\"article\" \/>\n<meta property=\"og:title\" content=\"Oplev Form &amp; Refine under 3daysofdesign 2026\" \/>\n<meta property=\"og:description\" content=\"Oplev Form &amp; Refine p\u00e5 3daysofdesign 2026 i K\u00f8benhavn. Oplev moderne nordiske m\u00f8bler, belysning og designobjekter, der er skabt af naturmaterialer og raffineret h\u00e5ndv\u00e6rk.\" \/>\n<meta property=\"og:url\" content=\"https:\/\/formandrefine.com\/da\/3daysofdesign\/\" \/>\n<meta property=\"og:site_name\" content=\"Form &amp; Refine\" \/>\n<meta property=\"article:modified_time\" content=\"2026-05-12T09:56:47+00:00\" \/>\n<meta name=\"twitter:card\" content=\"summary_large_image\" \/>\n<meta name=\"twitter:label1\" content=\"Estimeret l\u00e6setid\" \/>\n\t<meta name=\"twitter:data1\" content=\"2 minutter\" \/>\n<script type=\"application\/ld+json\" class=\"yoast-schema-graph\">{\"@context\":\"https:\/\/schema.org\",\"@graph\":[{\"@type\":\"WebPage\",\"@id\":\"https:\/\/formandrefine.com\/da\/3daysofdesign\/\",\"url\":\"https:\/\/formandrefine.com\/da\/3daysofdesign\/\",\"name\":\"Oplev Form & Refine under 3daysofdesign 2026\",\"isPartOf\":{\"@id\":\"https:\/\/formandrefine.com\/#website\"},\"datePublished\":\"2026-05-12T09:23:33+00:00\",\"dateModified\":\"2026-05-12T09:56:47+00:00\",\"description\":\"Oplev Form & Refine p\u00e5 3daysofdesign 2026 i K\u00f8benhavn. Oplev moderne nordiske m\u00f8bler, belysning og designobjekter, der er skabt af naturmaterialer og raffineret h\u00e5ndv\u00e6rk.\",\"breadcrumb\":{\"@id\":\"https:\/\/formandrefine.com\/da\/3daysofdesign\/#breadcrumb\"},\"inLanguage\":\"da-DK\",\"potentialAction\":[{\"@type\":\"ReadAction\",\"target\":[\"https:\/\/formandrefine.com\/da\/3daysofdesign\/\"]}]},{\"@type\":\"BreadcrumbList\",\"@id\":\"https:\/\/formandrefine.com\/da\/3daysofdesign\/#breadcrumb\",\"itemListElement\":[{\"@type\":\"ListItem\",\"position\":1,\"name\":\"Home\",\"item\":\"https:\/\/formandrefine.com\/da\/\"},{\"@type\":\"ListItem\",\"position\":2,\"name\":\"3daysofdesign\"}]},{\"@type\":\"WebSite\",\"@id\":\"https:\/\/formandrefine.com\/#website\",\"url\":\"https:\/\/formandrefine.com\/\",\"name\":\"Form &amp; Refine\",\"description\":\"Form and Refine is a Danish design brand. We form collections of Nordic design that will refine as the years progress.\",\"potentialAction\":[{\"@type\":\"SearchAction\",\"target\":{\"@type\":\"EntryPoint\",\"urlTemplate\":\"https:\/\/formandrefine.com\/?s={search_term_string}\"},\"query-input\":{\"@type\":\"PropertyValueSpecification\",\"valueRequired\":true,\"valueName\":\"search_term_string\"}}],\"inLanguage\":\"da-DK\"}]}<\/script>\n<!-- \/ Yoast SEO plugin. -->","yoast_head_json":{"title":"Oplev Form & Refine under 3daysofdesign 2026","description":"Oplev Form & Refine p\u00e5 3daysofdesign 2026 i K\u00f8benhavn. Oplev moderne nordiske m\u00f8bler, belysning og designobjekter, der er skabt af naturmaterialer og raffineret h\u00e5ndv\u00e6rk.","robots":{"index":"index","follow":"follow","max-snippet":"max-snippet:-1","max-image-preview":"max-image-preview:large","max-video-preview":"max-video-preview:-1"},"canonical":"https:\/\/formandrefine.com\/da\/3daysofdesign\/","og_locale":"da_DK","og_type":"article","og_title":"Oplev Form & Refine under 3daysofdesign 2026","og_description":"Oplev Form & Refine p\u00e5 3daysofdesign 2026 i K\u00f8benhavn. Oplev moderne nordiske m\u00f8bler, belysning og designobjekter, der er skabt af naturmaterialer og raffineret h\u00e5ndv\u00e6rk.","og_url":"https:\/\/formandrefine.com\/da\/3daysofdesign\/","og_site_name":"Form &amp; Refine","article_modified_time":"2026-05-12T09:56:47+00:00","twitter_card":"summary_large_image","twitter_misc":{"Estimeret l\u00e6setid":"2 minutter"},"schema":{"@context":"https:\/\/schema.org","@graph":[{"@type":"WebPage","@id":"https:\/\/formandrefine.com\/da\/3daysofdesign\/","url":"https:\/\/formandrefine.com\/da\/3daysofdesign\/","name":"Oplev Form & Refine under 3daysofdesign 2026","isPartOf":{"@id":"https:\/\/formandrefine.com\/#website"},"datePublished":"2026-05-12T09:23:33+00:00","dateModified":"2026-05-12T09:56:47+00:00","description":"Oplev Form & Refine p\u00e5 3daysofdesign 2026 i K\u00f8benhavn. Oplev moderne nordiske m\u00f8bler, belysning og designobjekter, der er skabt af naturmaterialer og raffineret h\u00e5ndv\u00e6rk.","breadcrumb":{"@id":"https:\/\/formandrefine.com\/da\/3daysofdesign\/#breadcrumb"},"inLanguage":"da-DK","potentialAction":[{"@type":"ReadAction","target":["https:\/\/formandrefine.com\/da\/3daysofdesign\/"]}]},{"@type":"BreadcrumbList","@id":"https:\/\/formandrefine.com\/da\/3daysofdesign\/#breadcrumb","itemListElement":[{"@type":"ListItem","position":1,"name":"Home","item":"https:\/\/formandrefine.com\/da\/"},{"@type":"ListItem","position":2,"name":"3daysofdesign"}]},{"@type":"WebSite","@id":"https:\/\/formandrefine.com\/#website","url":"https:\/\/formandrefine.com\/","name":"Form &amp; Refine","description":"Form and Refine is a Danish design brand. We form collections of Nordic design that will refine as the years progress.","potentialAction":[{"@type":"SearchAction","target":{"@type":"EntryPoint","urlTemplate":"https:\/\/formandrefine.com\/?s={search_term_string}"},"query-input":{"@type":"PropertyValueSpecification","valueRequired":true,"valueName":"search_term_string"}}],"inLanguage":"da-DK"}]}},"_links":{"self":[{"href":"https:\/\/formandrefine.com\/da\/wp-json\/wp\/v2\/pages\/31831","targetHints":{"allow":["GET"]}}],"collection":[{"href":"https:\/\/formandrefine.com\/da\/wp-json\/wp\/v2\/pages"}],"about":[{"href":"https:\/\/formandrefine.com\/da\/wp-json\/wp\/v2\/types\/page"}],"author":[{"embeddable":true,"href":"https:\/\/formandrefine.com\/da\/wp-json\/wp\/v2\/users\/13"}],"replies":[{"embeddable":true,"href":"https:\/\/formandrefine.com\/da\/wp-json\/wp\/v2\/comments?post=31831"}],"version-history":[{"count":10,"href":"https:\/\/formandrefine.com\/da\/wp-json\/wp\/v2\/pages\/31831\/revisions"}],"predecessor-version":[{"id":31997,"href":"https:\/\/formandrefine.com\/da\/wp-json\/wp\/v2\/pages\/31831\/revisions\/31997"}],"wp:attachment":[{"href":"https:\/\/formandrefine.com\/da\/wp-json\/wp\/v2\/media?parent=31831"}],"curies":[{"name":"wp","href":"https:\/\/api.w.org\/{rel}","templated":true}]}}