{"id":4555,"date":"2021-06-23T01:37:34","date_gmt":"2021-06-22T23:37:34","guid":{"rendered":"https:\/\/formandrefine.com\/?page_id=4555"},"modified":"2025-08-28T15:27:41","modified_gmt":"2025-08-28T13:27:41","slug":"imagebank","status":"publish","type":"page","link":"https:\/\/formandrefine.com\/da\/contact\/imagebank\/","title":{"rendered":"Billedbank"},"content":{"rendered":"\n\t<section class=\"section contact\" id=\"section_1304639418\">\n\t\t<div class=\"section-bg fill\" >\n\t\t\t\t\t\t\t\t\t\n\t\t\t\n\n\t\t<\/div>\n\n\t\t\n\n\t\t<div class=\"section-content relative\">\n\t\t\t\n<div class=\"row align-middle\" style=\"max-width:1140px\" id=\"row-46302746\">\n\n\t<div id=\"col-993258158\" class=\"col medium-6 small-12 large-6\"  >\n\t\t\t\t<div class=\"col-inner\"  >\n\t\t\t\n\t\t\t\n\t<div class=\"img has-hover x md-x lg-x y md-y lg-y\" id=\"image_454189610\">\n\t\t\t\t\t\t\t\t<div class=\"img-inner dark\" >\n\t\t\t<img decoding=\"async\" width=\"797\" height=\"1024\" src=\"https:\/\/formandrefine.com\/wp-content\/uploads\/2021\/01\/FR_Damsbo_Dining-Table_Blueprint_Chair_Oak_545x700.jpg\" class=\"attachment-large size-large\" alt=\"\" srcset=\"https:\/\/formandrefine.com\/wp-content\/uploads\/2021\/01\/FR_Damsbo_Dining-Table_Blueprint_Chair_Oak_545x700.jpg 1466w, https:\/\/formandrefine.com\/wp-content\/uploads\/2021\/01\/FR_Damsbo_Dining-Table_Blueprint_Chair_Oak_545x700-510x655.jpg 510w\" sizes=\"(max-width: 797px) 100vw, 797px\" \/>\t\t\t\t\t\t\n\t\t\t\t\t<\/div>\n\t\t\t\t\t\t\t\t\n<style>\n#image_454189610 {\n  width: 100%;\n}\n<\/style>\n\t<\/div>\n\t\n\t\t<\/div>\n\t\t\t\t\n<style>\n#col-993258158 > .col-inner {\n  padding: 0px 0 0px 0px;\n}\n@media (min-width:850px) {\n  #col-993258158 > .col-inner {\n    padding: 0px 75px 0px 0px;\n  }\n}\n<\/style>\n\t<\/div>\n\n\t\n\n\t<div id=\"col-289228751\" class=\"col medium-6 small-12 large-6\"  >\n\t\t\t\t<div class=\"col-inner\"  >\n\t\t\t\n\t\t\t\n<h2 style=\"text-align: left;\"><span data-sheets-value=\"{&quot;1&quot;:2,&quot;2&quot;:&quot;Billedbank&quot;}\" data-sheets-userformat=\"{&quot;2&quot;:8961,&quot;3&quot;:{&quot;1&quot;:0},&quot;11&quot;:4,&quot;12&quot;:0,&quot;16&quot;:10}\">Billedbank<\/span><\/h2>\n<p><span data-sheets-value=\"{&quot;1&quot;:2,&quot;2&quot;:&quot;Benyt gerne vores billeder fra vores billedbank, som kan downloades fra nedenst\u00e5ende links:&quot;}\" data-sheets-userformat=\"{&quot;2&quot;:8961,&quot;3&quot;:{&quot;1&quot;:0},&quot;11&quot;:4,&quot;12&quot;:0,&quot;16&quot;:10}\">Benyt gerne vores billeder fra vores billedbank, som kan downloades fra nedenst\u00e5ende links:<\/span><\/p>\n<p><a href=\"https:\/\/formandrefine.presscloud.com\/digitalshowroom\/#\/gallery\"><span data-sheets-value=\"{&quot;1&quot;:2,&quot;2&quot;:&quot;Udvalgte brand billeder&quot;}\" data-sheets-userformat=\"{&quot;2&quot;:8961,&quot;3&quot;:{&quot;1&quot;:0},&quot;11&quot;:4,&quot;12&quot;:0,&quot;16&quot;:10}\">Udvalgte brand billeder<\/span><\/a><\/p>\n<p><a href=\"https:\/\/formandrefine.presscloud.com\/digitalshowroom\/#\/gallery\"><span data-sheets-value=\"{&quot;1&quot;:2,&quot;2&quot;:&quot;Produktbilleder&quot;}\" data-sheets-userformat=\"{&quot;2&quot;:8961,&quot;3&quot;:{&quot;1&quot;:0},&quot;11&quot;:4,&quot;12&quot;:0,&quot;16&quot;:10}\">Produktbilleder<\/span><\/a><\/p>\n<p><a href=\"https:\/\/formandrefine.presscloud.com\/digitalshowroom\/#\/gallery\/Discover\"><span data-sheets-value=\"{&quot;1&quot;:2,&quot;2&quot;:&quot;Portr\u00e6tter&quot;}\" data-sheets-userformat=\"{&quot;2&quot;:8961,&quot;3&quot;:{&quot;1&quot;:0},&quot;11&quot;:4,&quot;12&quot;:0,&quot;16&quot;:10}\">Portr\u00e6tter<\/span><\/a><\/p>\n<p><a href=\"https:\/\/formandrefine.presscloud.com\/digitalshowroom\/#\/gallery\"><span data-sheets-value=\"{&quot;1&quot;:2,&quot;2&quot;:&quot;Sociale medier&quot;}\" data-sheets-userformat=\"{&quot;2&quot;:8961,&quot;3&quot;:{&quot;1&quot;:0},&quot;11&quot;:4,&quot;12&quot;:0,&quot;16&quot;:10}\">Sociale medier<\/span><\/a><\/p>\n<p><span data-sheets-value=\"{&quot;1&quot;:2,&quot;2&quot;:&quot;Hvis du har nogen sp\u00f8rgsm\u00e5l er du altid velkommen til at kontakte Helle p\u00e5:&quot;}\" data-sheets-userformat=\"{&quot;2&quot;:8961,&quot;3&quot;:{&quot;1&quot;:0},&quot;11&quot;:4,&quot;12&quot;:0,&quot;16&quot;:10}\">Hvis du har nogen sp\u00f8rgsm\u00e5l er du altid velkommen til at kontakte Helle p\u00e5:<\/span><\/p>\n<p><a href=\"mailto:helle@formandrefine.com\">helle@formandrefine.com<\/a><\/p>\n<p><a href=\"tel:+4529842978\">+ 45 29 84 29 78<\/a><\/p>\n\t\t<\/div>\n\t\t\t\t\n<style>\n#col-289228751 > .col-inner {\n  padding: 0px 0px 0px 0;\n}\n@media (min-width:850px) {\n  #col-289228751 > .col-inner {\n    padding: 0px 0px 0px 75px;\n  }\n}\n<\/style>\n\t<\/div>\n\n\t\n<\/div>\n\t\t<\/div>\n\n\t\t\n<style>\n#section_1304639418 {\n  padding-top: 100px;\n  padding-bottom: 100px;\n}\n<\/style>\n\t<\/section>\n\t\n","protected":false},"excerpt":{"rendered":"","protected":false},"author":4,"featured_media":0,"parent":4551,"menu_order":0,"comment_status":"closed","ping_status":"closed","template":"","meta":{"_acf_changed":false,"footnotes":""},"class_list":["post-4555","page","type-page","status-publish","hentry"],"acf":[],"yoast_head":"<!-- This site is optimized with the Yoast SEO plugin v25.9 - https:\/\/yoast.com\/wordpress\/plugins\/seo\/ -->\n<title>Billedbank - Form &amp; Refine<\/title>\n<meta name=\"robots\" content=\"index, follow, max-snippet:-1, max-image-preview:large, max-video-preview:-1\" \/>\n<link rel=\"canonical\" href=\"https:\/\/formandrefine.com\/da\/contact\/imagebank\/\" \/>\n<meta property=\"og:locale\" content=\"da_DK\" \/>\n<meta property=\"og:type\" content=\"article\" \/>\n<meta property=\"og:title\" content=\"Billedbank - Form &amp; Refine\" \/>\n<meta property=\"og:url\" content=\"https:\/\/formandrefine.com\/da\/contact\/imagebank\/\" \/>\n<meta property=\"og:site_name\" content=\"Form &amp; Refine\" \/>\n<meta property=\"article:modified_time\" content=\"2025-08-28T13:27:41+00:00\" \/>\n<meta name=\"twitter:card\" content=\"summary_large_image\" \/>\n<meta name=\"twitter:label1\" content=\"Estimeret l\u00e6setid\" \/>\n\t<meta name=\"twitter:data1\" content=\"1 minut\" \/>\n<script type=\"application\/ld+json\" class=\"yoast-schema-graph\">{\"@context\":\"https:\/\/schema.org\",\"@graph\":[{\"@type\":\"WebPage\",\"@id\":\"https:\/\/formandrefine.com\/da\/contact\/imagebank\/\",\"url\":\"https:\/\/formandrefine.com\/da\/contact\/imagebank\/\",\"name\":\"Billedbank - Form &amp; Refine\",\"isPartOf\":{\"@id\":\"https:\/\/formandrefine.com\/#website\"},\"datePublished\":\"2021-06-22T23:37:34+00:00\",\"dateModified\":\"2025-08-28T13:27:41+00:00\",\"breadcrumb\":{\"@id\":\"https:\/\/formandrefine.com\/da\/contact\/imagebank\/#breadcrumb\"},\"inLanguage\":\"da-DK\",\"potentialAction\":[{\"@type\":\"ReadAction\",\"target\":[\"https:\/\/formandrefine.com\/da\/contact\/imagebank\/\"]}]},{\"@type\":\"BreadcrumbList\",\"@id\":\"https:\/\/formandrefine.com\/da\/contact\/imagebank\/#breadcrumb\",\"itemListElement\":[{\"@type\":\"ListItem\",\"position\":1,\"name\":\"Home\",\"item\":\"https:\/\/formandrefine.com\/da\/\"},{\"@type\":\"ListItem\",\"position\":2,\"name\":\"Kontakt\",\"item\":\"https:\/\/formandrefine.com\/da\/contact\/\"},{\"@type\":\"ListItem\",\"position\":3,\"name\":\"Billedbank\"}]},{\"@type\":\"WebSite\",\"@id\":\"https:\/\/formandrefine.com\/#website\",\"url\":\"https:\/\/formandrefine.com\/\",\"name\":\"Form &amp; Refine\",\"description\":\"Form and Refine is a Danish design brand. We form collections of Nordic design that will refine as the years progress.\",\"potentialAction\":[{\"@type\":\"SearchAction\",\"target\":{\"@type\":\"EntryPoint\",\"urlTemplate\":\"https:\/\/formandrefine.com\/?s={search_term_string}\"},\"query-input\":{\"@type\":\"PropertyValueSpecification\",\"valueRequired\":true,\"valueName\":\"search_term_string\"}}],\"inLanguage\":\"da-DK\"}]}<\/script>\n<!-- \/ Yoast SEO plugin. -->","yoast_head_json":{"title":"Billedbank - Form &amp; Refine","robots":{"index":"index","follow":"follow","max-snippet":"max-snippet:-1","max-image-preview":"max-image-preview:large","max-video-preview":"max-video-preview:-1"},"canonical":"https:\/\/formandrefine.com\/da\/contact\/imagebank\/","og_locale":"da_DK","og_type":"article","og_title":"Billedbank - Form &amp; Refine","og_url":"https:\/\/formandrefine.com\/da\/contact\/imagebank\/","og_site_name":"Form &amp; Refine","article_modified_time":"2025-08-28T13:27:41+00:00","twitter_card":"summary_large_image","twitter_misc":{"Estimeret l\u00e6setid":"1 minut"},"schema":{"@context":"https:\/\/schema.org","@graph":[{"@type":"WebPage","@id":"https:\/\/formandrefine.com\/da\/contact\/imagebank\/","url":"https:\/\/formandrefine.com\/da\/contact\/imagebank\/","name":"Billedbank - Form &amp; Refine","isPartOf":{"@id":"https:\/\/formandrefine.com\/#website"},"datePublished":"2021-06-22T23:37:34+00:00","dateModified":"2025-08-28T13:27:41+00:00","breadcrumb":{"@id":"https:\/\/formandrefine.com\/da\/contact\/imagebank\/#breadcrumb"},"inLanguage":"da-DK","potentialAction":[{"@type":"ReadAction","target":["https:\/\/formandrefine.com\/da\/contact\/imagebank\/"]}]},{"@type":"BreadcrumbList","@id":"https:\/\/formandrefine.com\/da\/contact\/imagebank\/#breadcrumb","itemListElement":[{"@type":"ListItem","position":1,"name":"Home","item":"https:\/\/formandrefine.com\/da\/"},{"@type":"ListItem","position":2,"name":"Kontakt","item":"https:\/\/formandrefine.com\/da\/contact\/"},{"@type":"ListItem","position":3,"name":"Billedbank"}]},{"@type":"WebSite","@id":"https:\/\/formandrefine.com\/#website","url":"https:\/\/formandrefine.com\/","name":"Form &amp; Refine","description":"Form and Refine is a Danish design brand. We form collections of Nordic design that will refine as the years progress.","potentialAction":[{"@type":"SearchAction","target":{"@type":"EntryPoint","urlTemplate":"https:\/\/formandrefine.com\/?s={search_term_string}"},"query-input":{"@type":"PropertyValueSpecification","valueRequired":true,"valueName":"search_term_string"}}],"inLanguage":"da-DK"}]}},"_links":{"self":[{"href":"https:\/\/formandrefine.com\/da\/wp-json\/wp\/v2\/pages\/4555","targetHints":{"allow":["GET"]}}],"collection":[{"href":"https:\/\/formandrefine.com\/da\/wp-json\/wp\/v2\/pages"}],"about":[{"href":"https:\/\/formandrefine.com\/da\/wp-json\/wp\/v2\/types\/page"}],"author":[{"embeddable":true,"href":"https:\/\/formandrefine.com\/da\/wp-json\/wp\/v2\/users\/4"}],"replies":[{"embeddable":true,"href":"https:\/\/formandrefine.com\/da\/wp-json\/wp\/v2\/comments?post=4555"}],"version-history":[{"count":3,"href":"https:\/\/formandrefine.com\/da\/wp-json\/wp\/v2\/pages\/4555\/revisions"}],"predecessor-version":[{"id":22687,"href":"https:\/\/formandrefine.com\/da\/wp-json\/wp\/v2\/pages\/4555\/revisions\/22687"}],"up":[{"embeddable":true,"href":"https:\/\/formandrefine.com\/da\/wp-json\/wp\/v2\/pages\/4551"}],"wp:attachment":[{"href":"https:\/\/formandrefine.com\/da\/wp-json\/wp\/v2\/media?parent=4555"}],"curies":[{"name":"wp","href":"https:\/\/api.w.org\/{rel}","templated":true}]}}