{"id":4567,"date":"2021-06-23T01:50:37","date_gmt":"2021-06-22T23:50:37","guid":{"rendered":"https:\/\/formandrefine.com\/?page_id=4567"},"modified":"2025-10-01T22:00:31","modified_gmt":"2025-10-01T20:00:31","slug":"cookie-policy","status":"publish","type":"page","link":"https:\/\/formandrefine.com\/da\/cookie-policy\/","title":{"rendered":"Cookiepolitik"},"content":{"rendered":"<div class=\"row\" style=\"max-width:720px\" id=\"row-301556234\">\n\n\t<div id=\"col-661964568\" class=\"col small-12 large-12\"  >\n\t\t\t\t<div class=\"col-inner\"  >\n\t\t\t\n\t\t\t\n<h2><span data-sheets-value=\"{&quot;1&quot;:2,&quot;2&quot;:&quot;Cookiepolitik&quot;}\" data-sheets-userformat=\"{&quot;2&quot;:8961,&quot;3&quot;:{&quot;1&quot;:0},&quot;11&quot;:4,&quot;12&quot;:0,&quot;16&quot;:10}\">Cookiepolitik<\/span><\/h2>\n<p><strong><span data-sheets-value=\"{&quot;1&quot;:2,&quot;2&quot;:&quot;Cookies&quot;}\" data-sheets-userformat=\"{&quot;2&quot;:8961,&quot;3&quot;:{&quot;1&quot;:0},&quot;11&quot;:4,&quot;12&quot;:0,&quot;16&quot;:10}\"><span class=\"TextRun MacChromeBold SCXW139154651 BCX0\" lang=\"DA-DK\" xml:lang=\"DA-DK\" data-contrast=\"none\"><span class=\"NormalTextRun SCXW139154651 BCX0\">Version 05.08.2025, opdateret i forhold til <\/span><span class=\"NormalTextRun SpellingErrorV2Themed SCXW139154651 BCX0\">gdpr<\/span><span class=\"NormalTextRun SCXW139154651 BCX0\"> lovgivning<\/span><\/span><\/span><\/strong><\/p>\n<p><strong><span data-sheets-value=\"{&quot;1&quot;:2,&quot;2&quot;:&quot;Cookies&quot;}\" data-sheets-userformat=\"{&quot;2&quot;:8961,&quot;3&quot;:{&quot;1&quot;:0},&quot;11&quot;:4,&quot;12&quot;:0,&quot;16&quot;:10}\"><span class=\"EOP SCXW139154651 BCX0\" data-ccp-props=\"{&quot;134233117&quot;:true,&quot;134233118&quot;:true}\">Cookies\u00a0<\/span><\/span><\/strong><\/p>\n<p><span data-contrast=\"none\">Form &amp; Refine bruger cookies \u2013 tekstfiler, der lagres p\u00e5 din enhed for at genkende den, huske indstillinger, indsamle statistik og m\u00e5lrette markedsf\u00f8ring. Cookies er sikre og indeholder ikke virus eller skadelig kode.<\/span><span data-ccp-props=\"{&quot;134233117&quot;:true,&quot;134233118&quot;:true}\">\u00a0<\/span><\/p>\n<p><span data-contrast=\"none\">Hvis du ikke \u00f8nsker cookies, kan du slette eller deaktivere dem. Bem\u00e6rk, at dele af hjemmesiden m\u00e5ske ikke fungerer optimalt derefter.<\/span><span data-ccp-props=\"{&quot;134233117&quot;:true,&quot;134233118&quot;:true}\">\u00a0<\/span><\/p>\n<p><span data-contrast=\"none\">Ved f\u00f8rste bes\u00f8g beder vi dig om samtykke til brug af cookies via et pop-up-banner. Du kan v\u00e6lge at acceptere, afvise eller tilpasse dine cookiepr\u00e6ferencer. Du kan til enhver tid \u00e6ndre dit samtykke.<\/span><span data-ccp-props=\"{&quot;134233117&quot;:true,&quot;134233118&quot;:true}\">\u00a0<\/span><\/p>\n<p><strong><span data-sheets-value=\"{&quot;1&quot;:2,&quot;2&quot;:&quot;Cookies&quot;}\" data-sheets-userformat=\"{&quot;2&quot;:8961,&quot;3&quot;:{&quot;1&quot;:0},&quot;11&quot;:4,&quot;12&quot;:0,&quot;16&quot;:10}\"><span class=\"EOP SCXW139154651 BCX0\" data-ccp-props=\"{&quot;134233117&quot;:true,&quot;134233118&quot;:true}\">Typer af cookies vi bruger<\/span><\/span><\/strong><\/p>\n<ul>\n<li>\n<p><b><span data-contrast=\"none\">\u00a0N\u00f8dvendige cookies<\/span><\/b><span data-contrast=\"none\">\u202f\u2013 g\u00f8r hjemmesiden brugbar og funktionel<\/span><\/p>\n<\/li>\n<li>\n<p><b><span data-contrast=\"none\">Statistikcookies<\/span><\/b><span data-contrast=\"none\">\u202f\u2013 hj\u00e6lper os med at forst\u00e5, hvordan du bruger hjemmesiden<\/span><\/p>\n<\/li>\n<li>\n<p><b><span data-contrast=\"none\">Marketingcookies<\/span><\/b><span data-contrast=\"none\">\u202f\u2013 viser dig relevante annoncer<\/span><span data-ccp-props=\"{&quot;134233117&quot;:true,&quot;134233118&quot;:true}\">\u00a0<\/span><\/p>\n<\/li>\n<\/ul>\n<p><strong><span data-sheets-value=\"{&quot;1&quot;:2,&quot;2&quot;:&quot;Google Analytics&quot;}\" data-sheets-userformat=\"{&quot;2&quot;:8961,&quot;3&quot;:{&quot;1&quot;:0},&quot;11&quot;:4,&quot;12&quot;:0,&quot;16&quot;:10}\">Tredjepartscookies<\/span><\/strong><\/p>\n<p><span data-contrast=\"none\">Vi bruger cookies fra f\u00f8lgende tredjeparter:<\/span><span data-ccp-props=\"{&quot;134233117&quot;:true,&quot;134233118&quot;:true}\">\u00a0<\/span><\/p>\n<ul>\n<li><b><\/b>\n<p><b><span data-contrast=\"none\">Google Analytics<\/span><\/b><span data-contrast=\"none\">\u202f\u2013 til webstatistik<\/span><\/p>\n<\/li>\n<li>\n<p><b><span data-contrast=\"none\">Google Ads \/ Remarketing<\/span><\/b><span data-contrast=\"none\">\u202f\u2013 til interessebaseret annoncering<\/span><\/p>\n<\/li>\n<li>\n<p><b><span data-contrast=\"none\">Meta Platforms, Inc.<\/span><\/b><span data-contrast=\"none\">\u202f\u2013 til optimering og m\u00e5lretning af kampagner p\u00e5 Facebook og Instagram<\/span><span data-ccp-props=\"{&quot;134233117&quot;:true,&quot;134233118&quot;:true}\">\u00a0<\/span><\/p>\n<\/li>\n<\/ul>\n<p><span data-contrast=\"none\">Disse partnere kan kombinere dine oplysninger med andre data, du har givet dem.<\/span><span data-ccp-props=\"{&quot;134233117&quot;:true,&quot;134233118&quot;:true}\">\u00a0<\/span><\/p>\n<p><strong><span data-sheets-value=\"{&quot;1&quot;:2,&quot;2&quot;:&quot;Google Adwords\/Remarketing&quot;}\" data-sheets-userformat=\"{&quot;2&quot;:8961,&quot;3&quot;:{&quot;1&quot;:0},&quot;11&quot;:4,&quot;12&quot;:0,&quot;16&quot;:10}\">Cookielevetid<\/span><\/strong><\/p>\n<p><span class=\"TextRun SCXW14883189 BCX0\" lang=\"DA-DK\" xml:lang=\"DA-DK\" data-contrast=\"none\"><span class=\"NormalTextRun SCXW14883189 BCX0\">Nogle cookies slettes, n\u00e5r du lukker din browser (sessionscookies), mens andre gemmes i op til 180 dage<\/span><\/span><\/p>\n<p><strong><span data-sheets-value=\"{&quot;1&quot;:2,&quot;2&quot;:&quot;Kontakt&quot;}\" data-sheets-userformat=\"{&quot;2&quot;:8961,&quot;3&quot;:{&quot;1&quot;:0},&quot;11&quot;:4,&quot;12&quot;:0,&quot;16&quot;:10}\">Kontakt<\/span><\/strong><\/p>\n<p><span data-sheets-value=\"{&quot;1&quot;:2,&quot;2&quot;:&quot;Hvis du har sp\u00f8rgsm\u00e5l eller overvejelser ang\u00e5ende vores cookiepolitik, kan du kontakte os via e-mail: info@formandrefine.com&quot;}\" data-sheets-userformat=\"{&quot;2&quot;:8961,&quot;3&quot;:{&quot;1&quot;:0},&quot;11&quot;:4,&quot;12&quot;:0,&quot;16&quot;:10}\"><span class=\"TextRun SCXW170232624 BCX0\" lang=\"DA-DK\" xml:lang=\"DA-DK\" data-contrast=\"none\"><span class=\"NormalTextRun SCXW170232624 BCX0\">Sp\u00f8rgsm\u00e5l om cookies? Kontakt os via e-mail:\u202f<\/span><\/span><a class=\"Hyperlink SCXW170232624 BCX0\" href=\"mailto:info@formandrefine.com\" target=\"_blank\" rel=\"noreferrer noopener\"><span class=\"TextRun Underlined MacChromeBold SCXW170232624 BCX0\" lang=\"DA-DK\" xml:lang=\"DA-DK\" data-contrast=\"none\"><span class=\"NormalTextRun SCXW170232624 BCX0\" data-ccp-charstyle=\"Hyperlink\">info@formandrefine.com<\/span><\/span><\/a><span class=\"EOP SCXW170232624 BCX0\" data-ccp-props=\"{&quot;134233117&quot;:true,&quot;134233118&quot;:true,&quot;335572079&quot;:12,&quot;335572080&quot;:1,&quot;335572081&quot;:4278190080,&quot;469789806&quot;:&quot;single&quot;}\">\u00a0<\/span><\/span><\/p>\n\n<p><script id=\"CookieDeclaration\" src=\"https:\/\/consent.cookiebot.com\/8c321226-0bff-48a7-9024-562e55c667fe\/cd.js\" type=\"text\/javascript\" async><\/script><br \/>\n\n\t\t<\/div>\n\t\t\t\t\t<\/div>\n\n\t\n<\/div>\n","protected":false},"excerpt":{"rendered":"","protected":false},"author":4,"featured_media":0,"parent":0,"menu_order":0,"comment_status":"closed","ping_status":"closed","template":"page-full-width-title-and-navigation.php","meta":{"_acf_changed":false,"footnotes":""},"class_list":["post-4567","page","type-page","status-publish","hentry"],"acf":[],"yoast_head":"<!-- This site is optimized with the Yoast SEO plugin v25.9 - https:\/\/yoast.com\/wordpress\/plugins\/seo\/ -->\n<title>Cookiepolitik - Form &amp; Refine<\/title>\n<meta name=\"robots\" content=\"index, follow, max-snippet:-1, max-image-preview:large, max-video-preview:-1\" \/>\n<link rel=\"canonical\" href=\"https:\/\/formandrefine.com\/da\/cookie-policy\/\" \/>\n<meta property=\"og:locale\" content=\"da_DK\" \/>\n<meta property=\"og:type\" content=\"article\" \/>\n<meta property=\"og:title\" content=\"Cookiepolitik - Form &amp; Refine\" \/>\n<meta property=\"og:url\" content=\"https:\/\/formandrefine.com\/da\/cookie-policy\/\" \/>\n<meta property=\"og:site_name\" content=\"Form &amp; Refine\" \/>\n<meta property=\"article:modified_time\" content=\"2025-10-01T20:00:31+00:00\" \/>\n<meta name=\"twitter:card\" content=\"summary_large_image\" \/>\n<meta name=\"twitter:label1\" content=\"Estimeret l\u00e6setid\" \/>\n\t<meta name=\"twitter:data1\" content=\"2 minutter\" \/>\n<script type=\"application\/ld+json\" class=\"yoast-schema-graph\">{\"@context\":\"https:\/\/schema.org\",\"@graph\":[{\"@type\":\"WebPage\",\"@id\":\"https:\/\/formandrefine.com\/da\/cookie-policy\/\",\"url\":\"https:\/\/formandrefine.com\/da\/cookie-policy\/\",\"name\":\"Cookiepolitik - Form &amp; Refine\",\"isPartOf\":{\"@id\":\"https:\/\/formandrefine.com\/#website\"},\"datePublished\":\"2021-06-22T23:50:37+00:00\",\"dateModified\":\"2025-10-01T20:00:31+00:00\",\"breadcrumb\":{\"@id\":\"https:\/\/formandrefine.com\/da\/cookie-policy\/#breadcrumb\"},\"inLanguage\":\"da-DK\",\"potentialAction\":[{\"@type\":\"ReadAction\",\"target\":[\"https:\/\/formandrefine.com\/da\/cookie-policy\/\"]}]},{\"@type\":\"BreadcrumbList\",\"@id\":\"https:\/\/formandrefine.com\/da\/cookie-policy\/#breadcrumb\",\"itemListElement\":[{\"@type\":\"ListItem\",\"position\":1,\"name\":\"Home\",\"item\":\"https:\/\/formandrefine.com\/da\/\"},{\"@type\":\"ListItem\",\"position\":2,\"name\":\"Cookiepolitik\"}]},{\"@type\":\"WebSite\",\"@id\":\"https:\/\/formandrefine.com\/#website\",\"url\":\"https:\/\/formandrefine.com\/\",\"name\":\"Form &amp; Refine\",\"description\":\"Form and Refine is a Danish design brand. We form collections of Nordic design that will refine as the years progress.\",\"potentialAction\":[{\"@type\":\"SearchAction\",\"target\":{\"@type\":\"EntryPoint\",\"urlTemplate\":\"https:\/\/formandrefine.com\/?s={search_term_string}\"},\"query-input\":{\"@type\":\"PropertyValueSpecification\",\"valueRequired\":true,\"valueName\":\"search_term_string\"}}],\"inLanguage\":\"da-DK\"}]}<\/script>\n<!-- \/ Yoast SEO plugin. -->","yoast_head_json":{"title":"Cookiepolitik - Form &amp; Refine","robots":{"index":"index","follow":"follow","max-snippet":"max-snippet:-1","max-image-preview":"max-image-preview:large","max-video-preview":"max-video-preview:-1"},"canonical":"https:\/\/formandrefine.com\/da\/cookie-policy\/","og_locale":"da_DK","og_type":"article","og_title":"Cookiepolitik - Form &amp; Refine","og_url":"https:\/\/formandrefine.com\/da\/cookie-policy\/","og_site_name":"Form &amp; Refine","article_modified_time":"2025-10-01T20:00:31+00:00","twitter_card":"summary_large_image","twitter_misc":{"Estimeret l\u00e6setid":"2 minutter"},"schema":{"@context":"https:\/\/schema.org","@graph":[{"@type":"WebPage","@id":"https:\/\/formandrefine.com\/da\/cookie-policy\/","url":"https:\/\/formandrefine.com\/da\/cookie-policy\/","name":"Cookiepolitik - Form &amp; Refine","isPartOf":{"@id":"https:\/\/formandrefine.com\/#website"},"datePublished":"2021-06-22T23:50:37+00:00","dateModified":"2025-10-01T20:00:31+00:00","breadcrumb":{"@id":"https:\/\/formandrefine.com\/da\/cookie-policy\/#breadcrumb"},"inLanguage":"da-DK","potentialAction":[{"@type":"ReadAction","target":["https:\/\/formandrefine.com\/da\/cookie-policy\/"]}]},{"@type":"BreadcrumbList","@id":"https:\/\/formandrefine.com\/da\/cookie-policy\/#breadcrumb","itemListElement":[{"@type":"ListItem","position":1,"name":"Home","item":"https:\/\/formandrefine.com\/da\/"},{"@type":"ListItem","position":2,"name":"Cookiepolitik"}]},{"@type":"WebSite","@id":"https:\/\/formandrefine.com\/#website","url":"https:\/\/formandrefine.com\/","name":"Form &amp; Refine","description":"Form and Refine is a Danish design brand. We form collections of Nordic design that will refine as the years progress.","potentialAction":[{"@type":"SearchAction","target":{"@type":"EntryPoint","urlTemplate":"https:\/\/formandrefine.com\/?s={search_term_string}"},"query-input":{"@type":"PropertyValueSpecification","valueRequired":true,"valueName":"search_term_string"}}],"inLanguage":"da-DK"}]}},"_links":{"self":[{"href":"https:\/\/formandrefine.com\/da\/wp-json\/wp\/v2\/pages\/4567","targetHints":{"allow":["GET"]}}],"collection":[{"href":"https:\/\/formandrefine.com\/da\/wp-json\/wp\/v2\/pages"}],"about":[{"href":"https:\/\/formandrefine.com\/da\/wp-json\/wp\/v2\/types\/page"}],"author":[{"embeddable":true,"href":"https:\/\/formandrefine.com\/da\/wp-json\/wp\/v2\/users\/4"}],"replies":[{"embeddable":true,"href":"https:\/\/formandrefine.com\/da\/wp-json\/wp\/v2\/comments?post=4567"}],"version-history":[{"count":15,"href":"https:\/\/formandrefine.com\/da\/wp-json\/wp\/v2\/pages\/4567\/revisions"}],"predecessor-version":[{"id":23142,"href":"https:\/\/formandrefine.com\/da\/wp-json\/wp\/v2\/pages\/4567\/revisions\/23142"}],"wp:attachment":[{"href":"https:\/\/formandrefine.com\/da\/wp-json\/wp\/v2\/media?parent=4567"}],"curies":[{"name":"wp","href":"https:\/\/api.w.org\/{rel}","templated":true}]}}