{"id":4582,"date":"2021-06-23T02:22:34","date_gmt":"2021-06-23T00:22:34","guid":{"rendered":"https:\/\/formandrefine.com\/?page_id=4582"},"modified":"2025-10-02T11:52:50","modified_gmt":"2025-10-02T09:52:50","slug":"privacy-policy","status":"publish","type":"page","link":"https:\/\/formandrefine.com\/da\/privacy-policy\/","title":{"rendered":"Privatlivspolitik"},"content":{"rendered":"<div class=\"row\" style=\"max-width:720px\" id=\"row-1392227088\">\n\n\t<div id=\"col-2137367125\" class=\"col small-12 large-12\"  >\n\t\t\t\t<div class=\"col-inner\"  >\n\t\t\t\n\t\t\t\n<h2><span data-sheets-value=\"{&quot;1&quot;:2,&quot;2&quot;:&quot;Privatlivspolitik&quot;}\" data-sheets-userformat=\"{&quot;2&quot;:8961,&quot;3&quot;:{&quot;1&quot;:0},&quot;11&quot;:4,&quot;12&quot;:0,&quot;16&quot;:10}\">Privatlivspolitik<\/span><\/h2>\n<p><strong><span class=\"TextRun SCXW110613861 BCX0\" lang=\"DA-DK\" xml:lang=\"DA-DK\" data-contrast=\"auto\"><span class=\"NormalTextRun SCXW110613861 BCX0\">Version 05.08.2025, opdateret i forhold til <\/span><span class=\"NormalTextRun ContextualSpellingAndGrammarErrorV2Themed SCXW110613861 BCX0\">GDPR lovgivning<\/span><\/span><span class=\"EOP SCXW110613861 BCX0\" data-ccp-props=\"{}\">\u00a0<\/span><\/strong><\/p>\n<p><strong><span data-sheets-value=\"{&quot;1&quot;:2,&quot;2&quot;:&quot;Generelt&quot;}\" data-sheets-userformat=\"{&quot;2&quot;:15105,&quot;3&quot;:{&quot;1&quot;:0},&quot;11&quot;:4,&quot;12&quot;:0,&quot;14&quot;:&#091;null,2,0&#093;,&quot;15&quot;:&quot;Arial&quot;,&quot;16&quot;:10}\">Generelt<br \/><\/span><\/strong><span data-contrast=\"none\">Form &amp; Refine p\u00e5sk\u00f8nner og prioriterer databeskyttelse og fortrolighed. Vores privatlivspolitik indeholder klare retningslinjer for, hvordan vi behandler dine persondata og en detaljeret redeg\u00f8relse for, hvordan de indsamlede data bruges.<\/span><span data-ccp-props=\"{&quot;134233117&quot;:true,&quot;134233118&quot;:true}\">\u00a0<\/span><\/p>\n<p><span data-contrast=\"none\">Personoplysninger omfatter enhver form for information, der kan henf\u00f8res til dig. N\u00e5r du bes\u00f8ger vores hjemmeside, indsamler og behandler vi oplysninger \u2013 f.eks. n\u00e5r du browser, tilmelder dig nyhedsbrevet, deltager i konkurrencer eller foretager k\u00f8b.<\/span><span data-ccp-props=\"{&quot;134233117&quot;:true,&quot;134233118&quot;:true}\">\u00a0<\/span><\/p>\n<p><strong>Vi indsamler typisk f\u00f8lgende oplysninger:\u00a0<\/strong><\/p>\n<ul>\n<li>\n<p><span data-contrast=\"none\">Et unikt ID og tekniske oplysninger om din enhed<\/span><span data-ccp-props=\"{&quot;134233117&quot;:true,&quot;134233118&quot;:true}\">\u00a0<br \/><\/span><\/p>\n<\/li>\n<li>\n<p><span data-contrast=\"none\">IP-adresse og geografisk placering<\/span><span data-ccp-props=\"{&quot;134233117&quot;:true,&quot;134233118&quot;:true}\">\u00a0<\/span><\/p>\n<\/li>\n<li>\n<p><span data-contrast=\"none\">Hvilke sider du klikker p\u00e5<\/span><span data-ccp-props=\"{&quot;134233117&quot;:true,&quot;134233118&quot;:true}\">\u00a0<\/span><\/p>\n<\/li>\n<li>\n<p><span data-contrast=\"none\">Brugeradf\u00e6rd p\u00e5 siden via <a href=\"https:\/\/formandrefine.com\/da\/cookie-policy\/\">cookies<\/a><\/span><span data-ccp-props=\"{&quot;134233117&quot;:true,&quot;134233118&quot;:true}\">\u00a0<\/span><\/p>\n<\/li>\n<\/ul>\n<p><strong><span class=\"TextRun SCXW96630089 BCX0\" lang=\"DA-DK\" xml:lang=\"DA-DK\" data-contrast=\"none\"><span class=\"NormalTextRun SCXW96630089 BCX0\">Ved aktiv indtastning, fx ved k\u00f8b eller tilmelding til nyhedsbrev, indsamler vi:<\/span><\/span><span class=\"EOP SCXW96630089 BCX0\" data-ccp-props=\"{&quot;134233117&quot;:true,&quot;134233118&quot;:true}\">\u00a0<\/span><\/strong><\/p>\n<ul>\n<li>\n<p><span class=\"TextRun SCXW94476313 BCX0\" lang=\"DA-DK\" xml:lang=\"DA-DK\" data-contrast=\"none\"><span class=\"NormalTextRun SCXW94476313 BCX0\">Navn, adresse, telefonnummer, e-mail og betalingsoplysninger<\/span><\/span><span class=\"EOP SCXW94476313 BCX0\" data-ccp-props=\"{&quot;134233117&quot;:true,&quot;134233118&quot;:true}\">\u00a0<\/span><\/p>\n<\/li>\n<\/ul>\n<p><strong><span data-sheets-value=\"{&quot;1&quot;:2,&quot;2&quot;:&quot;Sikkerhed&quot;}\" data-sheets-userformat=\"{&quot;2&quot;:8961,&quot;3&quot;:{&quot;1&quot;:0},&quot;11&quot;:4,&quot;12&quot;:0,&quot;16&quot;:10}\">Sikkerhed<\/span><\/strong><\/p>\n<p><span data-sheets-value=\"{&quot;1&quot;:2,&quot;2&quot;:&quot;Vi har indf\u00f8rt tekniske og organisatoriske foranstaltninger for at sikre, at dine data ikke ved et uheld slettes, offentligg\u00f8res, mistes, kompromitteres, videregives uden tilladelse, misbruges eller p\u00e5 anden m\u00e5de h\u00e5ndteres ulovligt.&quot;}\" data-sheets-userformat=\"{&quot;2&quot;:15105,&quot;3&quot;:{&quot;1&quot;:0},&quot;11&quot;:4,&quot;12&quot;:0,&quot;14&quot;:&#091;null,2,0&#093;,&quot;15&quot;:&quot;Arial&quot;,&quot;16&quot;:10}\"><span class=\"TextRun SCXW290214 BCX0\" lang=\"DA-DK\" xml:lang=\"DA-DK\" data-contrast=\"none\"><span class=\"NormalTextRun SCXW290214 BCX0\">Vi har indf\u00f8rt tekniske og organisatoriske foranstaltninger, som beskytter dine oplysninger mod utilsigtet sletning, offentligg\u00f8relse, tab, misbrug eller ulovlig adgang.<\/span><\/span><span class=\"EOP SCXW290214 BCX0\" data-ccp-props=\"{&quot;134233117&quot;:true,&quot;134233118&quot;:true}\">\u00a0<\/span><\/span><\/p>\n<p><strong><span data-sheets-value=\"{&quot;1&quot;:2,&quot;2&quot;:&quot;Form\u00e5l&quot;}\" data-sheets-userformat=\"{&quot;2&quot;:8961,&quot;3&quot;:{&quot;1&quot;:0},&quot;11&quot;:4,&quot;12&quot;:0,&quot;16&quot;:10}\">Form\u00e5l<\/span><\/strong><\/p>\n<p>Dine oplysninger bruges til at:\u00a0<\/p>\n<ul>\n<li aria-setsize=\"-1\" data-leveltext=\"\uf0b7\" data-font=\"Symbol\" data-listid=\"11\" data-list-defn-props=\"{&quot;335552541&quot;:1,&quot;335559685&quot;:720,&quot;335559991&quot;:360,&quot;469769226&quot;:&quot;Symbol&quot;,&quot;469769242&quot;:&#091;8226&#093;,&quot;469777803&quot;:&quot;left&quot;,&quot;469777804&quot;:&quot;\uf0b7&quot;,&quot;469777815&quot;:&quot;multilevel&quot;}\" data-aria-posinset=\"1\" data-aria-level=\"1\">\n<p><span data-contrast=\"none\">Identificere dig som bruger<\/span><span data-ccp-props=\"{&quot;134233117&quot;:true,&quot;134233118&quot;:true}\">\u00a0<\/span><\/p>\n<\/li>\n<li aria-setsize=\"-1\" data-leveltext=\"\uf0b7\" data-font=\"Symbol\" data-listid=\"11\" data-list-defn-props=\"{&quot;335552541&quot;:1,&quot;335559685&quot;:720,&quot;335559991&quot;:360,&quot;469769226&quot;:&quot;Symbol&quot;,&quot;469769242&quot;:&#091;8226&#093;,&quot;469777803&quot;:&quot;left&quot;,&quot;469777804&quot;:&quot;\uf0b7&quot;,&quot;469777815&quot;:&quot;multilevel&quot;}\" data-aria-posinset=\"1\" data-aria-level=\"1\">\n<p><span data-contrast=\"none\">Vise relevant indhold og annoncer<\/span><span data-ccp-props=\"{&quot;134233117&quot;:true,&quot;134233118&quot;:true}\">\u00a0<\/span><\/p>\n<\/li>\n<li aria-setsize=\"-1\" data-leveltext=\"\uf0b7\" data-font=\"Symbol\" data-listid=\"11\" data-list-defn-props=\"{&quot;335552541&quot;:1,&quot;335559685&quot;:720,&quot;335559991&quot;:360,&quot;469769226&quot;:&quot;Symbol&quot;,&quot;469769242&quot;:&#091;8226&#093;,&quot;469777803&quot;:&quot;left&quot;,&quot;469777804&quot;:&quot;\uf0b7&quot;,&quot;469777815&quot;:&quot;multilevel&quot;}\" data-aria-posinset=\"2\" data-aria-level=\"1\">\n<p><span data-contrast=\"none\">Registrere k\u00f8b og betalinger<\/span><span data-ccp-props=\"{&quot;134233117&quot;:true,&quot;134233118&quot;:true}\">\u00a0<\/span><\/p>\n<\/li>\n<li aria-setsize=\"-1\" data-leveltext=\"\uf0b7\" data-font=\"Symbol\" data-listid=\"11\" data-list-defn-props=\"{&quot;335552541&quot;:1,&quot;335559685&quot;:720,&quot;335559991&quot;:360,&quot;469769226&quot;:&quot;Symbol&quot;,&quot;469769242&quot;:&#091;8226&#093;,&quot;469777803&quot;:&quot;left&quot;,&quot;469777804&quot;:&quot;\uf0b7&quot;,&quot;469777815&quot;:&quot;multilevel&quot;}\" data-aria-posinset=\"2\" data-aria-level=\"1\">\n<p><span data-contrast=\"none\">Sende nyhedsbreve (hvis du har givet samtykke)<\/span><\/p>\n<\/li>\n<li aria-setsize=\"-1\" data-leveltext=\"\uf0b7\" data-font=\"Symbol\" data-listid=\"11\" data-list-defn-props=\"{&quot;335552541&quot;:1,&quot;335559685&quot;:720,&quot;335559991&quot;:360,&quot;469769226&quot;:&quot;Symbol&quot;,&quot;469769242&quot;:&#091;8226&#093;,&quot;469777803&quot;:&quot;left&quot;,&quot;469777804&quot;:&quot;\uf0b7&quot;,&quot;469777815&quot;:&quot;multilevel&quot;}\" data-aria-posinset=\"2\" data-aria-level=\"1\">\n<p><span data-contrast=\"none\">Forbedre vores hjemmeside og tjenester<\/span><span data-ccp-props=\"{&quot;134233117&quot;:true,&quot;134233118&quot;:true}\">\u00a0<\/span><\/p>\n<\/li>\n<\/ul>\n<p><strong><span data-sheets-value=\"{&quot;1&quot;:2,&quot;2&quot;:&quot;Lagringsperiode&quot;}\" data-sheets-userformat=\"{&quot;2&quot;:8961,&quot;3&quot;:{&quot;1&quot;:0},&quot;11&quot;:4,&quot;12&quot;:0,&quot;16&quot;:10}\">Lagringsperiode<\/span><\/strong><\/p>\n<p><span data-contrast=\"none\">Vi opbevarer dine oplysninger i den periode, det er tilladt og n\u00f8dvendigt if\u00f8lge g\u00e6ldende lovgivning.<\/span><span data-ccp-props=\"{&quot;134233117&quot;:true,&quot;134233118&quot;:true}\">\u00a0<br \/><\/span><span data-contrast=\"none\">Oplysninger i forbindelse med k\u00f8b opbevares i 5 \u00e5r i henhold til bogf\u00f8ringsloven.<\/span><span data-ccp-props=\"{&quot;134233117&quot;:true,&quot;134233118&quot;:true}\">\u00a0<\/span><\/p>\n<p><strong><span data-sheets-value=\"{&quot;1&quot;:2,&quot;2&quot;:&quot;Videregivelse af persondata&quot;}\" data-sheets-userformat=\"{&quot;2&quot;:8961,&quot;3&quot;:{&quot;1&quot;:0},&quot;11&quot;:4,&quot;12&quot;:0,&quot;16&quot;:10}\">Videregivelse af persondata<\/span><\/strong><\/p>\n<p><span data-contrast=\"none\">Vi s\u00e6lger eller offentligg\u00f8r ikke dine persondata. Dine oplysninger videregives kun i f\u00f8lgende tilf\u00e6lde:<\/span><span data-ccp-props=\"{&quot;134233117&quot;:true,&quot;134233118&quot;:true}\">\u00a0<\/span><\/p>\n<ul>\n<li aria-setsize=\"-1\" data-leveltext=\"\uf0b7\" data-font=\"Symbol\" data-listid=\"12\" data-list-defn-props=\"{&quot;335552541&quot;:1,&quot;335559685&quot;:720,&quot;335559991&quot;:360,&quot;469769226&quot;:&quot;Symbol&quot;,&quot;469769242&quot;:&#091;8226&#093;,&quot;469777803&quot;:&quot;left&quot;,&quot;469777804&quot;:&quot;\uf0b7&quot;,&quot;469777815&quot;:&quot;multilevel&quot;}\" data-aria-posinset=\"1\" data-aria-level=\"1\">\n<p><span data-contrast=\"none\">Det er n\u00f8dvendigt for at levere produkter eller tjenester<\/span><\/p>\n<\/li>\n<li aria-setsize=\"-1\" data-leveltext=\"\uf0b7\" data-font=\"Symbol\" data-listid=\"12\" data-list-defn-props=\"{&quot;335552541&quot;:1,&quot;335559685&quot;:720,&quot;335559991&quot;:360,&quot;469769226&quot;:&quot;Symbol&quot;,&quot;469769242&quot;:&#091;8226&#093;,&quot;469777803&quot;:&quot;left&quot;,&quot;469777804&quot;:&quot;\uf0b7&quot;,&quot;469777815&quot;:&quot;multilevel&quot;}\" data-aria-posinset=\"1\" data-aria-level=\"1\">\n<p><span data-contrast=\"none\">Det er p\u00e5kr\u00e6vet ved lov<\/span><span data-ccp-props=\"{&quot;134233117&quot;:true,&quot;134233118&quot;:true}\"><br \/><\/span><\/p>\n<\/li>\n<li aria-setsize=\"-1\" data-leveltext=\"\uf0b7\" data-font=\"Symbol\" data-listid=\"12\" data-list-defn-props=\"{&quot;335552541&quot;:1,&quot;335559685&quot;:720,&quot;335559991&quot;:360,&quot;469769226&quot;:&quot;Symbol&quot;,&quot;469769242&quot;:&#091;8226&#093;,&quot;469777803&quot;:&quot;left&quot;,&quot;469777804&quot;:&quot;\uf0b7&quot;,&quot;469777815&quot;:&quot;multilevel&quot;}\" data-aria-posinset=\"1\" data-aria-level=\"1\">\n<p><span data-contrast=\"none\">Du har givet samtykke<\/span><span data-ccp-props=\"{&quot;134233117&quot;:true,&quot;134233118&quot;:true}\">\u00a0<\/span><\/p>\n<\/li>\n<li aria-setsize=\"-1\" data-leveltext=\"\uf0b7\" data-font=\"Symbol\" data-listid=\"12\" data-list-defn-props=\"{&quot;335552541&quot;:1,&quot;335559685&quot;:720,&quot;335559991&quot;:360,&quot;469769226&quot;:&quot;Symbol&quot;,&quot;469769242&quot;:&#091;8226&#093;,&quot;469777803&quot;:&quot;left&quot;,&quot;469777804&quot;:&quot;\uf0b7&quot;,&quot;469777815&quot;:&quot;multilevel&quot;}\" data-aria-posinset=\"1\" data-aria-level=\"1\">\n<p><span data-contrast=\"none\">Vi anvender betroede data behandlere, b\u00e5de i og uden for EU<\/span><span data-ccp-props=\"{&quot;134233117&quot;:true,&quot;134233118&quot;:true}\">\u00a0<\/span><\/p>\n<\/li>\n<\/ul>\n<p><span data-contrast=\"none\">Hvis persondata overf\u00f8res til tredjelande, sker det kun med tilstr\u00e6kkelige garantier og databehandleraftaler.<\/span><span data-ccp-props=\"{&quot;134233117&quot;:true,&quot;134233118&quot;:true}\">\u00a0<\/span><\/p>\n<p><strong><span data-sheets-value=\"{&quot;1&quot;:2,&quot;2&quot;:&quot;Gennemsigtighed og klager&quot;}\" data-sheets-userformat=\"{&quot;2&quot;:15105,&quot;3&quot;:{&quot;1&quot;:0},&quot;11&quot;:4,&quot;12&quot;:0,&quot;14&quot;:&#091;null,2,0&#093;,&quot;15&quot;:&quot;Arial&quot;,&quot;16&quot;:10}\">Dine rettigheder<\/span><\/strong><\/p>\n<p><span data-contrast=\"none\">Du har til enhver tid ret til at:<\/span><span data-ccp-props=\"{&quot;134233117&quot;:true,&quot;134233118&quot;:true}\">\u00a0<\/span><\/p>\n<ul>\n<li aria-setsize=\"-1\" data-leveltext=\"\uf0b7\" data-font=\"Symbol\" data-listid=\"13\" data-list-defn-props=\"{&quot;335552541&quot;:1,&quot;335559685&quot;:720,&quot;335559991&quot;:360,&quot;469769226&quot;:&quot;Symbol&quot;,&quot;469769242&quot;:&#091;8226&#093;,&quot;469777803&quot;:&quot;left&quot;,&quot;469777804&quot;:&quot;\uf0b7&quot;,&quot;469777815&quot;:&quot;multilevel&quot;}\" data-aria-posinset=\"1\" data-aria-level=\"1\">\n<p><span data-contrast=\"none\">F\u00e5 indsigt i dine data<\/span><\/p>\n<\/li>\n<li aria-setsize=\"-1\" data-leveltext=\"\uf0b7\" data-font=\"Symbol\" data-listid=\"13\" data-list-defn-props=\"{&quot;335552541&quot;:1,&quot;335559685&quot;:720,&quot;335559991&quot;:360,&quot;469769226&quot;:&quot;Symbol&quot;,&quot;469769242&quot;:&#091;8226&#093;,&quot;469777803&quot;:&quot;left&quot;,&quot;469777804&quot;:&quot;\uf0b7&quot;,&quot;469777815&quot;:&quot;multilevel&quot;}\" data-aria-posinset=\"1\" data-aria-level=\"1\">\n<p><span data-contrast=\"none\">F\u00e5 rettet eller slettet dine oplysninger<\/span><span data-ccp-props=\"{&quot;134233117&quot;:true,&quot;134233118&quot;:true}\">\u00a0<\/span><\/p>\n<\/li>\n<li aria-setsize=\"-1\" data-leveltext=\"\uf0b7\" data-font=\"Symbol\" data-listid=\"13\" data-list-defn-props=\"{&quot;335552541&quot;:1,&quot;335559685&quot;:720,&quot;335559991&quot;:360,&quot;469769226&quot;:&quot;Symbol&quot;,&quot;469769242&quot;:&#091;8226&#093;,&quot;469777803&quot;:&quot;left&quot;,&quot;469777804&quot;:&quot;\uf0b7&quot;,&quot;469777815&quot;:&quot;multilevel&quot;}\" data-aria-posinset=\"1\" data-aria-level=\"1\">\n<p><span data-contrast=\"none\">Tr\u00e6kke et samtykke tilbage<\/span><span data-ccp-props=\"{&quot;134233117&quot;:true,&quot;134233118&quot;:true}\">\u00a0<\/span><\/p>\n<\/li>\n<li aria-setsize=\"-1\" data-leveltext=\"\uf0b7\" data-font=\"Symbol\" data-listid=\"13\" data-list-defn-props=\"{&quot;335552541&quot;:1,&quot;335559685&quot;:720,&quot;335559991&quot;:360,&quot;469769226&quot;:&quot;Symbol&quot;,&quot;469769242&quot;:&#091;8226&#093;,&quot;469777803&quot;:&quot;left&quot;,&quot;469777804&quot;:&quot;\uf0b7&quot;,&quot;469777815&quot;:&quot;multilevel&quot;}\" data-aria-posinset=\"1\" data-aria-level=\"1\">\n<p><span data-contrast=\"none\">G\u00f8re indsigelse mod behandling<\/span><span data-ccp-props=\"{&quot;134233117&quot;:true,&quot;134233118&quot;:true}\">\u00a0<\/span><\/p>\n<\/li>\n<li aria-setsize=\"-1\" data-leveltext=\"\uf0b7\" data-font=\"Symbol\" data-listid=\"13\" data-list-defn-props=\"{&quot;335552541&quot;:1,&quot;335559685&quot;:720,&quot;335559991&quot;:360,&quot;469769226&quot;:&quot;Symbol&quot;,&quot;469769242&quot;:&#091;8226&#093;,&quot;469777803&quot;:&quot;left&quot;,&quot;469777804&quot;:&quot;\uf0b7&quot;,&quot;469777815&quot;:&quot;multilevel&quot;}\" data-aria-posinset=\"1\" data-aria-level=\"1\">\n<p><span data-contrast=\"none\">Klage til Datatilsynet:\u202fwww.datatilsynet.dk<\/span><span data-ccp-props=\"{&quot;134233117&quot;:true,&quot;134233118&quot;:true}\">\u00a0<\/span><\/p>\n<\/li>\n<\/ul>\n<p><span data-contrast=\"none\">Kontakt os p\u00e5\u202f<\/span><a href=\"mailto:info@formandrefine.com\"><span data-contrast=\"none\">info@formandrefine.com<\/span><\/a> <span data-contrast=\"none\">(link)\u202f<\/span><span data-contrast=\"none\">for at ud\u00f8ve dine rettigheder.<\/span><span data-ccp-props=\"{&quot;134233117&quot;:true,&quot;134233118&quot;:true}\">\u00a0<\/span><\/p>\n<p><b><span data-contrast=\"none\">Cookies<\/span><\/b><span data-ccp-props=\"{&quot;134233117&quot;:true,&quot;134233118&quot;:true}\">\u00a0<br \/><\/span><\/p>\n<p><span data-contrast=\"none\">Vi anvender cookies til funktionalitet, statistik og markedsf\u00f8ring. Du kan l\u00e6se mere i vores\u202f<a href=\"https:\/\/formandrefine.com\/da\/cookie-policy\/\">cookiepolitik.<\/a><\/span><\/p>\n<p><strong>Kontakt<\/strong><\/p>\n<p><span class=\"TextRun SCXW93134605 BCX0\" data-contrast=\"auto\"><span class=\"NormalTextRun SCXW93134605 BCX0\">Form &amp; Refine<\/span><\/span><span class=\"LineBreakBlob BlobObject DragDrop SCXW93134605 BCX0\"><span class=\"SCXW93134605 BCX0\">\u00a0<\/span><br class=\"SCXW93134605 BCX0\" \/><\/span><span class=\"TextRun SCXW93134605 BCX0\" data-contrast=\"auto\"><span class=\"NormalTextRun SCXW93134605 BCX0\">Industrivej 14<\/span><\/span><span class=\"LineBreakBlob BlobObject DragDrop SCXW93134605 BCX0\"><span class=\"SCXW93134605 BCX0\">\u00a0<\/span><br class=\"SCXW93134605 BCX0\" \/><\/span><span class=\"TextRun SCXW93134605 BCX0\" data-contrast=\"auto\"><span class=\"NormalTextRun SCXW93134605 BCX0\">8680 Ry<\/span><\/span><span class=\"LineBreakBlob BlobObject DragDrop SCXW93134605 BCX0\"><span class=\"SCXW93134605 BCX0\">\u00a0<\/span><br class=\"SCXW93134605 BCX0\" \/><\/span><span class=\"TextRun SCXW93134605 BCX0\" data-contrast=\"auto\"><span class=\"NormalTextRun SCXW93134605 BCX0\">D\u00e4nemark<\/span><\/span><span class=\"LineBreakBlob BlobObject DragDrop SCXW93134605 BCX0\"><span class=\"SCXW93134605 BCX0\">\u00a0<\/span><br class=\"SCXW93134605 BCX0\" \/><\/span><span class=\"TextRun SCXW93134605 BCX0\" data-contrast=\"auto\"><span class=\"NormalTextRun SCXW93134605 BCX0\">Tel. +45 30 96 54 07<\/span><\/span><span class=\"LineBreakBlob BlobObject DragDrop SCXW93134605 BCX0\"><span class=\"SCXW93134605 BCX0\">\u00a0<\/span><br class=\"SCXW93134605 BCX0\" \/><\/span><span class=\"TextRun SCXW93134605 BCX0\" data-contrast=\"auto\"><span class=\"NormalTextRun SCXW93134605 BCX0\">info@formandrefine.com<\/span><\/span><span class=\"EOP SCXW93134605 BCX0\" data-ccp-props=\"{&quot;134233117&quot;:true,&quot;134233118&quot;:true,&quot;201341983&quot;:0,&quot;335559740&quot;:240}\">\u00a0<\/span><\/p>\n\t\t<\/div>\n\t\t\t\t\t<\/div>\n\n\t\n<\/div>\n","protected":false},"excerpt":{"rendered":"","protected":false},"author":4,"featured_media":0,"parent":0,"menu_order":0,"comment_status":"closed","ping_status":"closed","template":"page-full-width-title-and-navigation.php","meta":{"_acf_changed":false,"footnotes":""},"class_list":["post-4582","page","type-page","status-publish","hentry"],"acf":[],"yoast_head":"<!-- This site is optimized with the Yoast SEO plugin v25.9 - https:\/\/yoast.com\/wordpress\/plugins\/seo\/ -->\n<title>Privatlivspolitik - Form &amp; Refine<\/title>\n<meta name=\"robots\" content=\"index, follow, max-snippet:-1, max-image-preview:large, max-video-preview:-1\" \/>\n<link rel=\"canonical\" href=\"https:\/\/formandrefine.com\/de\/privacy-policy\/\" \/>\n<meta property=\"og:locale\" content=\"da_DK\" \/>\n<meta property=\"og:type\" content=\"article\" \/>\n<meta property=\"og:title\" content=\"Privatlivspolitik - Form &amp; Refine\" \/>\n<meta property=\"og:url\" content=\"https:\/\/formandrefine.com\/de\/privacy-policy\/\" \/>\n<meta property=\"og:site_name\" content=\"Form &amp; Refine\" \/>\n<meta property=\"article:modified_time\" content=\"2025-10-02T09:52:50+00:00\" \/>\n<meta name=\"twitter:card\" content=\"summary_large_image\" \/>\n<meta name=\"twitter:label1\" content=\"Estimeret l\u00e6setid\" \/>\n\t<meta name=\"twitter:data1\" content=\"3 minutter\" \/>\n<script type=\"application\/ld+json\" class=\"yoast-schema-graph\">{\"@context\":\"https:\/\/schema.org\",\"@graph\":[{\"@type\":\"WebPage\",\"@id\":\"https:\/\/formandrefine.com\/de\/privacy-policy\/\",\"url\":\"https:\/\/formandrefine.com\/de\/privacy-policy\/\",\"name\":\"Privatlivspolitik - Form &amp; Refine\",\"isPartOf\":{\"@id\":\"https:\/\/formandrefine.com\/#website\"},\"datePublished\":\"2021-06-23T00:22:34+00:00\",\"dateModified\":\"2025-10-02T09:52:50+00:00\",\"breadcrumb\":{\"@id\":\"https:\/\/formandrefine.com\/de\/privacy-policy\/#breadcrumb\"},\"inLanguage\":\"da-DK\",\"potentialAction\":[{\"@type\":\"ReadAction\",\"target\":[\"https:\/\/formandrefine.com\/de\/privacy-policy\/\"]}]},{\"@type\":\"BreadcrumbList\",\"@id\":\"https:\/\/formandrefine.com\/de\/privacy-policy\/#breadcrumb\",\"itemListElement\":[{\"@type\":\"ListItem\",\"position\":1,\"name\":\"Home\",\"item\":\"https:\/\/formandrefine.com\/da\/\"},{\"@type\":\"ListItem\",\"position\":2,\"name\":\"Privatlivspolitik\"}]},{\"@type\":\"WebSite\",\"@id\":\"https:\/\/formandrefine.com\/#website\",\"url\":\"https:\/\/formandrefine.com\/\",\"name\":\"Form &amp; Refine\",\"description\":\"Form and Refine is a Danish design brand. We form collections of Nordic design that will refine as the years progress.\",\"potentialAction\":[{\"@type\":\"SearchAction\",\"target\":{\"@type\":\"EntryPoint\",\"urlTemplate\":\"https:\/\/formandrefine.com\/?s={search_term_string}\"},\"query-input\":{\"@type\":\"PropertyValueSpecification\",\"valueRequired\":true,\"valueName\":\"search_term_string\"}}],\"inLanguage\":\"da-DK\"}]}<\/script>\n<!-- \/ Yoast SEO plugin. -->","yoast_head_json":{"title":"Privatlivspolitik - Form &amp; Refine","robots":{"index":"index","follow":"follow","max-snippet":"max-snippet:-1","max-image-preview":"max-image-preview:large","max-video-preview":"max-video-preview:-1"},"canonical":"https:\/\/formandrefine.com\/de\/privacy-policy\/","og_locale":"da_DK","og_type":"article","og_title":"Privatlivspolitik - Form &amp; Refine","og_url":"https:\/\/formandrefine.com\/de\/privacy-policy\/","og_site_name":"Form &amp; Refine","article_modified_time":"2025-10-02T09:52:50+00:00","twitter_card":"summary_large_image","twitter_misc":{"Estimeret l\u00e6setid":"3 minutter"},"schema":{"@context":"https:\/\/schema.org","@graph":[{"@type":"WebPage","@id":"https:\/\/formandrefine.com\/de\/privacy-policy\/","url":"https:\/\/formandrefine.com\/de\/privacy-policy\/","name":"Privatlivspolitik - Form &amp; Refine","isPartOf":{"@id":"https:\/\/formandrefine.com\/#website"},"datePublished":"2021-06-23T00:22:34+00:00","dateModified":"2025-10-02T09:52:50+00:00","breadcrumb":{"@id":"https:\/\/formandrefine.com\/de\/privacy-policy\/#breadcrumb"},"inLanguage":"da-DK","potentialAction":[{"@type":"ReadAction","target":["https:\/\/formandrefine.com\/de\/privacy-policy\/"]}]},{"@type":"BreadcrumbList","@id":"https:\/\/formandrefine.com\/de\/privacy-policy\/#breadcrumb","itemListElement":[{"@type":"ListItem","position":1,"name":"Home","item":"https:\/\/formandrefine.com\/da\/"},{"@type":"ListItem","position":2,"name":"Privatlivspolitik"}]},{"@type":"WebSite","@id":"https:\/\/formandrefine.com\/#website","url":"https:\/\/formandrefine.com\/","name":"Form &amp; Refine","description":"Form and Refine is a Danish design brand. We form collections of Nordic design that will refine as the years progress.","potentialAction":[{"@type":"SearchAction","target":{"@type":"EntryPoint","urlTemplate":"https:\/\/formandrefine.com\/?s={search_term_string}"},"query-input":{"@type":"PropertyValueSpecification","valueRequired":true,"valueName":"search_term_string"}}],"inLanguage":"da-DK"}]}},"_links":{"self":[{"href":"https:\/\/formandrefine.com\/da\/wp-json\/wp\/v2\/pages\/4582","targetHints":{"allow":["GET"]}}],"collection":[{"href":"https:\/\/formandrefine.com\/da\/wp-json\/wp\/v2\/pages"}],"about":[{"href":"https:\/\/formandrefine.com\/da\/wp-json\/wp\/v2\/types\/page"}],"author":[{"embeddable":true,"href":"https:\/\/formandrefine.com\/da\/wp-json\/wp\/v2\/users\/4"}],"replies":[{"embeddable":true,"href":"https:\/\/formandrefine.com\/da\/wp-json\/wp\/v2\/comments?post=4582"}],"version-history":[{"count":7,"href":"https:\/\/formandrefine.com\/da\/wp-json\/wp\/v2\/pages\/4582\/revisions"}],"predecessor-version":[{"id":23191,"href":"https:\/\/formandrefine.com\/da\/wp-json\/wp\/v2\/pages\/4582\/revisions\/23191"}],"wp:attachment":[{"href":"https:\/\/formandrefine.com\/da\/wp-json\/wp\/v2\/media?parent=4582"}],"curies":[{"name":"wp","href":"https:\/\/api.w.org\/{rel}","templated":true}]}}