{"id":4687,"date":"2021-06-23T16:14:16","date_gmt":"2021-06-23T14:14:16","guid":{"rendered":"https:\/\/formandrefine.com\/?page_id=4687"},"modified":"2025-10-02T10:24:12","modified_gmt":"2025-10-02T08:24:12","slug":"terms-and-conditions","status":"publish","type":"page","link":"https:\/\/formandrefine.com\/da\/terms-and-conditions\/","title":{"rendered":"Vilk\u00e5r og betingelser"},"content":{"rendered":"<div class=\"row\" style=\"max-width:1140px\" id=\"row-236706176\">\n\n\t<div id=\"col-991087012\" class=\"col small-12 large-12\"  >\n\t\t\t\t<div class=\"col-inner\"  >\n\t\t\t\n\t\t\t\n<h2><span data-sheets-value=\"{&quot;1&quot;:2,&quot;2&quot;:&quot;Vilk\u00e5r og betingelser&quot;}\" data-sheets-userformat=\"{&quot;2&quot;:8961,&quot;3&quot;:{&quot;1&quot;:0},&quot;11&quot;:4,&quot;12&quot;:0,&quot;16&quot;:10}\">Vilk\u00e5r og betingelser<\/span><\/h2>\n<p><strong><span class=\"TextRun SCXW255625723 BCX0\" lang=\"DA-DK\" xml:lang=\"DA-DK\" data-contrast=\"auto\"><span class=\"NormalTextRun SCXW255625723 BCX0\">Opdateret version den 05.08.2025<\/span><\/span><span class=\"EOP SCXW255625723 BCX0\" data-ccp-props=\"{}\">\u00a0<\/span><\/strong><\/p>\n<p><strong><span data-sheets-value=\"{&quot;1&quot;:2,&quot;2&quot;:&quot;1. Levering&quot;}\" data-sheets-userformat=\"{&quot;2&quot;:8961,&quot;3&quot;:{&quot;1&quot;:0},&quot;11&quot;:4,&quot;12&quot;:0,&quot;16&quot;:10}\">1. Levering<\/span><\/strong><\/p>\n<p><span data-contrast=\"none\">Vi leverer til alle lande i EU samt Island, Norge og Schweiz.<\/span>\u00a0<br \/><span data-contrast=\"none\">Levering tager normalt 6\u201314 hverdage afh\u00e6ngigt af destination.<\/span>\u00a0<br \/><span data-contrast=\"none\">Vi sender med m\u00f8bellogistikfirmaer og GLS \u2013 gratis fragt i alle lande.<\/span>\u00a0<br \/><span data-contrast=\"none\">For lande uden for EU d\u00e6kker vi ogs\u00e5 told og importmoms.<\/span><span data-ccp-props=\"{&quot;134233117&quot;:true,&quot;134233118&quot;:true}\">\u00a0<\/span><\/p>\n<p><strong><span data-sheets-value=\"{&quot;1&quot;:2,&quot;2&quot;:&quot;2. Bestilling&quot;}\" data-sheets-userformat=\"{&quot;2&quot;:8961,&quot;3&quot;:{&quot;1&quot;:0},&quot;11&quot;:4,&quot;12&quot;:0,&quot;16&quot;:10}\">2. Bestilling<\/span><\/strong><\/p>\n<p><span data-contrast=\"none\">Du modtager en ordrebekr\u00e6ftelse p\u00e5 e-mail \u2013 kontroll\u00e9r venligst oplysningerne.<\/span><span data-ccp-props=\"{&quot;134233117&quot;:true,&quot;134233118&quot;:true}\">\u00a0<\/span><\/p>\n<p><span data-contrast=\"none\">For at behandle din ordre skal du oplyse:<\/span>\u00a0<br \/><span data-contrast=\"none\">Navn, adresse, e-mail og telefonnummer.<\/span><span data-ccp-props=\"{&quot;134233117&quot;:true,&quot;134233118&quot;:true}\">\u00a0<\/span><\/p>\n<p><span data-contrast=\"none\">Oplysninger opbevares i 5 \u00e5r i henhold til bogf\u00f8ringsloven og behandles i overensstemmelse med vores privatlivspolitik.<\/span>\u00a0<br \/><span data-contrast=\"none\">Vi s\u00e6lger ikke dine oplysninger til tredjeparter.<\/span><span data-ccp-props=\"{&quot;134233117&quot;:true,&quot;134233118&quot;:true}\">\u00a0<\/span><\/p>\n<p><strong><span data-sheets-value=\"{&quot;1&quot;:2,&quot;2&quot;:&quot;3. Betaling&quot;}\" data-sheets-userformat=\"{&quot;2&quot;:31489,&quot;3&quot;:{&quot;1&quot;:0},&quot;11&quot;:4,&quot;12&quot;:0,&quot;14&quot;:&#091;null,2,0&#093;,&quot;15&quot;:&quot;Formular&quot;,&quot;16&quot;:10,&quot;17&quot;:1}\">3. Betaling<\/span><\/strong><\/p>\n<p><span data-sheets-value=\"{&quot;1&quot;:2,&quot;2&quot;:&quot;Vi accepterer Visa, Mastercard, Maestro, direkte bankoverf\u00f8rsel og Paypal.&quot;}\" data-sheets-userformat=\"{&quot;2&quot;:8961,&quot;3&quot;:{&quot;1&quot;:0},&quot;11&quot;:4,&quot;12&quot;:0,&quot;16&quot;:10}\"><span class=\"TextRun SCXW170830298 BCX0\" lang=\"DA-DK\" xml:lang=\"DA-DK\" data-contrast=\"none\"><span class=\"NormalTextRun SCXW170830298 BCX0\">Vi accepterer Visa, <\/span><span class=\"NormalTextRun SpellingErrorV2Themed SCXW170830298 BCX0\">Mastercard<\/span><span class=\"NormalTextRun SCXW170830298 BCX0\">, Maestro<\/span><span class=\"NormalTextRun SCXW170830298 BCX0\">, Apple pay <\/span><span class=\"NormalTextRun SCXW170830298 BCX0\">og PayPal.<\/span><\/span><span class=\"LineBreakBlob BlobObject DragDrop SCXW170830298 BCX0\"><span class=\"SCXW170830298 BCX0\">\u00a0<\/span><br class=\"SCXW170830298 BCX0\" \/><\/span><span class=\"TextRun SCXW170830298 BCX0\" lang=\"DA-DK\" xml:lang=\"DA-DK\" data-contrast=\"none\"><span class=\"NormalTextRun SCXW170830298 BCX0\">Bel\u00f8bet tr\u00e6kkes ved afsendelse (undtagen bankoverf\u00f8rsel, som kr\u00e6ver godkendt modtagelse f\u00f8rst).<\/span><\/span><span class=\"LineBreakBlob BlobObject DragDrop SCXW170830298 BCX0\"><span class=\"SCXW170830298 BCX0\">\u00a0<\/span><br class=\"SCXW170830298 BCX0\" \/><\/span><span class=\"TextRun SCXW170830298 BCX0\" lang=\"DA-DK\" xml:lang=\"DA-DK\" data-contrast=\"none\"><span class=\"NormalTextRun SCXW170830298 BCX0\">Alle priser er inkl. 25 % moms.<\/span><\/span><span class=\"EOP SCXW170830298 BCX0\" data-ccp-props=\"{&quot;134233117&quot;:true,&quot;134233118&quot;:true}\">\u00a0<\/span><\/span><\/p>\n<p><strong><span data-sheets-value=\"{&quot;1&quot;:2,&quot;2&quot;:&quot;4. Retur og klager&quot;}\" data-sheets-userformat=\"{&quot;2&quot;:8961,&quot;3&quot;:{&quot;1&quot;:0},&quot;11&quot;:4,&quot;12&quot;:0,&quot;16&quot;:10}\">4. Retur og klager<\/span><\/strong><\/p>\n<p><span data-sheets-value=\"{&quot;1&quot;:2,&quot;2&quot;:&quot;Hvis du fortryder dit k\u00f8b p\u00e5 www.formandrefine.com, er vi forpligtet til at tilbagebetale bel\u00f8bet for produktet, hvis du uanset \u00e5rsag og uden begrundelse tr\u00e6kker k\u00f8bet tilbage senest 14 dage efter leveringsdatoen.&quot;}\" data-sheets-userformat=\"{&quot;2&quot;:8961,&quot;3&quot;:{&quot;1&quot;:0},&quot;11&quot;:4,&quot;12&quot;:0,&quot;16&quot;:10}\"><span class=\"TextRun SCXW9136479 BCX0\" lang=\"DA-DK\" xml:lang=\"DA-DK\" data-contrast=\"none\"><span class=\"NormalTextRun SCXW9136479 BCX0\">14 dages fortrydelsesret \u2013 du skal skriftligt informere os senest 14 dage efter modtagelse.<\/span><\/span><span class=\"LineBreakBlob BlobObject DragDrop SCXW9136479 BCX0\"><span class=\"SCXW9136479 BCX0\">\u00a0<\/span><br class=\"SCXW9136479 BCX0\" \/><\/span><span class=\"TextRun SCXW9136479 BCX0\" lang=\"DA-DK\" xml:lang=\"DA-DK\" data-contrast=\"none\"><span class=\"NormalTextRun SCXW9136479 BCX0\">Returforsendelse sker for egen regning. Varer skal returneres i original stand og emballage.<\/span><\/span><span class=\"LineBreakBlob BlobObject DragDrop SCXW9136479 BCX0\"><span class=\"SCXW9136479 BCX0\">\u00a0<\/span><br class=\"SCXW9136479 BCX0\" \/><\/span><span class=\"TextRun SCXW9136479 BCX0\" lang=\"DA-DK\" xml:lang=\"DA-DK\" data-contrast=\"none\"><span class=\"NormalTextRun SCXW9136479 BCX0\">Vi forbeholder os retten til at fratr\u00e6kke v\u00e6rdiforringelse, hvis produktet er brugt<\/span><\/span><\/span><\/p>\n<p><strong>5. Reklamation<\/strong><\/p>\n<p><span data-contrast=\"none\">2 \u00e5rs reklamationsret p\u00e5 produktionsfejl.<\/span>\u00a0<br \/><span data-contrast=\"none\">Send din reklamation til:\u202f<\/span><b><span data-contrast=\"none\">info@formandrefine.com<\/span><\/b>\u00a0<br \/><span data-contrast=\"none\">Vedl\u00e6g billeder og udfyldt reklamationsformular.<\/span><span data-ccp-props=\"{&quot;134233117&quot;:true,&quot;134233118&quot;:true}\">\u00a0<\/span><\/p>\n<p><span data-contrast=\"none\">Ved synlige skader ved levering: Accept\u00e9r varen med forbehold eller afvis den. Kontakt os straks med ordrenummer.<\/span><span data-ccp-props=\"{&quot;134233117&quot;:true,&quot;134233118&quot;:true}\">\u00a0<\/span><\/p>\n<p><strong><span data-sheets-value=\"{&quot;1&quot;:2,&quot;2&quot;:&quot;6. Garanti&quot;}\" data-sheets-userformat=\"{&quot;2&quot;:31489,&quot;3&quot;:{&quot;1&quot;:0},&quot;11&quot;:4,&quot;12&quot;:0,&quot;14&quot;:&#091;null,2,0&#093;,&quot;15&quot;:&quot;Formular&quot;,&quot;16&quot;:10,&quot;17&quot;:1}\">6. Garanti<\/span><\/strong><\/p>\n<p><span data-contrast=\"none\">Form &amp; Refine tilbyder 5 \u00e5rs garanti p\u00e5 alle vores produkter.<\/span><span data-ccp-props=\"{&quot;134233117&quot;:true,&quot;134233118&quot;:true}\">\u00a0<\/span><\/p>\n<p><span data-contrast=\"none\">Garantien d\u00e6kker produktionsfejl og materiale- eller konstruktionsm\u00e6ssige mangler, der opst\u00e5r under normal anvendelse i hjemlige eller tilsvarende omgivelser. Garantien omfatter reparation eller ombytning af det defekte produkt efter vores vurdering.<\/span><span data-ccp-props=\"{&quot;134233117&quot;:true,&quot;134233118&quot;:true}\">\u00a0<\/span><\/p>\n<p><b><span data-contrast=\"none\">Garantien d\u00e6kker ikke:<\/span><\/b><span data-ccp-props=\"{&quot;134233117&quot;:true,&quot;134233118&quot;:true}\">\u00a0<\/span><\/p>\n<ul>\n<li aria-setsize=\"-1\" data-leveltext=\"\uf0b7\" data-font=\"Symbol\" data-listid=\"2\" data-list-defn-props=\"{&quot;335552541&quot;:1,&quot;335559685&quot;:720,&quot;335559991&quot;:360,&quot;469769226&quot;:&quot;Symbol&quot;,&quot;469769242&quot;:&#091;8226&#093;,&quot;469777803&quot;:&quot;left&quot;,&quot;469777804&quot;:&quot;\uf0b7&quot;,&quot;469777815&quot;:&quot;multilevel&quot;}\" data-aria-posinset=\"1\" data-aria-level=\"1\">\n<p><span data-contrast=\"none\">Skader eller fejl opst\u00e5et som f\u00f8lge af forkert brug, uagtsomhed eller \u00e6ndringer foretaget af brugeren.<\/span><span data-ccp-props=\"{&quot;134233117&quot;:true,&quot;134233118&quot;:true}\">\u00a0<\/span><\/p>\n<\/li>\n<li aria-setsize=\"-1\" data-leveltext=\"\uf0b7\" data-font=\"Symbol\" data-listid=\"2\" data-list-defn-props=\"{&quot;335552541&quot;:1,&quot;335559685&quot;:720,&quot;335559991&quot;:360,&quot;469769226&quot;:&quot;Symbol&quot;,&quot;469769242&quot;:&#091;8226&#093;,&quot;469777803&quot;:&quot;left&quot;,&quot;469777804&quot;:&quot;\uf0b7&quot;,&quot;469777815&quot;:&quot;multilevel&quot;}\" data-aria-posinset=\"1\" data-aria-level=\"1\">\n<p><span data-contrast=\"none\">Almindelig slitage, ridser, m\u00e6rker eller \u00e6ndringer, der opst\u00e5r ved daglig brug.<\/span><span data-ccp-props=\"{&quot;134233117&quot;:true,&quot;134233118&quot;:true}\">\u00a0<\/span><\/p>\n<\/li>\n<li aria-setsize=\"-1\" data-leveltext=\"\uf0b7\" data-font=\"Symbol\" data-listid=\"2\" data-list-defn-props=\"{&quot;335552541&quot;:1,&quot;335559685&quot;:720,&quot;335559991&quot;:360,&quot;469769226&quot;:&quot;Symbol&quot;,&quot;469769242&quot;:&#091;8226&#093;,&quot;469777803&quot;:&quot;left&quot;,&quot;469777804&quot;:&quot;\uf0b7&quot;,&quot;469777815&quot;:&quot;multilevel&quot;}\" data-aria-posinset=\"1\" data-aria-level=\"1\">\n<p><span data-contrast=\"none\">Skader for\u00e5rsaget af manglende eller forkert vedligeholdelse, herunder hvis vores vedligeholdelsesvejledning ikke er fulgt.<\/span><span data-ccp-props=\"{&quot;134233117&quot;:true,&quot;134233118&quot;:true}\">\u00a0<\/span><\/p>\n<\/li>\n<li aria-setsize=\"-1\" data-leveltext=\"\uf0b7\" data-font=\"Symbol\" data-listid=\"2\" data-list-defn-props=\"{&quot;335552541&quot;:1,&quot;335559685&quot;:720,&quot;335559991&quot;:360,&quot;469769226&quot;:&quot;Symbol&quot;,&quot;469769242&quot;:&#091;8226&#093;,&quot;469777803&quot;:&quot;left&quot;,&quot;469777804&quot;:&quot;\uf0b7&quot;,&quot;469777815&quot;:&quot;multilevel&quot;}\" data-aria-posinset=\"1\" data-aria-level=\"1\">\n<p><span data-contrast=\"none\">Skader opst\u00e5et ved opbevaring eller anvendelse udend\u00f8rs, i fugtige milj\u00f8er eller i omgivelser med store temperatur- eller luftfugtighedsudsving.<\/span><\/p>\n<\/li>\n<\/ul>\n<p><b><span data-contrast=\"none\">Tr\u00e6 er et levende naturmateriale<\/span><\/b><span data-contrast=\"none\">, og variationer i farve, struktur og \u00e5retegning er en del af dets unikke karakter \u2013 disse betragtes ikke som fejl.<\/span><span data-ccp-props=\"{&quot;134233117&quot;:true,&quot;134233118&quot;:true}\">\u00a0<\/span><\/p>\n<p><span data-contrast=\"none\">M\u00f8bler i tr\u00e6 kr\u00e6ver l\u00f8bende vedligeholdelse \u2013 oliering og reng\u00f8ring Brug af st\u00e6rke kemikalier eller reng\u00f8ringsmidler kan beskadige overfladen og ugyldigg\u00f8re garantien.<\/span><span data-ccp-props=\"{&quot;134233117&quot;:true,&quot;134233118&quot;:true}\">\u00a0<\/span><\/p>\n<p><span data-contrast=\"none\">For at garantien skal v\u00e6re g\u00e6ldende, foruds\u00e6ttes det, at m\u00f8blet anvendes og vedligeholdes korrekt i overensstemmelse med vores anvisninger. <\/span><span data-contrast=\"auto\">Du finder vejledning til pleje og vedligeholdelse for det enkelte produkt og dets overfladebehandling i vores <a href=\"https:\/\/formandrefine.presscloud.com\/digitalshowroom\/#\/gallery\">imagebank.<\/a><\/span><\/p>\n<p><strong><span data-sheets-value=\"{&quot;1&quot;:2,&quot;2&quot;:&quot;7. Personoplysninger&quot;}\" data-sheets-userformat=\"{&quot;2&quot;:31489,&quot;3&quot;:{&quot;1&quot;:0},&quot;11&quot;:4,&quot;12&quot;:0,&quot;14&quot;:&#091;null,2,0&#093;,&quot;15&quot;:&quot;Formular&quot;,&quot;16&quot;:10,&quot;17&quot;:1}\">7. Personoplysninger<\/span><\/strong><\/p>\n<p><span data-sheets-value=\"{&quot;1&quot;:2,&quot;2&quot;:&quot;Form &amp; Refine er forpligtet til at sikre, at oplysninger, de har f\u00e5et om dig, behandles korrekt. Vi videregiver eller s\u00e6lger ikke dine personoplysninger til tredjeparter. Alle oplysninger lagres sikkert og er kun tilg\u00e6ngelige for betroede medarbejdere.&quot;}\" data-sheets-userformat=\"{&quot;2&quot;:8961,&quot;3&quot;:{&quot;1&quot;:0},&quot;11&quot;:4,&quot;12&quot;:0,&quot;16&quot;:10}\"><span class=\"TextRun SCXW248863543 BCX0\" lang=\"DA-DK\" xml:lang=\"DA-DK\" data-contrast=\"none\"><span class=\"NormalTextRun SCXW248863543 BCX0\">Vi beskytter dine oplysninger og behandler dem i overensstemmelse med GDPR.<\/span><\/span><span class=\"LineBreakBlob BlobObject DragDrop SCXW248863543 BCX0\"><span class=\"SCXW248863543 BCX0\">\u00a0<\/span><br class=\"SCXW248863543 BCX0\" \/><\/span><span class=\"TextRun SCXW248863543 BCX0\" lang=\"DA-DK\" xml:lang=\"DA-DK\" data-contrast=\"none\"><span class=\"NormalTextRun SCXW248863543 BCX0\">Se vores fulde<a href=\"https:\/\/formandrefine.com\/da\/privacy-policy\/\">\u202fprivatlivspolitik<\/a>\u202fog\u202f<a href=\"https:\/\/formandrefine.com\/da\/cookie-policy\/\">cookiepolitik<\/a>\u202ffor detaljer.<\/span><\/span><span class=\"EOP SCXW248863543 BCX0\" data-ccp-props=\"{&quot;134233117&quot;:true,&quot;134233118&quot;:true}\">\u00a0<\/span><\/span><\/p>\n<p>\u200b<strong><span data-sheets-value=\"{&quot;1&quot;:2,&quot;2&quot;:&quot;8. Ansvar&quot;}\" data-sheets-userformat=\"{&quot;2&quot;:8961,&quot;3&quot;:{&quot;1&quot;:0},&quot;11&quot;:4,&quot;12&quot;:0,&quot;16&quot;:10}\">8. Ansvar<br \/><span class=\"TextRun SCXW204622524 BCX0\" lang=\"DA-DK\" xml:lang=\"DA-DK\" data-contrast=\"none\"><span class=\"NormalTextRun SCXW204622524 BCX0\"><br \/><\/span><\/span><\/span><\/strong><span class=\"TextRun SCXW204622524 BCX0\" lang=\"DA-DK\" xml:lang=\"DA-DK\" data-contrast=\"none\"><span class=\"NormalTextRun SCXW204622524 BCX0\">Form &amp; <\/span><\/span><span class=\"TextRun SCXW204622524 BCX0\" lang=\"DA-DK\" xml:lang=\"DA-DK\" data-contrast=\"none\"><span class=\"NormalTextRun SpellingErrorV2Themed SCXW204622524 BCX0\">Refine<\/span><span class=\"NormalTextRun SCXW204622524 BCX0\"> kan ikke g\u00f8res ansvarlig for indirekte tab eller fejl.<\/span><\/span><span class=\"LineBreakBlob BlobObject DragDrop SCXW204622524 BCX0\"><br class=\"SCXW204622524 BCX0\" \/><\/span><span class=\"TextRun SCXW204622524 BCX0\" lang=\"DA-DK\" xml:lang=\"DA-DK\" data-contrast=\"none\"><span class=\"NormalTextRun SCXW204622524 BCX0\">Vi forbeholder os retten til at annullere ordrer ved prisfejl, systemfejl eller mistanke om misbrug.<\/span><\/span><span class=\"EOP SCXW204622524 BCX0\" data-ccp-props=\"{&quot;134233117&quot;:true,&quot;134233118&quot;:true}\">\u00a0<\/span><strong><span data-sheets-value=\"{&quot;1&quot;:2,&quot;2&quot;:&quot;8. Ansvar&quot;}\" data-sheets-userformat=\"{&quot;2&quot;:8961,&quot;3&quot;:{&quot;1&quot;:0},&quot;11&quot;:4,&quot;12&quot;:0,&quot;16&quot;:10}\"><br \/><\/span><\/strong><\/p>\n<p><strong><span data-sheets-value=\"{&quot;1&quot;:2,&quot;2&quot;:&quot;Kontakt&quot;}\" data-sheets-userformat=\"{&quot;2&quot;:8961,&quot;3&quot;:{&quot;1&quot;:0},&quot;11&quot;:4,&quot;12&quot;:0,&quot;16&quot;:10}\">Kontakt<br \/><span class=\"TextRun MacChromeBold SCXW85993123 BCX0\" lang=\"DA-DK\" xml:lang=\"DA-DK\" data-contrast=\"none\"><span class=\"NormalTextRun SCXW85993123 BCX0\"><br \/><\/span><\/span><\/span><\/strong><span class=\"TextRun MacChromeBold SCXW85993123 BCX0\" lang=\"DA-DK\" xml:lang=\"DA-DK\" data-contrast=\"none\"><span class=\"NormalTextRun SCXW85993123 BCX0\">Form &amp; <\/span><\/span><span class=\"TextRun MacChromeBold SCXW85993123 BCX0\" lang=\"DA-DK\" xml:lang=\"DA-DK\" data-contrast=\"none\"><span class=\"NormalTextRun SCXW85993123 BCX0\">Refine<\/span><\/span><span class=\"LineBreakBlob BlobObject DragDrop SCXW85993123 BCX0\"><br class=\"SCXW85993123 BCX0\" \/><\/span><span class=\"TextRun SCXW85993123 BCX0\" lang=\"DA-DK\" xml:lang=\"DA-DK\" data-contrast=\"none\"><span class=\"NormalTextRun SCXW85993123 BCX0\">Industrivej 14<\/span><\/span><span class=\"LineBreakBlob BlobObject DragDrop SCXW85993123 BCX0\"><br class=\"SCXW85993123 BCX0\" \/><\/span><span class=\"TextRun SCXW85993123 BCX0\" lang=\"DA-DK\" xml:lang=\"DA-DK\" data-contrast=\"none\"><span class=\"NormalTextRun SCXW85993123 BCX0\">8680 Ry<\/span><\/span><span class=\"LineBreakBlob BlobObject DragDrop SCXW85993123 BCX0\"><br class=\"SCXW85993123 BCX0\" \/><\/span><span class=\"TextRun SCXW85993123 BCX0\" lang=\"DA-DK\" xml:lang=\"DA-DK\" data-contrast=\"none\"><span class=\"NormalTextRun SCXW85993123 BCX0\">Danmark<\/span><\/span><span class=\"LineBreakBlob BlobObject DragDrop SCXW85993123 BCX0\"><br class=\"SCXW85993123 BCX0\" \/><\/span><span class=\"TextRun SCXW85993123 BCX0\" lang=\"DA-DK\" xml:lang=\"DA-DK\" data-contrast=\"none\"><span class=\"NormalTextRun SCXW85993123 BCX0\">Tel. +45 30 96 54 07<\/span><\/span><span class=\"LineBreakBlob BlobObject DragDrop SCXW85993123 BCX0\"><br class=\"SCXW85993123 BCX0\" \/><\/span><span class=\"TextRun SCXW85993123 BCX0\" lang=\"DA-DK\" xml:lang=\"DA-DK\" data-contrast=\"none\"><span class=\"NormalTextRun SCXW85993123 BCX0\">info@formandrefine.com<\/span><\/span><span class=\"EOP SCXW85993123 BCX0\" data-ccp-props=\"{&quot;134233117&quot;:true,&quot;134233118&quot;:true}\">\u00a0<\/span><strong><span data-sheets-value=\"{&quot;1&quot;:2,&quot;2&quot;:&quot;Kontakt&quot;}\" data-sheets-userformat=\"{&quot;2&quot;:8961,&quot;3&quot;:{&quot;1&quot;:0},&quot;11&quot;:4,&quot;12&quot;:0,&quot;16&quot;:10}\"><br \/><\/span><\/strong><\/p>\n\t\t<\/div>\n\t\t\t\t\t<\/div>\n\n\t\n<\/div>\n","protected":false},"excerpt":{"rendered":"","protected":false},"author":4,"featured_media":0,"parent":0,"menu_order":0,"comment_status":"closed","ping_status":"closed","template":"page-full-width-title-and-navigation.php","meta":{"_acf_changed":false,"footnotes":""},"class_list":["post-4687","page","type-page","status-publish","hentry"],"acf":[],"yoast_head":"<!-- This site is optimized with the Yoast SEO plugin v25.9 - https:\/\/yoast.com\/wordpress\/plugins\/seo\/ -->\n<title>Vilk\u00e5r og betingelser - Form &amp; Refine<\/title>\n<meta name=\"robots\" content=\"index, follow, max-snippet:-1, max-image-preview:large, max-video-preview:-1\" \/>\n<link rel=\"canonical\" href=\"https:\/\/formandrefine.com\/da\/terms-and-conditions\/\" \/>\n<meta property=\"og:locale\" content=\"da_DK\" \/>\n<meta property=\"og:type\" content=\"article\" \/>\n<meta property=\"og:title\" content=\"Vilk\u00e5r og betingelser - Form &amp; Refine\" \/>\n<meta property=\"og:url\" content=\"https:\/\/formandrefine.com\/da\/terms-and-conditions\/\" \/>\n<meta property=\"og:site_name\" content=\"Form &amp; Refine\" \/>\n<meta property=\"article:modified_time\" content=\"2025-10-02T08:24:12+00:00\" \/>\n<meta name=\"twitter:card\" content=\"summary_large_image\" \/>\n<meta name=\"twitter:label1\" content=\"Estimeret l\u00e6setid\" \/>\n\t<meta name=\"twitter:data1\" content=\"4 minutter\" \/>\n<script type=\"application\/ld+json\" class=\"yoast-schema-graph\">{\"@context\":\"https:\/\/schema.org\",\"@graph\":[{\"@type\":\"WebPage\",\"@id\":\"https:\/\/formandrefine.com\/da\/terms-and-conditions\/\",\"url\":\"https:\/\/formandrefine.com\/da\/terms-and-conditions\/\",\"name\":\"Vilk\u00e5r og betingelser - Form &amp; Refine\",\"isPartOf\":{\"@id\":\"https:\/\/formandrefine.com\/#website\"},\"datePublished\":\"2021-06-23T14:14:16+00:00\",\"dateModified\":\"2025-10-02T08:24:12+00:00\",\"breadcrumb\":{\"@id\":\"https:\/\/formandrefine.com\/da\/terms-and-conditions\/#breadcrumb\"},\"inLanguage\":\"da-DK\",\"potentialAction\":[{\"@type\":\"ReadAction\",\"target\":[\"https:\/\/formandrefine.com\/da\/terms-and-conditions\/\"]}]},{\"@type\":\"BreadcrumbList\",\"@id\":\"https:\/\/formandrefine.com\/da\/terms-and-conditions\/#breadcrumb\",\"itemListElement\":[{\"@type\":\"ListItem\",\"position\":1,\"name\":\"Home\",\"item\":\"https:\/\/formandrefine.com\/da\/\"},{\"@type\":\"ListItem\",\"position\":2,\"name\":\"Vilk\u00e5r og betingelser\"}]},{\"@type\":\"WebSite\",\"@id\":\"https:\/\/formandrefine.com\/#website\",\"url\":\"https:\/\/formandrefine.com\/\",\"name\":\"Form &amp; Refine\",\"description\":\"Form and Refine is a Danish design brand. We form collections of Nordic design that will refine as the years progress.\",\"potentialAction\":[{\"@type\":\"SearchAction\",\"target\":{\"@type\":\"EntryPoint\",\"urlTemplate\":\"https:\/\/formandrefine.com\/?s={search_term_string}\"},\"query-input\":{\"@type\":\"PropertyValueSpecification\",\"valueRequired\":true,\"valueName\":\"search_term_string\"}}],\"inLanguage\":\"da-DK\"}]}<\/script>\n<!-- \/ Yoast SEO plugin. -->","yoast_head_json":{"title":"Vilk\u00e5r og betingelser - Form &amp; Refine","robots":{"index":"index","follow":"follow","max-snippet":"max-snippet:-1","max-image-preview":"max-image-preview:large","max-video-preview":"max-video-preview:-1"},"canonical":"https:\/\/formandrefine.com\/da\/terms-and-conditions\/","og_locale":"da_DK","og_type":"article","og_title":"Vilk\u00e5r og betingelser - Form &amp; Refine","og_url":"https:\/\/formandrefine.com\/da\/terms-and-conditions\/","og_site_name":"Form &amp; Refine","article_modified_time":"2025-10-02T08:24:12+00:00","twitter_card":"summary_large_image","twitter_misc":{"Estimeret l\u00e6setid":"4 minutter"},"schema":{"@context":"https:\/\/schema.org","@graph":[{"@type":"WebPage","@id":"https:\/\/formandrefine.com\/da\/terms-and-conditions\/","url":"https:\/\/formandrefine.com\/da\/terms-and-conditions\/","name":"Vilk\u00e5r og betingelser - Form &amp; Refine","isPartOf":{"@id":"https:\/\/formandrefine.com\/#website"},"datePublished":"2021-06-23T14:14:16+00:00","dateModified":"2025-10-02T08:24:12+00:00","breadcrumb":{"@id":"https:\/\/formandrefine.com\/da\/terms-and-conditions\/#breadcrumb"},"inLanguage":"da-DK","potentialAction":[{"@type":"ReadAction","target":["https:\/\/formandrefine.com\/da\/terms-and-conditions\/"]}]},{"@type":"BreadcrumbList","@id":"https:\/\/formandrefine.com\/da\/terms-and-conditions\/#breadcrumb","itemListElement":[{"@type":"ListItem","position":1,"name":"Home","item":"https:\/\/formandrefine.com\/da\/"},{"@type":"ListItem","position":2,"name":"Vilk\u00e5r og betingelser"}]},{"@type":"WebSite","@id":"https:\/\/formandrefine.com\/#website","url":"https:\/\/formandrefine.com\/","name":"Form &amp; Refine","description":"Form and Refine is a Danish design brand. We form collections of Nordic design that will refine as the years progress.","potentialAction":[{"@type":"SearchAction","target":{"@type":"EntryPoint","urlTemplate":"https:\/\/formandrefine.com\/?s={search_term_string}"},"query-input":{"@type":"PropertyValueSpecification","valueRequired":true,"valueName":"search_term_string"}}],"inLanguage":"da-DK"}]}},"_links":{"self":[{"href":"https:\/\/formandrefine.com\/da\/wp-json\/wp\/v2\/pages\/4687","targetHints":{"allow":["GET"]}}],"collection":[{"href":"https:\/\/formandrefine.com\/da\/wp-json\/wp\/v2\/pages"}],"about":[{"href":"https:\/\/formandrefine.com\/da\/wp-json\/wp\/v2\/types\/page"}],"author":[{"embeddable":true,"href":"https:\/\/formandrefine.com\/da\/wp-json\/wp\/v2\/users\/4"}],"replies":[{"embeddable":true,"href":"https:\/\/formandrefine.com\/da\/wp-json\/wp\/v2\/comments?post=4687"}],"version-history":[{"count":20,"href":"https:\/\/formandrefine.com\/da\/wp-json\/wp\/v2\/pages\/4687\/revisions"}],"predecessor-version":[{"id":23174,"href":"https:\/\/formandrefine.com\/da\/wp-json\/wp\/v2\/pages\/4687\/revisions\/23174"}],"wp:attachment":[{"href":"https:\/\/formandrefine.com\/da\/wp-json\/wp\/v2\/media?parent=4687"}],"curies":[{"name":"wp","href":"https:\/\/api.w.org\/{rel}","templated":true}]}}