{"id":5215,"date":"2021-08-12T09:52:33","date_gmt":"2021-08-12T07:52:33","guid":{"rendered":"https:\/\/formandrefine.com\/?page_id=5215"},"modified":"2026-04-07T09:27:01","modified_gmt":"2026-04-07T07:27:01","slug":"story-of-materials","status":"publish","type":"page","link":"https:\/\/formandrefine.com\/da\/story-of-materials\/","title":{"rendered":"Story of Materials"},"content":{"rendered":"\n\t<section class=\"section portfolio dark is-full-height\" id=\"section_1158593497\">\n\t\t<div class=\"section-bg fill\" >\n\t\t\t<img decoding=\"async\" width=\"2560\" height=\"896\" src=\"https:\/\/formandrefine.com\/wp-content\/uploads\/2023\/02\/Form-and-Refine_in-praise-of-alpaca-fibre_banner_2000x700-scaled.webp\" class=\"bg attachment-original size-original\" alt=\"\" \/>\t\t\t\t\t\t<div class=\"section-bg-overlay absolute fill\"><\/div>\n\t\t\t\n\n\t\t<\/div>\n\n\t\t\n\n\t\t<div class=\"section-content relative\">\n\t\t\t<div class=\"row align-center\"  id=\"row-1254394933\">\n\t<div id=\"col-1298503474\" class=\"col featured_item small-12 large-12\"  >\n\t\t\t\t<div class=\"col-inner text-center\"  >\n\t\t\t\n\t\t\t<h3>In Praise of Alpaca Fibre<\/h3><a href=\"https:\/\/formandrefine.com\/da\/story-of-materials\/in-praise-of-alpaca-fibre\/\" class=\"button primary is-link\"  >\n\t\t<span>L\u00e6s mere<\/span>\n\t<\/a>\n\t\t<\/div>\n\t\t\t\t\t<\/div>\n\n\t<\/div>\t\t<\/div>\n\n\t\t\n<style>\n#section_1158593497 {\n  padding-top: 30px;\n  padding-bottom: 30px;\n  min-height: 100vh;\n}\n#section_1158593497 .section-bg-overlay {\n  background-color: rgba(0, 0, 0, 0.3);\n}\n<\/style>\n\t<\/section>\n\t\n\t<section class=\"section portfolio dark is-full-height\" id=\"section_1445496381\">\n\t\t<div class=\"section-bg fill\" >\n\t\t\t<img decoding=\"async\" width=\"2560\" height=\"896\" src=\"https:\/\/formandrefine.com\/wp-content\/uploads\/2020\/11\/Form-and-Refine_in-praise-of-ceramic-2000x700-1-scaled.webp\" class=\"bg attachment-original size-original\" alt=\"\" \/>\t\t\t\t\t\t<div class=\"section-bg-overlay absolute fill\"><\/div>\n\t\t\t\n\n\t\t<\/div>\n\n\t\t\n\n\t\t<div class=\"section-content relative\">\n\t\t\t<div class=\"row align-center\"  id=\"row-1579825312\">\n\t<div id=\"col-1376078223\" class=\"col featured_item small-12 large-12\"  >\n\t\t\t\t<div class=\"col-inner text-center\"  >\n\t\t\t\n\t\t\t<h3>In Praise of Ceramics<\/h3><a href=\"https:\/\/formandrefine.com\/da\/story-of-materials\/in-praise-of-ceramics\/\" class=\"button primary is-link\"  >\n\t\t<span>L\u00e6s mere<\/span>\n\t<\/a>\n\t\t<\/div>\n\t\t\t\t\t<\/div>\n\n\t<\/div>\t\t<\/div>\n\n\t\t\n<style>\n#section_1445496381 {\n  padding-top: 30px;\n  padding-bottom: 30px;\n  min-height: 100vh;\n}\n#section_1445496381 .section-bg-overlay {\n  background-color: rgba(0, 0, 0, 0.3);\n}\n<\/style>\n\t<\/section>\n\t\n\t<section class=\"section portfolio dark is-full-height\" id=\"section_170223476\">\n\t\t<div class=\"section-bg fill\" >\n\t\t\t<img decoding=\"async\" width=\"2560\" height=\"896\" src=\"https:\/\/formandrefine.com\/wp-content\/uploads\/2023\/11\/Form-and-Refine_Living_Pinho-glass-carafe_Water_2000x700-scaled.webp\" class=\"bg attachment-original size-original\" alt=\"\" \/>\t\t\t\t\t\t<div class=\"section-bg-overlay absolute fill\"><\/div>\n\t\t\t\n\n\t\t<\/div>\n\n\t\t\n\n\t\t<div class=\"section-content relative\">\n\t\t\t<div class=\"row align-center\"  id=\"row-907096219\">\n\t<div id=\"col-57832869\" class=\"col featured_item small-12 large-12\"  >\n\t\t\t\t<div class=\"col-inner text-center\"  >\n\t\t\t\n\t\t\t<h3>In Praise of Glass<\/h3><a href=\"https:\/\/formandrefine.com\/da\/story-of-materials\/in-praise-of-glass\/\" class=\"button primary is-link\"  >\n\t\t<span>L\u00e6s mere<\/span>\n\t<\/a>\n\t\t<\/div>\n\t\t\t\t\t<\/div>\n\n\t<\/div>\t\t<\/div>\n\n\t\t\n<style>\n#section_170223476 {\n  padding-top: 30px;\n  padding-bottom: 30px;\n  min-height: 100vh;\n}\n#section_170223476 .section-bg-overlay {\n  background-color: rgba(0, 0, 0, 0.3);\n}\n<\/style>\n\t<\/section>\n\t\n\t<section class=\"section portfolio dark is-full-height\" id=\"section_356216925\">\n\t\t<div class=\"section-bg fill\" >\n\t\t\t<img decoding=\"async\" width=\"1920\" height=\"523\" src=\"https:\/\/formandrefine.com\/wp-content\/uploads\/2025\/02\/Form-and-Refine_In-praise-off-waste_Remake_Stool_2000x700.webp\" class=\"bg attachment-original size-original\" alt=\"\" \/>\t\t\t\t\t\t<div class=\"section-bg-overlay absolute fill\"><\/div>\n\t\t\t\n\n\t\t<\/div>\n\n\t\t\n\n\t\t<div class=\"section-content relative\">\n\t\t\t<div class=\"row align-center\"  id=\"row-1831924376\">\n\t<div id=\"col-1014861729\" class=\"col featured_item small-12 large-12\"  >\n\t\t\t\t<div class=\"col-inner text-center\"  >\n\t\t\t\n\t\t\t<h3>In Praise of Waste<\/h3><a href=\"https:\/\/formandrefine.com\/da\/story-of-materials\/in-praise-of-waste\/\" class=\"button primary is-link\"  >\n\t\t<span>L\u00e6s mere<\/span>\n\t<\/a>\n\t\t<\/div>\n\t\t\t\t\t<\/div>\n\n\t<\/div>\t\t<\/div>\n\n\t\t\n<style>\n#section_356216925 {\n  padding-top: 30px;\n  padding-bottom: 30px;\n  min-height: 100vh;\n}\n#section_356216925 .section-bg-overlay {\n  background-color: rgba(0, 0, 0, 0.3);\n}\n<\/style>\n\t<\/section>\n\t\n\t<section class=\"section portfolio dark is-full-height\" id=\"section_1320948158\">\n\t\t<div class=\"section-bg fill\" >\n\t\t\t<img decoding=\"async\" width=\"2560\" height=\"896\" src=\"https:\/\/formandrefine.com\/wp-content\/uploads\/2020\/12\/Form-and-Refine_in-praise-of-wood-damsbo_2000x700-scaled.webp\" class=\"bg attachment-original size-original\" alt=\"\" \/>\t\t\t\t\t\t<div class=\"section-bg-overlay absolute fill\"><\/div>\n\t\t\t\n\n\t\t<\/div>\n\n\t\t\n\n\t\t<div class=\"section-content relative\">\n\t\t\t<div class=\"row align-center\"  id=\"row-1169755943\">\n\t<div id=\"col-1679596767\" class=\"col featured_item small-12 large-12\"  >\n\t\t\t\t<div class=\"col-inner text-center\"  >\n\t\t\t\n\t\t\t<h3>In Praise of Wood<\/h3><a href=\"https:\/\/formandrefine.com\/da\/story-of-materials\/in-praise-of-wood\/\" class=\"button primary is-link\"  >\n\t\t<span>L\u00e6s mere<\/span>\n\t<\/a>\n\t\t<\/div>\n\t\t\t\t\t<\/div>\n\n\t<\/div>\t\t<\/div>\n\n\t\t\n<style>\n#section_1320948158 {\n  padding-top: 30px;\n  padding-bottom: 30px;\n  min-height: 100vh;\n}\n#section_1320948158 .section-bg-overlay {\n  background-color: rgba(0, 0, 0, 0.3);\n}\n<\/style>\n\t<\/section>\n\t\n","protected":false},"excerpt":{"rendered":"","protected":false},"author":12,"featured_media":0,"parent":0,"menu_order":0,"comment_status":"closed","ping_status":"closed","template":"page-blank.php","meta":{"_acf_changed":false,"footnotes":""},"class_list":["post-5215","page","type-page","status-publish","hentry"],"acf":[],"yoast_head":"<!-- This site is optimized with the Yoast SEO plugin v25.9 - https:\/\/yoast.com\/wordpress\/plugins\/seo\/ -->\n<title>Materialehistorie om Form &amp; Refines Designmaterialer<\/title>\n<meta name=\"description\" content=\"Materialehistorie \u2713 L\u00e6r om Form &amp; Refines n\u00f8je udvalgte designmaterialer, hvor kvalitet, h\u00e5ndv\u00e6rk og b\u00e6redygtighed g\u00e5r h\u00e5nd i h\u00e5nd.\" \/>\n<meta name=\"robots\" content=\"index, follow, max-snippet:-1, max-image-preview:large, max-video-preview:-1\" \/>\n<link rel=\"canonical\" href=\"https:\/\/formandrefine.com\/da\/story-of-materials\/\" \/>\n<meta property=\"og:locale\" content=\"da_DK\" \/>\n<meta property=\"og:type\" content=\"article\" \/>\n<meta property=\"og:title\" content=\"Materialehistorie om Form &amp; Refines Designmaterialer\" \/>\n<meta property=\"og:description\" content=\"Materialehistorie \u2713 L\u00e6r om Form &amp; Refines n\u00f8je udvalgte designmaterialer, hvor kvalitet, h\u00e5ndv\u00e6rk og b\u00e6redygtighed g\u00e5r h\u00e5nd i h\u00e5nd.\" \/>\n<meta property=\"og:url\" content=\"https:\/\/formandrefine.com\/da\/story-of-materials\/\" \/>\n<meta property=\"og:site_name\" content=\"Form &amp; Refine\" \/>\n<meta property=\"article:modified_time\" content=\"2026-04-07T07:27:01+00:00\" \/>\n<meta name=\"twitter:card\" content=\"summary_large_image\" \/>\n<meta name=\"twitter:label1\" content=\"Estimeret l\u00e6setid\" \/>\n\t<meta name=\"twitter:data1\" content=\"1 minut\" \/>\n<script type=\"application\/ld+json\" class=\"yoast-schema-graph\">{\"@context\":\"https:\/\/schema.org\",\"@graph\":[{\"@type\":\"WebPage\",\"@id\":\"https:\/\/formandrefine.com\/da\/story-of-materials\/\",\"url\":\"https:\/\/formandrefine.com\/da\/story-of-materials\/\",\"name\":\"Materialehistorie om Form & Refines Designmaterialer\",\"isPartOf\":{\"@id\":\"https:\/\/formandrefine.com\/#website\"},\"datePublished\":\"2021-08-12T07:52:33+00:00\",\"dateModified\":\"2026-04-07T07:27:01+00:00\",\"description\":\"Materialehistorie \u2713 L\u00e6r om Form & Refines n\u00f8je udvalgte designmaterialer, hvor kvalitet, h\u00e5ndv\u00e6rk og b\u00e6redygtighed g\u00e5r h\u00e5nd i h\u00e5nd.\",\"breadcrumb\":{\"@id\":\"https:\/\/formandrefine.com\/da\/story-of-materials\/#breadcrumb\"},\"inLanguage\":\"da-DK\",\"potentialAction\":[{\"@type\":\"ReadAction\",\"target\":[\"https:\/\/formandrefine.com\/da\/story-of-materials\/\"]}]},{\"@type\":\"BreadcrumbList\",\"@id\":\"https:\/\/formandrefine.com\/da\/story-of-materials\/#breadcrumb\",\"itemListElement\":[{\"@type\":\"ListItem\",\"position\":1,\"name\":\"Home\",\"item\":\"https:\/\/formandrefine.com\/da\/\"},{\"@type\":\"ListItem\",\"position\":2,\"name\":\"Story of Materials\"}]},{\"@type\":\"WebSite\",\"@id\":\"https:\/\/formandrefine.com\/#website\",\"url\":\"https:\/\/formandrefine.com\/\",\"name\":\"Form &amp; Refine\",\"description\":\"Form and Refine is a Danish design brand. We form collections of Nordic design that will refine as the years progress.\",\"potentialAction\":[{\"@type\":\"SearchAction\",\"target\":{\"@type\":\"EntryPoint\",\"urlTemplate\":\"https:\/\/formandrefine.com\/?s={search_term_string}\"},\"query-input\":{\"@type\":\"PropertyValueSpecification\",\"valueRequired\":true,\"valueName\":\"search_term_string\"}}],\"inLanguage\":\"da-DK\"}]}<\/script>\n<!-- \/ Yoast SEO plugin. -->","yoast_head_json":{"title":"Materialehistorie om Form & Refines Designmaterialer","description":"Materialehistorie \u2713 L\u00e6r om Form & Refines n\u00f8je udvalgte designmaterialer, hvor kvalitet, h\u00e5ndv\u00e6rk og b\u00e6redygtighed g\u00e5r h\u00e5nd i h\u00e5nd.","robots":{"index":"index","follow":"follow","max-snippet":"max-snippet:-1","max-image-preview":"max-image-preview:large","max-video-preview":"max-video-preview:-1"},"canonical":"https:\/\/formandrefine.com\/da\/story-of-materials\/","og_locale":"da_DK","og_type":"article","og_title":"Materialehistorie om Form & Refines Designmaterialer","og_description":"Materialehistorie \u2713 L\u00e6r om Form & Refines n\u00f8je udvalgte designmaterialer, hvor kvalitet, h\u00e5ndv\u00e6rk og b\u00e6redygtighed g\u00e5r h\u00e5nd i h\u00e5nd.","og_url":"https:\/\/formandrefine.com\/da\/story-of-materials\/","og_site_name":"Form &amp; Refine","article_modified_time":"2026-04-07T07:27:01+00:00","twitter_card":"summary_large_image","twitter_misc":{"Estimeret l\u00e6setid":"1 minut"},"schema":{"@context":"https:\/\/schema.org","@graph":[{"@type":"WebPage","@id":"https:\/\/formandrefine.com\/da\/story-of-materials\/","url":"https:\/\/formandrefine.com\/da\/story-of-materials\/","name":"Materialehistorie om Form & Refines Designmaterialer","isPartOf":{"@id":"https:\/\/formandrefine.com\/#website"},"datePublished":"2021-08-12T07:52:33+00:00","dateModified":"2026-04-07T07:27:01+00:00","description":"Materialehistorie \u2713 L\u00e6r om Form & Refines n\u00f8je udvalgte designmaterialer, hvor kvalitet, h\u00e5ndv\u00e6rk og b\u00e6redygtighed g\u00e5r h\u00e5nd i h\u00e5nd.","breadcrumb":{"@id":"https:\/\/formandrefine.com\/da\/story-of-materials\/#breadcrumb"},"inLanguage":"da-DK","potentialAction":[{"@type":"ReadAction","target":["https:\/\/formandrefine.com\/da\/story-of-materials\/"]}]},{"@type":"BreadcrumbList","@id":"https:\/\/formandrefine.com\/da\/story-of-materials\/#breadcrumb","itemListElement":[{"@type":"ListItem","position":1,"name":"Home","item":"https:\/\/formandrefine.com\/da\/"},{"@type":"ListItem","position":2,"name":"Story of Materials"}]},{"@type":"WebSite","@id":"https:\/\/formandrefine.com\/#website","url":"https:\/\/formandrefine.com\/","name":"Form &amp; Refine","description":"Form and Refine is a Danish design brand. We form collections of Nordic design that will refine as the years progress.","potentialAction":[{"@type":"SearchAction","target":{"@type":"EntryPoint","urlTemplate":"https:\/\/formandrefine.com\/?s={search_term_string}"},"query-input":{"@type":"PropertyValueSpecification","valueRequired":true,"valueName":"search_term_string"}}],"inLanguage":"da-DK"}]}},"_links":{"self":[{"href":"https:\/\/formandrefine.com\/da\/wp-json\/wp\/v2\/pages\/5215","targetHints":{"allow":["GET"]}}],"collection":[{"href":"https:\/\/formandrefine.com\/da\/wp-json\/wp\/v2\/pages"}],"about":[{"href":"https:\/\/formandrefine.com\/da\/wp-json\/wp\/v2\/types\/page"}],"author":[{"embeddable":true,"href":"https:\/\/formandrefine.com\/da\/wp-json\/wp\/v2\/users\/12"}],"replies":[{"embeddable":true,"href":"https:\/\/formandrefine.com\/da\/wp-json\/wp\/v2\/comments?post=5215"}],"version-history":[{"count":1,"href":"https:\/\/formandrefine.com\/da\/wp-json\/wp\/v2\/pages\/5215\/revisions"}],"predecessor-version":[{"id":5216,"href":"https:\/\/formandrefine.com\/da\/wp-json\/wp\/v2\/pages\/5215\/revisions\/5216"}],"wp:attachment":[{"href":"https:\/\/formandrefine.com\/da\/wp-json\/wp\/v2\/media?parent=5215"}],"curies":[{"name":"wp","href":"https:\/\/api.w.org\/{rel}","templated":true}]}}