{"id":8378,"date":"2022-08-17T14:49:57","date_gmt":"2022-08-17T12:49:57","guid":{"rendered":"https:\/\/formandrefine.com\/?page_id=8378"},"modified":"2022-10-11T10:53:18","modified_gmt":"2022-10-11T08:53:18","slug":"pressemeddelelser","status":"publish","type":"page","link":"https:\/\/formandrefine.com\/da\/contact\/pressemeddelelser\/","title":{"rendered":"Pressemeddelelser"},"content":{"rendered":"\n\t<section class=\"section contact\" id=\"section_611782828\">\n\t\t<div class=\"section-bg fill\" >\n\t\t\t\t\t\t\t\t\t\n\t\t\t\n\n\t\t<\/div>\n\n\t\t\n\n\t\t<div class=\"section-content relative\">\n\t\t\t\n<div class=\"row\" style=\"max-width:1140px\" id=\"row-112797481\">\n\n\t<div id=\"col-1185344920\" class=\"col medium-6 small-12 large-6\"  >\n\t\t\t\t<div class=\"col-inner\"  >\n\t\t\t\n\t\t\t\n\t<div class=\"img has-hover x md-x lg-x y md-y lg-y\" id=\"image_829883173\">\n\t\t\t\t\t\t\t\t<div class=\"img-inner dark\" >\n\t\t\t<img loading=\"lazy\" decoding=\"async\" width=\"797\" height=\"1024\" src=\"https:\/\/formandrefine.com\/wp-content\/uploads\/2021\/01\/FR_Blueprint-Chair-Black-office_545x700.jpg\" class=\"attachment-large size-large\" alt=\"\" srcset=\"https:\/\/formandrefine.com\/wp-content\/uploads\/2021\/01\/FR_Blueprint-Chair-Black-office_545x700.jpg 1477w, https:\/\/formandrefine.com\/wp-content\/uploads\/2021\/01\/FR_Blueprint-Chair-Black-office_545x700-510x655.jpg 510w\" sizes=\"auto, (max-width: 797px) 100vw, 797px\" \/>\t\t\t\t\t\t\n\t\t\t\t\t<\/div>\n\t\t\t\t\t\t\t\t\n<style>\n#image_829883173 {\n  width: 100%;\n}\n<\/style>\n\t<\/div>\n\t\n\t\t<\/div>\n\t\t\t\t\n<style>\n#col-1185344920 > .col-inner {\n  padding: 0px 0 0px 0px;\n}\n@media (min-width:850px) {\n  #col-1185344920 > .col-inner {\n    padding: 0px 75px 0px 0px;\n  }\n}\n<\/style>\n\t<\/div>\n\n\t\n\n\t<div id=\"col-1086925452\" class=\"col medium-6 small-12 large-6\"  >\n\t\t\t\t<div class=\"col-inner\"  >\n\t\t\t\n\t\t\t\n<h2 style=\"text-align: left;\">PRESSEMEDDELELSER<\/h2>\n<p>Vores pressemeddelser og produkttekster (p\u00e5 dansk, engelsk og tysk) kan downloades fra nedenst\u00e5ende links:<\/p>\n<p><a href=\"https:\/\/formandrefine.presscloud.com\/digitalshowroom\/#\/gallery\/Press-Release\">Pressemeddelelser<\/a><\/p>\n<p>Hvis du har nogen sp\u00f8rgsm\u00e5l er du altid velkommen til at kontakte Sarah og Helle p\u00e5:<\/p>\n<p><a href=\"mailto:press@formandrefine.com\">press@formandrefine.com<\/a><\/p>\n<p><a href=\"tel:+4529842978\">+ 45 29 84 29 78<\/a><\/p>\n\t\t<\/div>\n\t\t\t\t\n<style>\n#col-1086925452 > .col-inner {\n  padding: 0px 0px 0px 0;\n}\n@media (min-width:850px) {\n  #col-1086925452 > .col-inner {\n    padding: 0px 0px 0px 75px;\n  }\n}\n<\/style>\n\t<\/div>\n\n\t\n<\/div>\n\t\t<\/div>\n\n\t\t\n<style>\n#section_611782828 {\n  padding-top: 100px;\n  padding-bottom: 100px;\n}\n<\/style>\n\t<\/section>\n\t\n","protected":false},"excerpt":{"rendered":"","protected":false},"author":13,"featured_media":0,"parent":4551,"menu_order":0,"comment_status":"closed","ping_status":"closed","template":"","meta":{"_acf_changed":false,"footnotes":""},"class_list":["post-8378","page","type-page","status-publish","hentry"],"acf":[],"yoast_head":"<!-- This site is optimized with the Yoast SEO plugin v25.9 - https:\/\/yoast.com\/wordpress\/plugins\/seo\/ -->\n<title>Pressemeddelelser - Form &amp; Refine<\/title>\n<meta name=\"robots\" content=\"index, follow, max-snippet:-1, max-image-preview:large, max-video-preview:-1\" \/>\n<link rel=\"canonical\" href=\"https:\/\/formandrefine.com\/da\/contact\/pressemeddelelser\/\" \/>\n<meta property=\"og:locale\" content=\"da_DK\" \/>\n<meta property=\"og:type\" content=\"article\" \/>\n<meta property=\"og:title\" content=\"Pressemeddelelser - Form &amp; Refine\" \/>\n<meta property=\"og:url\" content=\"https:\/\/formandrefine.com\/da\/contact\/pressemeddelelser\/\" \/>\n<meta property=\"og:site_name\" content=\"Form &amp; Refine\" \/>\n<meta property=\"article:modified_time\" content=\"2022-10-11T08:53:18+00:00\" \/>\n<meta name=\"twitter:card\" content=\"summary_large_image\" \/>\n<meta name=\"twitter:label1\" content=\"Estimeret l\u00e6setid\" \/>\n\t<meta name=\"twitter:data1\" content=\"1 minut\" \/>\n<script type=\"application\/ld+json\" class=\"yoast-schema-graph\">{\"@context\":\"https:\/\/schema.org\",\"@graph\":[{\"@type\":\"WebPage\",\"@id\":\"https:\/\/formandrefine.com\/da\/contact\/pressemeddelelser\/\",\"url\":\"https:\/\/formandrefine.com\/da\/contact\/pressemeddelelser\/\",\"name\":\"Pressemeddelelser - Form &amp; Refine\",\"isPartOf\":{\"@id\":\"https:\/\/formandrefine.com\/#website\"},\"datePublished\":\"2022-08-17T12:49:57+00:00\",\"dateModified\":\"2022-10-11T08:53:18+00:00\",\"breadcrumb\":{\"@id\":\"https:\/\/formandrefine.com\/da\/contact\/pressemeddelelser\/#breadcrumb\"},\"inLanguage\":\"da-DK\",\"potentialAction\":[{\"@type\":\"ReadAction\",\"target\":[\"https:\/\/formandrefine.com\/da\/contact\/pressemeddelelser\/\"]}]},{\"@type\":\"BreadcrumbList\",\"@id\":\"https:\/\/formandrefine.com\/da\/contact\/pressemeddelelser\/#breadcrumb\",\"itemListElement\":[{\"@type\":\"ListItem\",\"position\":1,\"name\":\"Home\",\"item\":\"https:\/\/formandrefine.com\/da\/\"},{\"@type\":\"ListItem\",\"position\":2,\"name\":\"Kontakt\",\"item\":\"https:\/\/formandrefine.com\/da\/contact\/\"},{\"@type\":\"ListItem\",\"position\":3,\"name\":\"Pressemeddelelser\"}]},{\"@type\":\"WebSite\",\"@id\":\"https:\/\/formandrefine.com\/#website\",\"url\":\"https:\/\/formandrefine.com\/\",\"name\":\"Form &amp; Refine\",\"description\":\"Form and Refine is a Danish design brand. We form collections of Nordic design that will refine as the years progress.\",\"potentialAction\":[{\"@type\":\"SearchAction\",\"target\":{\"@type\":\"EntryPoint\",\"urlTemplate\":\"https:\/\/formandrefine.com\/?s={search_term_string}\"},\"query-input\":{\"@type\":\"PropertyValueSpecification\",\"valueRequired\":true,\"valueName\":\"search_term_string\"}}],\"inLanguage\":\"da-DK\"}]}<\/script>\n<!-- \/ Yoast SEO plugin. -->","yoast_head_json":{"title":"Pressemeddelelser - Form &amp; Refine","robots":{"index":"index","follow":"follow","max-snippet":"max-snippet:-1","max-image-preview":"max-image-preview:large","max-video-preview":"max-video-preview:-1"},"canonical":"https:\/\/formandrefine.com\/da\/contact\/pressemeddelelser\/","og_locale":"da_DK","og_type":"article","og_title":"Pressemeddelelser - Form &amp; Refine","og_url":"https:\/\/formandrefine.com\/da\/contact\/pressemeddelelser\/","og_site_name":"Form &amp; Refine","article_modified_time":"2022-10-11T08:53:18+00:00","twitter_card":"summary_large_image","twitter_misc":{"Estimeret l\u00e6setid":"1 minut"},"schema":{"@context":"https:\/\/schema.org","@graph":[{"@type":"WebPage","@id":"https:\/\/formandrefine.com\/da\/contact\/pressemeddelelser\/","url":"https:\/\/formandrefine.com\/da\/contact\/pressemeddelelser\/","name":"Pressemeddelelser - Form &amp; Refine","isPartOf":{"@id":"https:\/\/formandrefine.com\/#website"},"datePublished":"2022-08-17T12:49:57+00:00","dateModified":"2022-10-11T08:53:18+00:00","breadcrumb":{"@id":"https:\/\/formandrefine.com\/da\/contact\/pressemeddelelser\/#breadcrumb"},"inLanguage":"da-DK","potentialAction":[{"@type":"ReadAction","target":["https:\/\/formandrefine.com\/da\/contact\/pressemeddelelser\/"]}]},{"@type":"BreadcrumbList","@id":"https:\/\/formandrefine.com\/da\/contact\/pressemeddelelser\/#breadcrumb","itemListElement":[{"@type":"ListItem","position":1,"name":"Home","item":"https:\/\/formandrefine.com\/da\/"},{"@type":"ListItem","position":2,"name":"Kontakt","item":"https:\/\/formandrefine.com\/da\/contact\/"},{"@type":"ListItem","position":3,"name":"Pressemeddelelser"}]},{"@type":"WebSite","@id":"https:\/\/formandrefine.com\/#website","url":"https:\/\/formandrefine.com\/","name":"Form &amp; Refine","description":"Form and Refine is a Danish design brand. We form collections of Nordic design that will refine as the years progress.","potentialAction":[{"@type":"SearchAction","target":{"@type":"EntryPoint","urlTemplate":"https:\/\/formandrefine.com\/?s={search_term_string}"},"query-input":{"@type":"PropertyValueSpecification","valueRequired":true,"valueName":"search_term_string"}}],"inLanguage":"da-DK"}]}},"_links":{"self":[{"href":"https:\/\/formandrefine.com\/da\/wp-json\/wp\/v2\/pages\/8378","targetHints":{"allow":["GET"]}}],"collection":[{"href":"https:\/\/formandrefine.com\/da\/wp-json\/wp\/v2\/pages"}],"about":[{"href":"https:\/\/formandrefine.com\/da\/wp-json\/wp\/v2\/types\/page"}],"author":[{"embeddable":true,"href":"https:\/\/formandrefine.com\/da\/wp-json\/wp\/v2\/users\/13"}],"replies":[{"embeddable":true,"href":"https:\/\/formandrefine.com\/da\/wp-json\/wp\/v2\/comments?post=8378"}],"version-history":[{"count":5,"href":"https:\/\/formandrefine.com\/da\/wp-json\/wp\/v2\/pages\/8378\/revisions"}],"predecessor-version":[{"id":9902,"href":"https:\/\/formandrefine.com\/da\/wp-json\/wp\/v2\/pages\/8378\/revisions\/9902"}],"up":[{"embeddable":true,"href":"https:\/\/formandrefine.com\/da\/wp-json\/wp\/v2\/pages\/4551"}],"wp:attachment":[{"href":"https:\/\/formandrefine.com\/da\/wp-json\/wp\/v2\/media?parent=8378"}],"curies":[{"name":"wp","href":"https:\/\/api.w.org\/{rel}","templated":true}]}}