{"id":6309,"date":"2021-12-16T10:20:43","date_gmt":"2021-12-16T09:20:43","guid":{"rendered":"https:\/\/formandrefine.com\/?post_type=product&#038;p=6309"},"modified":"2024-08-22T13:09:40","modified_gmt":"2024-08-22T11:09:40","slug":"arc-towel-bar-single-black","status":"publish","type":"product","link":"https:\/\/formandrefine.com\/da\/vare\/arc-towel-bar-single-black\/","title":{"rendered":"Arc Towel Bar Single, Black"},"content":{"rendered":"\n\t<section class=\"section\" id=\"section_1763877845\">\n\t\t<div class=\"section-bg fill\" >\n\t\t\t\t\t\t\t\t\t\n\t\t\t\n\n\t\t<\/div>\n\n\t\t\n\n\t\t<div class=\"section-content relative\">\n\t\t\t\n<div class=\"row\" style=\"max-width:700px\" id=\"row-32511804\">\n\n\t<div id=\"col-1137240453\" class=\"col small-12 large-12\"  data-animate=\"fadeInDown\">\n\t\t\t\t<div class=\"col-inner\"  >\n\t\t\t\n\t\t\t\n<p>Et enkelt og st\u00e6rkt st\u00e5lb\u00e5nd med afrundede hj\u00f8rner, giver denne h\u00e5ndkl\u00e6destang et chunky udseende uden at blive tung, da den smalle st\u00e5lpinde, har en let og minimalistisk karakter. De afrundede kanter og det buede profil mod v\u00e6ggen f\u00e5r produktet til at fremst\u00e5 elegant.<\/p>\n<p>Den ekstra matte overflade giver et harmonisk udtryk, der b\u00e5de er taktilt og r\u00e5t.<\/p>\n<p>H\u00e5ndkl\u00e6destangen skal monteres p\u00e5 v\u00e6ggen.<\/p>\n\t\t<\/div>\n\t\t\t\t\t<\/div>\n\n\t\n\n\t<div id=\"col-1623616603\" class=\"col small-12 large-12\"  data-animate=\"fadeInUp\">\n\t\t\t\t<div class=\"col-inner\"  >\n\t\t\t\n\t\t\t\n<p><img decoding=\"async\" src=\"https:\/\/formandrefine.com\/wp-content\/uploads\/22-tegn4.png\" alt=\"\" width=\"15\" height=\"13\" \/><\/p>\n<div>Arc badev\u00e6relsesprodukter handler designm\u00e6ssigt om, hvordan former m\u00f8der hinanden. Vi \u00f8nskede, at den store runding i bagpladen skulle m\u00f8de v\u00e6ggen p\u00e5 en bl\u00f8d m\u00e5de og give et sv\u00e6vende udtryk.<\/div>\n<p style=\"text-align: right;\">\u2013 Herman Studio<\/p>\n\t\t<\/div>\n\t\t\t\t\t<\/div>\n\n\t\n<\/div>\n<div class=\"row enviornment-mobile-setup\" style=\"max-width:1120px\" id=\"row-172567682\">\n\n\t<div id=\"col-401835040\" class=\"col small-12 large-12\"  >\n\t\t\t\t<div class=\"col-inner\"  >\n\t\t\t\n\t\t\t\n\t<div id=\"gap-623551220\" class=\"gap-element clearfix\" style=\"display:block; height:auto;\">\n\t\t\n<style>\n#gap-623551220 {\n  padding-top: 90px;\n}\n<\/style>\n\t<\/div>\n\t\n\t\t<\/div>\n\t\t\t\t\t<\/div>\n\n\t\n\n\t<div id=\"col-150366643\" class=\"col medium-6 small-12 large-6\"  >\n\t\t\t\t<div class=\"col-inner\"  >\n\t\t\t\n\t\t\t\n\t<div class=\"img has-hover x md-x lg-x y md-y lg-y\" id=\"image_999139261\">\n\t\t\t\t\t\t\t\t<div class=\"img-inner dark\" >\n\t\t\t<img decoding=\"async\" width=\"800\" height=\"1027\" src=\"https:\/\/formandrefine.com\/wp-content\/uploads\/2022\/01\/FR_Arc_Towel_Bar_Single_Black_enviroment_545x700.jpg\" class=\"attachment-original size-original\" alt=\"\" srcset=\"https:\/\/formandrefine.com\/wp-content\/uploads\/2022\/01\/FR_Arc_Towel_Bar_Single_Black_enviroment_545x700.jpg 800w, https:\/\/formandrefine.com\/wp-content\/uploads\/2022\/01\/FR_Arc_Towel_Bar_Single_Black_enviroment_545x700-510x655.jpg 510w\" sizes=\"(max-width: 800px) 100vw, 800px\" \/>\t\t\t\t\t\t\n\t\t\t\t\t<\/div>\n\t\t\t\t\t\t\t\t\n<style>\n#image_999139261 {\n  width: 100%;\n}\n<\/style>\n\t<\/div>\n\t\n\t\t<\/div>\n\t\t\t\t\t<\/div>\n\n\t\n\n\t<div id=\"col-669211881\" class=\"col medium-6 small-12 large-6\"  >\n\t\t\t\t<div class=\"col-inner\"  >\n\t\t\t\n\t\t\t\n\t<div class=\"img has-hover x md-x lg-x y md-y lg-y\" id=\"image_100478746\">\n\t\t\t\t\t\t\t\t<div class=\"img-inner dark\" >\n\t\t\t<img decoding=\"async\" width=\"800\" height=\"470\" src=\"https:\/\/formandrefine.com\/wp-content\/uploads\/2022\/01\/FR_Arc_Towel_Bar_Single_Black_enviroment_detail_545x320.jpg\" class=\"attachment-original size-original\" alt=\"\" srcset=\"https:\/\/formandrefine.com\/wp-content\/uploads\/2022\/01\/FR_Arc_Towel_Bar_Single_Black_enviroment_detail_545x320.jpg 800w, https:\/\/formandrefine.com\/wp-content\/uploads\/2022\/01\/FR_Arc_Towel_Bar_Single_Black_enviroment_detail_545x320-510x300.jpg 510w\" sizes=\"(max-width: 800px) 100vw, 800px\" \/>\t\t\t\t\t\t\n\t\t\t\t\t<\/div>\n\t\t\t\t\t\t\t\t\n<style>\n#image_100478746 {\n  width: 100%;\n}\n<\/style>\n\t<\/div>\n\t\n\t\t<\/div>\n\t\t\t\t\t<\/div>\n\n\t\n<\/div>\n\t\t<\/div>\n\n\t\t\n<style>\n#section_1763877845 {\n  padding-top: 30px;\n  padding-bottom: 30px;\n}\n<\/style>\n\t<\/section>\n\t\n","protected":false},"excerpt":{"rendered":"","protected":false},"featured_media":6315,"template":"","meta":{"_acf_changed":false},"product_brand":[],"product_cat":[84,163],"product_tag":[],"class_list":{"0":"post-6309","1":"product","2":"type-product","3":"status-publish","4":"has-post-thumbnail","6":"product_cat-objekter-da","7":"product_cat-badevaerelse","9":"first","10":"instock","11":"taxable","12":"shipping-taxable","13":"purchasable","14":"product-type-simple"},"acf":[],"yoast_head":"<!-- This site is optimized with the Yoast SEO plugin v25.9 - https:\/\/yoast.com\/wordpress\/plugins\/seo\/ -->\n<title>Arc designer h\u00e5ndkl\u00e6destang, enkel, sort<\/title>\n<meta name=\"description\" content=\"Arc h\u00e5ndkl\u00e6destang i sort \u2713 Skandinavisk design, stilfuldt og funktionelt. Ideel til dit badev\u00e6relse.\" \/>\n<meta name=\"robots\" content=\"index, follow, max-snippet:-1, max-image-preview:large, max-video-preview:-1\" \/>\n<link rel=\"canonical\" href=\"https:\/\/formandrefine.com\/da\/vare\/arc-towel-bar-single-black\/\" \/>\n<meta property=\"og:locale\" content=\"da_DK\" \/>\n<meta property=\"og:type\" content=\"article\" \/>\n<meta property=\"og:title\" content=\"Arc designer h\u00e5ndkl\u00e6destang, enkel, sort\" \/>\n<meta property=\"og:description\" content=\"Arc h\u00e5ndkl\u00e6destang i sort \u2713 Skandinavisk design, stilfuldt og funktionelt. Ideel til dit badev\u00e6relse.\" \/>\n<meta property=\"og:url\" content=\"https:\/\/formandrefine.com\/da\/vare\/arc-towel-bar-single-black\/\" \/>\n<meta property=\"og:site_name\" content=\"Form &amp; Refine\" \/>\n<meta property=\"article:modified_time\" content=\"2024-08-22T11:09:40+00:00\" \/>\n<meta property=\"og:image\" content=\"https:\/\/formandrefine.com\/wp-content\/uploads\/2021\/12\/FR_Arc_Towel_Bar_Single_Black_Perspective_nb.png\" \/>\n\t<meta property=\"og:image:width\" content=\"1000\" \/>\n\t<meta property=\"og:image:height\" content=\"1000\" \/>\n\t<meta property=\"og:image:type\" content=\"image\/png\" \/>\n<meta name=\"twitter:card\" content=\"summary_large_image\" \/>\n<meta name=\"twitter:label1\" content=\"Estimeret l\u00e6setid\" \/>\n\t<meta name=\"twitter:data1\" content=\"2 minutter\" \/>\n<script type=\"application\/ld+json\" class=\"yoast-schema-graph\">{\"@context\":\"https:\/\/schema.org\",\"@graph\":[{\"@type\":\"WebPage\",\"@id\":\"https:\/\/formandrefine.com\/da\/vare\/arc-towel-bar-single-black\/\",\"url\":\"https:\/\/formandrefine.com\/da\/vare\/arc-towel-bar-single-black\/\",\"name\":\"Arc designer h\u00e5ndkl\u00e6destang, enkel, sort\",\"isPartOf\":{\"@id\":\"https:\/\/formandrefine.com\/#website\"},\"primaryImageOfPage\":{\"@id\":\"https:\/\/formandrefine.com\/da\/vare\/arc-towel-bar-single-black\/#primaryimage\"},\"image\":{\"@id\":\"https:\/\/formandrefine.com\/da\/vare\/arc-towel-bar-single-black\/#primaryimage\"},\"thumbnailUrl\":\"https:\/\/formandrefine.com\/wp-content\/uploads\/2021\/12\/FR_Arc_Towel_Bar_Single_Black_Perspective_nb.png\",\"datePublished\":\"2021-12-16T09:20:43+00:00\",\"dateModified\":\"2024-08-22T11:09:40+00:00\",\"description\":\"Arc h\u00e5ndkl\u00e6destang i sort \u2713 Skandinavisk design, stilfuldt og funktionelt. Ideel til dit badev\u00e6relse.\",\"breadcrumb\":{\"@id\":\"https:\/\/formandrefine.com\/da\/vare\/arc-towel-bar-single-black\/#breadcrumb\"},\"inLanguage\":\"da-DK\",\"potentialAction\":[{\"@type\":\"ReadAction\",\"target\":[\"https:\/\/formandrefine.com\/da\/vare\/arc-towel-bar-single-black\/\"]}]},{\"@type\":\"ImageObject\",\"inLanguage\":\"da-DK\",\"@id\":\"https:\/\/formandrefine.com\/da\/vare\/arc-towel-bar-single-black\/#primaryimage\",\"url\":\"https:\/\/formandrefine.com\/wp-content\/uploads\/2021\/12\/FR_Arc_Towel_Bar_Single_Black_Perspective_nb.png\",\"contentUrl\":\"https:\/\/formandrefine.com\/wp-content\/uploads\/2021\/12\/FR_Arc_Towel_Bar_Single_Black_Perspective_nb.png\",\"width\":1000,\"height\":1000},{\"@type\":\"BreadcrumbList\",\"@id\":\"https:\/\/formandrefine.com\/da\/vare\/arc-towel-bar-single-black\/#breadcrumb\",\"itemListElement\":[{\"@type\":\"ListItem\",\"position\":1,\"name\":\"Home\",\"item\":\"https:\/\/formandrefine.com\/da\/\"},{\"@type\":\"ListItem\",\"position\":2,\"name\":\"Butik\",\"item\":\"https:\/\/formandrefine.com\/da\/butik\/\"},{\"@type\":\"ListItem\",\"position\":3,\"name\":\"Arc Towel Bar Single, Black\"}]},{\"@type\":\"WebSite\",\"@id\":\"https:\/\/formandrefine.com\/#website\",\"url\":\"https:\/\/formandrefine.com\/\",\"name\":\"Form &amp; Refine\",\"description\":\"Form and Refine is a Danish design brand. We form collections of Nordic design that will refine as the years progress.\",\"potentialAction\":[{\"@type\":\"SearchAction\",\"target\":{\"@type\":\"EntryPoint\",\"urlTemplate\":\"https:\/\/formandrefine.com\/?s={search_term_string}\"},\"query-input\":{\"@type\":\"PropertyValueSpecification\",\"valueRequired\":true,\"valueName\":\"search_term_string\"}}],\"inLanguage\":\"da-DK\"}]}<\/script>\n<!-- \/ Yoast SEO plugin. -->","yoast_head_json":{"title":"Arc designer h\u00e5ndkl\u00e6destang, enkel, sort","description":"Arc h\u00e5ndkl\u00e6destang i sort \u2713 Skandinavisk design, stilfuldt og funktionelt. Ideel til dit badev\u00e6relse.","robots":{"index":"index","follow":"follow","max-snippet":"max-snippet:-1","max-image-preview":"max-image-preview:large","max-video-preview":"max-video-preview:-1"},"canonical":"https:\/\/formandrefine.com\/da\/vare\/arc-towel-bar-single-black\/","og_locale":"da_DK","og_type":"article","og_title":"Arc designer h\u00e5ndkl\u00e6destang, enkel, sort","og_description":"Arc h\u00e5ndkl\u00e6destang i sort \u2713 Skandinavisk design, stilfuldt og funktionelt. Ideel til dit badev\u00e6relse.","og_url":"https:\/\/formandrefine.com\/da\/vare\/arc-towel-bar-single-black\/","og_site_name":"Form &amp; Refine","article_modified_time":"2024-08-22T11:09:40+00:00","og_image":[{"width":1000,"height":1000,"url":"https:\/\/formandrefine.com\/wp-content\/uploads\/2021\/12\/FR_Arc_Towel_Bar_Single_Black_Perspective_nb.png","type":"image\/png"}],"twitter_card":"summary_large_image","twitter_misc":{"Estimeret l\u00e6setid":"2 minutter"},"schema":{"@context":"https:\/\/schema.org","@graph":[{"@type":"WebPage","@id":"https:\/\/formandrefine.com\/da\/vare\/arc-towel-bar-single-black\/","url":"https:\/\/formandrefine.com\/da\/vare\/arc-towel-bar-single-black\/","name":"Arc designer h\u00e5ndkl\u00e6destang, enkel, sort","isPartOf":{"@id":"https:\/\/formandrefine.com\/#website"},"primaryImageOfPage":{"@id":"https:\/\/formandrefine.com\/da\/vare\/arc-towel-bar-single-black\/#primaryimage"},"image":{"@id":"https:\/\/formandrefine.com\/da\/vare\/arc-towel-bar-single-black\/#primaryimage"},"thumbnailUrl":"https:\/\/formandrefine.com\/wp-content\/uploads\/2021\/12\/FR_Arc_Towel_Bar_Single_Black_Perspective_nb.png","datePublished":"2021-12-16T09:20:43+00:00","dateModified":"2024-08-22T11:09:40+00:00","description":"Arc h\u00e5ndkl\u00e6destang i sort \u2713 Skandinavisk design, stilfuldt og funktionelt. Ideel til dit badev\u00e6relse.","breadcrumb":{"@id":"https:\/\/formandrefine.com\/da\/vare\/arc-towel-bar-single-black\/#breadcrumb"},"inLanguage":"da-DK","potentialAction":[{"@type":"ReadAction","target":["https:\/\/formandrefine.com\/da\/vare\/arc-towel-bar-single-black\/"]}]},{"@type":"ImageObject","inLanguage":"da-DK","@id":"https:\/\/formandrefine.com\/da\/vare\/arc-towel-bar-single-black\/#primaryimage","url":"https:\/\/formandrefine.com\/wp-content\/uploads\/2021\/12\/FR_Arc_Towel_Bar_Single_Black_Perspective_nb.png","contentUrl":"https:\/\/formandrefine.com\/wp-content\/uploads\/2021\/12\/FR_Arc_Towel_Bar_Single_Black_Perspective_nb.png","width":1000,"height":1000},{"@type":"BreadcrumbList","@id":"https:\/\/formandrefine.com\/da\/vare\/arc-towel-bar-single-black\/#breadcrumb","itemListElement":[{"@type":"ListItem","position":1,"name":"Home","item":"https:\/\/formandrefine.com\/da\/"},{"@type":"ListItem","position":2,"name":"Butik","item":"https:\/\/formandrefine.com\/da\/butik\/"},{"@type":"ListItem","position":3,"name":"Arc Towel Bar Single, Black"}]},{"@type":"WebSite","@id":"https:\/\/formandrefine.com\/#website","url":"https:\/\/formandrefine.com\/","name":"Form &amp; Refine","description":"Form and Refine is a Danish design brand. We form collections of Nordic design that will refine as the years progress.","potentialAction":[{"@type":"SearchAction","target":{"@type":"EntryPoint","urlTemplate":"https:\/\/formandrefine.com\/?s={search_term_string}"},"query-input":{"@type":"PropertyValueSpecification","valueRequired":true,"valueName":"search_term_string"}}],"inLanguage":"da-DK"}]}},"_links":{"self":[{"href":"https:\/\/formandrefine.com\/da\/wp-json\/wp\/v2\/product\/6309","targetHints":{"allow":["GET"]}}],"collection":[{"href":"https:\/\/formandrefine.com\/da\/wp-json\/wp\/v2\/product"}],"about":[{"href":"https:\/\/formandrefine.com\/da\/wp-json\/wp\/v2\/types\/product"}],"version-history":[{"count":1,"href":"https:\/\/formandrefine.com\/da\/wp-json\/wp\/v2\/product\/6309\/revisions"}],"predecessor-version":[{"id":7173,"href":"https:\/\/formandrefine.com\/da\/wp-json\/wp\/v2\/product\/6309\/revisions\/7173"}],"wp:featuredmedia":[{"embeddable":true,"href":"https:\/\/formandrefine.com\/da\/wp-json\/wp\/v2\/media\/6315"}],"wp:attachment":[{"href":"https:\/\/formandrefine.com\/da\/wp-json\/wp\/v2\/media?parent=6309"}],"wp:term":[{"taxonomy":"product_brand","embeddable":true,"href":"https:\/\/formandrefine.com\/da\/wp-json\/wp\/v2\/product_brand?post=6309"},{"taxonomy":"product_cat","embeddable":true,"href":"https:\/\/formandrefine.com\/da\/wp-json\/wp\/v2\/product_cat?post=6309"},{"taxonomy":"product_tag","embeddable":true,"href":"https:\/\/formandrefine.com\/da\/wp-json\/wp\/v2\/product_tag?post=6309"}],"curies":[{"name":"wp","href":"https:\/\/api.w.org\/{rel}","templated":true}]}}