{"id":6321,"date":"2021-12-16T10:30:01","date_gmt":"2021-12-16T09:30:01","guid":{"rendered":"https:\/\/formandrefine.com\/?post_type=product&#038;p=6321"},"modified":"2024-08-22T13:11:11","modified_gmt":"2024-08-22T11:11:11","slug":"arc-towel-bar-double-black","status":"publish","type":"product","link":"https:\/\/formandrefine.com\/da\/vare\/arc-towel-bar-double-black\/","title":{"rendered":"Arc Towel Bar Double, Black"},"content":{"rendered":"\n\t<section class=\"section\" id=\"section_2039043597\">\n\t\t<div class=\"section-bg fill\" >\n\t\t\t\t\t\t\t\t\t\n\t\t\t\n\n\t\t<\/div>\n\n\t\t\n\n\t\t<div class=\"section-content relative\">\n\t\t\t\n<div class=\"row\" style=\"max-width:700px\" id=\"row-914132975\">\n\n\t<div id=\"col-31050302\" class=\"col small-12 large-12\"  data-animate=\"fadeInDown\">\n\t\t\t\t<div class=\"col-inner\"  >\n\t\t\t\n\t\t\t\n<p>Et enkelt og st\u00e6rkt st\u00e5lb\u00e5nd med afrundede hj\u00f8rner, giver denne h\u00e5ndkl\u00e6destang et chunky udseende uden at blive tung, da de smalle st\u00e5lpinde, har en let og minimalistisk karakter. De afrundede kanter og det buede profil mod v\u00e6ggen f\u00e5r produktet til at fremst\u00e5 elegant.<\/p>\n<p>Den ekstra matte overflade giver et harmonisk udtryk, der b\u00e5de er taktilt og r\u00e5t. De afrundede kanter p\u00e5 st\u00e5lpindene er en ekstra detalje og er den mest synlige del, n\u00e5r den er i brug.<\/p>\n<p>H\u00e5ndkl\u00e6destangen skal monteres p\u00e5 v\u00e6ggen.<\/p>\n\t\t<\/div>\n\t\t\t\t\t<\/div>\n\n\t\n\n\t<div id=\"col-1117993395\" class=\"col small-12 large-12\"  data-animate=\"fadeInUp\">\n\t\t\t\t<div class=\"col-inner\"  >\n\t\t\t\n\t\t\t\n<p><img decoding=\"async\" src=\"https:\/\/formandrefine.com\/wp-content\/uploads\/22-tegn4.png\" alt=\"\" width=\"15\" height=\"13\" \/><\/p>\n<div>Arc badev\u00e6relsesprodukter handler designm\u00e6ssigt om, hvordan former m\u00f8der hinanden. Vi \u00f8nskede, at den store runding i bagpladen skulle m\u00f8de v\u00e6ggen p\u00e5 en bl\u00f8d m\u00e5de og give et sv\u00e6vende udtryk.<\/div>\n<p style=\"text-align: right;\">\u2013 Herman Studio<\/p>\n\t\t<\/div>\n\t\t\t\t\t<\/div>\n\n\t\n<\/div>\n<div class=\"row enviornment-mobile-setup\" style=\"max-width:1120px\" id=\"row-2137337479\">\n\n\t<div id=\"col-61824436\" class=\"col small-12 large-12\"  >\n\t\t\t\t<div class=\"col-inner\"  >\n\t\t\t\n\t\t\t\n\t<div id=\"gap-1308357077\" class=\"gap-element clearfix\" style=\"display:block; height:auto;\">\n\t\t\n<style>\n#gap-1308357077 {\n  padding-top: 90px;\n}\n<\/style>\n\t<\/div>\n\t\n\t\t<\/div>\n\t\t\t\t\t<\/div>\n\n\t\n\n\t<div id=\"col-907843559\" class=\"col medium-6 small-12 large-6\"  >\n\t\t\t\t<div class=\"col-inner\"  >\n\t\t\t\n\t\t\t\n\t<div class=\"img has-hover x md-x lg-x y md-y lg-y\" id=\"image_258399962\">\n\t\t\t\t\t\t\t\t<div class=\"img-inner dark\" >\n\t\t\t<img decoding=\"async\" width=\"1993\" height=\"2560\" src=\"https:\/\/formandrefine.com\/wp-content\/uploads\/2020\/12\/FR_Arc_Towel_Bar_Double_Black_Enviroment_545x700-scaled.webp\" class=\"attachment-original size-original\" alt=\"\" srcset=\"https:\/\/formandrefine.com\/wp-content\/uploads\/2020\/12\/FR_Arc_Towel_Bar_Double_Black_Enviroment_545x700-scaled.webp 1993w, https:\/\/formandrefine.com\/wp-content\/uploads\/2020\/12\/FR_Arc_Towel_Bar_Double_Black_Enviroment_545x700-scaled-1600x2055.webp 1600w\" sizes=\"(max-width: 1993px) 100vw, 1993px\" \/>\t\t\t\t\t\t\n\t\t\t\t\t<\/div>\n\t\t\t\t\t\t\t\t\n<style>\n#image_258399962 {\n  width: 100%;\n}\n<\/style>\n\t<\/div>\n\t\n\t\t<\/div>\n\t\t\t\t\t<\/div>\n\n\t\n\n\t<div id=\"col-1490062817\" class=\"col medium-6 small-12 large-6\"  >\n\t\t\t\t<div class=\"col-inner\"  >\n\t\t\t\n\t\t\t\n\t<div class=\"img has-hover x md-x lg-x y md-y lg-y\" id=\"image_1696701688\">\n\t\t\t\t\t\t\t\t<div class=\"img-inner dark\" >\n\t\t\t<img decoding=\"async\" width=\"2560\" height=\"1503\" src=\"https:\/\/formandrefine.com\/wp-content\/uploads\/2020\/12\/FR_Arc_Towel_Bar_Double_Black_Enviroment_detail_545x320-scaled.webp\" class=\"attachment-original size-original\" alt=\"\" srcset=\"https:\/\/formandrefine.com\/wp-content\/uploads\/2020\/12\/FR_Arc_Towel_Bar_Double_Black_Enviroment_detail_545x320-scaled.webp 2560w, https:\/\/formandrefine.com\/wp-content\/uploads\/2020\/12\/FR_Arc_Towel_Bar_Double_Black_Enviroment_detail_545x320-scaled-1600x939.webp 1600w\" sizes=\"(max-width: 2560px) 100vw, 2560px\" \/>\t\t\t\t\t\t\n\t\t\t\t\t<\/div>\n\t\t\t\t\t\t\t\t\n<style>\n#image_1696701688 {\n  width: 100%;\n}\n<\/style>\n\t<\/div>\n\t\n\t<div class=\"img has-hover x md-x lg-x y md-y lg-y\" id=\"image_638804431\">\n\t\t\t\t\t\t\t\t<div class=\"img-inner dark\" >\n\t\t\t<img decoding=\"async\" width=\"2560\" height=\"1486\" src=\"https:\/\/formandrefine.com\/wp-content\/uploads\/2021\/12\/Form-and-Refine_Bathroom_Arc_all_horisontal_1120x650-scaled.webp\" class=\"attachment-original size-original\" alt=\"\" srcset=\"https:\/\/formandrefine.com\/wp-content\/uploads\/2021\/12\/Form-and-Refine_Bathroom_Arc_all_horisontal_1120x650-scaled.webp 2560w, https:\/\/formandrefine.com\/wp-content\/uploads\/2021\/12\/Form-and-Refine_Bathroom_Arc_all_horisontal_1120x650-scaled-1600x929.webp 1600w\" sizes=\"(max-width: 2560px) 100vw, 2560px\" \/>\t\t\t\t\t\t\n\t\t\t\t\t<\/div>\n\t\t\t\t\t\t\t\t\n<style>\n#image_638804431 {\n  width: 100%;\n}\n<\/style>\n\t<\/div>\n\t\n\t\t<\/div>\n\t\t\t\t\t<\/div>\n\n\t\n<\/div>\n\t\t<\/div>\n\n\t\t\n<style>\n#section_2039043597 {\n  padding-top: 30px;\n  padding-bottom: 30px;\n}\n<\/style>\n\t<\/section>\n\t\n","protected":false},"excerpt":{"rendered":"","protected":false},"featured_media":11100,"template":"","meta":{"_acf_changed":false},"product_brand":[],"product_cat":[84,163],"product_tag":[],"class_list":{"0":"post-6321","1":"product","2":"type-product","3":"status-publish","4":"has-post-thumbnail","6":"product_cat-objekter-da","7":"product_cat-badevaerelse","9":"first","10":"instock","11":"taxable","12":"shipping-taxable","13":"purchasable","14":"product-type-simple"},"acf":[],"yoast_head":"<!-- This site is optimized with the Yoast SEO plugin v25.9 - https:\/\/yoast.com\/wordpress\/plugins\/seo\/ -->\n<title>Arc designer h\u00e5ndkl\u00e6destang dobbelt, sort<\/title>\n<meta name=\"description\" content=\"Arc dobbelt h\u00e5ndkl\u00e6destang i sort \u2713 Stilfuldt skandinavisk design, funktionelt og elegant. Ideel til dit badev\u00e6relse.\" \/>\n<meta name=\"robots\" content=\"index, follow, max-snippet:-1, max-image-preview:large, max-video-preview:-1\" \/>\n<link rel=\"canonical\" href=\"https:\/\/formandrefine.com\/da\/vare\/arc-towel-bar-double-black\/\" \/>\n<meta property=\"og:locale\" content=\"da_DK\" \/>\n<meta property=\"og:type\" content=\"article\" \/>\n<meta property=\"og:title\" content=\"Arc designer h\u00e5ndkl\u00e6destang dobbelt, sort\" \/>\n<meta property=\"og:description\" content=\"Arc dobbelt h\u00e5ndkl\u00e6destang i sort \u2713 Stilfuldt skandinavisk design, funktionelt og elegant. Ideel til dit badev\u00e6relse.\" \/>\n<meta property=\"og:url\" content=\"https:\/\/formandrefine.com\/da\/vare\/arc-towel-bar-double-black\/\" \/>\n<meta property=\"og:site_name\" content=\"Form &amp; Refine\" \/>\n<meta property=\"article:modified_time\" content=\"2024-08-22T11:11:11+00:00\" \/>\n<meta property=\"og:image\" content=\"https:\/\/formandrefine.com\/wp-content\/uploads\/2020\/12\/Form-and-Refine_arc_towel_bar_double_black_perspective-kopier-scaled.webp\" \/>\n\t<meta property=\"og:image:width\" content=\"2560\" \/>\n\t<meta property=\"og:image:height\" content=\"2560\" \/>\n\t<meta property=\"og:image:type\" content=\"image\/webp\" \/>\n<meta name=\"twitter:card\" content=\"summary_large_image\" \/>\n<meta name=\"twitter:label1\" content=\"Estimeret l\u00e6setid\" \/>\n\t<meta name=\"twitter:data1\" content=\"2 minutter\" \/>\n<script type=\"application\/ld+json\" class=\"yoast-schema-graph\">{\"@context\":\"https:\/\/schema.org\",\"@graph\":[{\"@type\":\"WebPage\",\"@id\":\"https:\/\/formandrefine.com\/da\/vare\/arc-towel-bar-double-black\/\",\"url\":\"https:\/\/formandrefine.com\/da\/vare\/arc-towel-bar-double-black\/\",\"name\":\"Arc designer h\u00e5ndkl\u00e6destang dobbelt, sort\",\"isPartOf\":{\"@id\":\"https:\/\/formandrefine.com\/#website\"},\"primaryImageOfPage\":{\"@id\":\"https:\/\/formandrefine.com\/da\/vare\/arc-towel-bar-double-black\/#primaryimage\"},\"image\":{\"@id\":\"https:\/\/formandrefine.com\/da\/vare\/arc-towel-bar-double-black\/#primaryimage\"},\"thumbnailUrl\":\"https:\/\/formandrefine.com\/wp-content\/uploads\/2020\/12\/Form-and-Refine_arc_towel_bar_double_black_perspective-kopier-scaled.webp\",\"datePublished\":\"2021-12-16T09:30:01+00:00\",\"dateModified\":\"2024-08-22T11:11:11+00:00\",\"description\":\"Arc dobbelt h\u00e5ndkl\u00e6destang i sort \u2713 Stilfuldt skandinavisk design, funktionelt og elegant. Ideel til dit badev\u00e6relse.\",\"breadcrumb\":{\"@id\":\"https:\/\/formandrefine.com\/da\/vare\/arc-towel-bar-double-black\/#breadcrumb\"},\"inLanguage\":\"da-DK\",\"potentialAction\":[{\"@type\":\"ReadAction\",\"target\":[\"https:\/\/formandrefine.com\/da\/vare\/arc-towel-bar-double-black\/\"]}]},{\"@type\":\"ImageObject\",\"inLanguage\":\"da-DK\",\"@id\":\"https:\/\/formandrefine.com\/da\/vare\/arc-towel-bar-double-black\/#primaryimage\",\"url\":\"https:\/\/formandrefine.com\/wp-content\/uploads\/2020\/12\/Form-and-Refine_arc_towel_bar_double_black_perspective-kopier-scaled.webp\",\"contentUrl\":\"https:\/\/formandrefine.com\/wp-content\/uploads\/2020\/12\/Form-and-Refine_arc_towel_bar_double_black_perspective-kopier-scaled.webp\",\"width\":2560,\"height\":2560},{\"@type\":\"BreadcrumbList\",\"@id\":\"https:\/\/formandrefine.com\/da\/vare\/arc-towel-bar-double-black\/#breadcrumb\",\"itemListElement\":[{\"@type\":\"ListItem\",\"position\":1,\"name\":\"Home\",\"item\":\"https:\/\/formandrefine.com\/da\/\"},{\"@type\":\"ListItem\",\"position\":2,\"name\":\"Butik\",\"item\":\"https:\/\/formandrefine.com\/da\/butik\/\"},{\"@type\":\"ListItem\",\"position\":3,\"name\":\"Arc Towel Bar Double, Black\"}]},{\"@type\":\"WebSite\",\"@id\":\"https:\/\/formandrefine.com\/#website\",\"url\":\"https:\/\/formandrefine.com\/\",\"name\":\"Form &amp; Refine\",\"description\":\"Form and Refine is a Danish design brand. We form collections of Nordic design that will refine as the years progress.\",\"potentialAction\":[{\"@type\":\"SearchAction\",\"target\":{\"@type\":\"EntryPoint\",\"urlTemplate\":\"https:\/\/formandrefine.com\/?s={search_term_string}\"},\"query-input\":{\"@type\":\"PropertyValueSpecification\",\"valueRequired\":true,\"valueName\":\"search_term_string\"}}],\"inLanguage\":\"da-DK\"}]}<\/script>\n<!-- \/ Yoast SEO plugin. -->","yoast_head_json":{"title":"Arc designer h\u00e5ndkl\u00e6destang dobbelt, sort","description":"Arc dobbelt h\u00e5ndkl\u00e6destang i sort \u2713 Stilfuldt skandinavisk design, funktionelt og elegant. Ideel til dit badev\u00e6relse.","robots":{"index":"index","follow":"follow","max-snippet":"max-snippet:-1","max-image-preview":"max-image-preview:large","max-video-preview":"max-video-preview:-1"},"canonical":"https:\/\/formandrefine.com\/da\/vare\/arc-towel-bar-double-black\/","og_locale":"da_DK","og_type":"article","og_title":"Arc designer h\u00e5ndkl\u00e6destang dobbelt, sort","og_description":"Arc dobbelt h\u00e5ndkl\u00e6destang i sort \u2713 Stilfuldt skandinavisk design, funktionelt og elegant. Ideel til dit badev\u00e6relse.","og_url":"https:\/\/formandrefine.com\/da\/vare\/arc-towel-bar-double-black\/","og_site_name":"Form &amp; Refine","article_modified_time":"2024-08-22T11:11:11+00:00","og_image":[{"width":2560,"height":2560,"url":"https:\/\/formandrefine.com\/wp-content\/uploads\/2020\/12\/Form-and-Refine_arc_towel_bar_double_black_perspective-kopier-scaled.webp","type":"image\/webp"}],"twitter_card":"summary_large_image","twitter_misc":{"Estimeret l\u00e6setid":"2 minutter"},"schema":{"@context":"https:\/\/schema.org","@graph":[{"@type":"WebPage","@id":"https:\/\/formandrefine.com\/da\/vare\/arc-towel-bar-double-black\/","url":"https:\/\/formandrefine.com\/da\/vare\/arc-towel-bar-double-black\/","name":"Arc designer h\u00e5ndkl\u00e6destang dobbelt, sort","isPartOf":{"@id":"https:\/\/formandrefine.com\/#website"},"primaryImageOfPage":{"@id":"https:\/\/formandrefine.com\/da\/vare\/arc-towel-bar-double-black\/#primaryimage"},"image":{"@id":"https:\/\/formandrefine.com\/da\/vare\/arc-towel-bar-double-black\/#primaryimage"},"thumbnailUrl":"https:\/\/formandrefine.com\/wp-content\/uploads\/2020\/12\/Form-and-Refine_arc_towel_bar_double_black_perspective-kopier-scaled.webp","datePublished":"2021-12-16T09:30:01+00:00","dateModified":"2024-08-22T11:11:11+00:00","description":"Arc dobbelt h\u00e5ndkl\u00e6destang i sort \u2713 Stilfuldt skandinavisk design, funktionelt og elegant. Ideel til dit badev\u00e6relse.","breadcrumb":{"@id":"https:\/\/formandrefine.com\/da\/vare\/arc-towel-bar-double-black\/#breadcrumb"},"inLanguage":"da-DK","potentialAction":[{"@type":"ReadAction","target":["https:\/\/formandrefine.com\/da\/vare\/arc-towel-bar-double-black\/"]}]},{"@type":"ImageObject","inLanguage":"da-DK","@id":"https:\/\/formandrefine.com\/da\/vare\/arc-towel-bar-double-black\/#primaryimage","url":"https:\/\/formandrefine.com\/wp-content\/uploads\/2020\/12\/Form-and-Refine_arc_towel_bar_double_black_perspective-kopier-scaled.webp","contentUrl":"https:\/\/formandrefine.com\/wp-content\/uploads\/2020\/12\/Form-and-Refine_arc_towel_bar_double_black_perspective-kopier-scaled.webp","width":2560,"height":2560},{"@type":"BreadcrumbList","@id":"https:\/\/formandrefine.com\/da\/vare\/arc-towel-bar-double-black\/#breadcrumb","itemListElement":[{"@type":"ListItem","position":1,"name":"Home","item":"https:\/\/formandrefine.com\/da\/"},{"@type":"ListItem","position":2,"name":"Butik","item":"https:\/\/formandrefine.com\/da\/butik\/"},{"@type":"ListItem","position":3,"name":"Arc Towel Bar Double, Black"}]},{"@type":"WebSite","@id":"https:\/\/formandrefine.com\/#website","url":"https:\/\/formandrefine.com\/","name":"Form &amp; Refine","description":"Form and Refine is a Danish design brand. We form collections of Nordic design that will refine as the years progress.","potentialAction":[{"@type":"SearchAction","target":{"@type":"EntryPoint","urlTemplate":"https:\/\/formandrefine.com\/?s={search_term_string}"},"query-input":{"@type":"PropertyValueSpecification","valueRequired":true,"valueName":"search_term_string"}}],"inLanguage":"da-DK"}]}},"_links":{"self":[{"href":"https:\/\/formandrefine.com\/da\/wp-json\/wp\/v2\/product\/6321","targetHints":{"allow":["GET"]}}],"collection":[{"href":"https:\/\/formandrefine.com\/da\/wp-json\/wp\/v2\/product"}],"about":[{"href":"https:\/\/formandrefine.com\/da\/wp-json\/wp\/v2\/types\/product"}],"version-history":[{"count":2,"href":"https:\/\/formandrefine.com\/da\/wp-json\/wp\/v2\/product\/6321\/revisions"}],"predecessor-version":[{"id":18762,"href":"https:\/\/formandrefine.com\/da\/wp-json\/wp\/v2\/product\/6321\/revisions\/18762"}],"wp:featuredmedia":[{"embeddable":true,"href":"https:\/\/formandrefine.com\/da\/wp-json\/wp\/v2\/media\/11100"}],"wp:attachment":[{"href":"https:\/\/formandrefine.com\/da\/wp-json\/wp\/v2\/media?parent=6321"}],"wp:term":[{"taxonomy":"product_brand","embeddable":true,"href":"https:\/\/formandrefine.com\/da\/wp-json\/wp\/v2\/product_brand?post=6321"},{"taxonomy":"product_cat","embeddable":true,"href":"https:\/\/formandrefine.com\/da\/wp-json\/wp\/v2\/product_cat?post=6321"},{"taxonomy":"product_tag","embeddable":true,"href":"https:\/\/formandrefine.com\/da\/wp-json\/wp\/v2\/product_tag?post=6321"}],"curies":[{"name":"wp","href":"https:\/\/api.w.org\/{rel}","templated":true}]}}