{"id":31832,"date":"2026-05-12T11:42:17","date_gmt":"2026-05-12T09:42:17","guid":{"rendered":"https:\/\/formandrefine.com\/?page_id=31832"},"modified":"2026-05-12T11:58:47","modified_gmt":"2026-05-12T09:58:47","slug":"3daysofdesign","status":"publish","type":"page","link":"https:\/\/formandrefine.com\/de\/3daysofdesign\/","title":{"rendered":"3daysofdesign"},"content":{"rendered":"<div class=\"row row-full-width\"  id=\"row-1497506687\">\n\n\t<div id=\"col-142096007\" class=\"col small-12 large-12\"  >\n\t\t\t\t<div class=\"col-inner\"  >\n\t\t\t\n\t\t\t\n    <section class=\"section adt-materials-section adt-video-section text-light \" id=\"adt-video-section-6a0467f189955\">\n        <div class=\"section-bg fill\">\n                            <div class=\"video-overlay no-click fill visible\"><\/div>\n                <video class=\"video-bg fill visible\" preload=\"metadata\" playsinline autoplay muted loop>\n                    <source src=\"https:\/\/formandrefine.com\/wp-content\/uploads\/2026\/01\/Form-and-Refine_Journal-organiser_4x5_low.mp4\" type=\"video\/mp4\">\n                <\/video>\n                <div class=\"section-bg-overlay absolute fill\"><\/div>\n                    <\/div>\n\n        <div class=\"section-content relative\">\n            <div class=\"row row-collapse row-full-width\">\n                <div class=\"col adt-materials-overlay large-12\">\n                    <div class=\"col-inner text-center\">\n\n                                                <div class=\"adt-video-header adt-video-section-white\">\n                                                        <h2 class=\"h1\">Form &amp; Refine with Courage<\/h2>\n                            \n                                                        <p class=\"adt-materials-description\">Eine Ausstellung zum Anfassen, die sich mit der Echtheit von Materialien, hoher Handwerkskunst und einem bewussten Lebensstil befasst.<\/p>\n                                                    <\/div>\n                        \n                        \n                                                <div class=\"adt-video-bottom\">\n                            <h2 class=\"adt-big-text\">3daysofdesign<\/h2>\n                        <\/div>\n                        \n                    <\/div>\n                <\/div>\n            <\/div>\n        <\/div>\n\n        <style>\n        #adt-video-section-6a0467f189955 {\n            min-height: 842px;\n                    }\n        #adt-video-section-6a0467f189955 .section-bg-overlay {\n            background-color: rgba(0, 0, 0, 0.25);\n        }\n                <\/style>\n    <\/section>\n    \n\t\t<\/div>\n\t\t\t\t\t<\/div>\n\n\t\n<\/div>\n\n\t<section class=\"section\" id=\"section_844397874\">\n\t\t<div class=\"section-bg fill\" >\n\t\t\t\t\t\t\t\t\t\n\t\t\t\n\n\t\t<\/div>\n\n\t\t\n\n\t\t<div class=\"section-content relative\">\n\t\t\t\n<div class=\"row\" style=\"max-width:740px\" id=\"row-1805380799\">\n\n\t<div id=\"col-1902866653\" class=\"col small-12 large-12\"  >\n\t\t\t\t<div class=\"col-inner text-center\"  >\n\t\t\t\n\t\t\t\n\t<div id=\"gap-57084163\" class=\"gap-element clearfix\" style=\"display:block; height:auto;\">\n\t\t\n<style>\n#gap-57084163 {\n  padding-top: 3rem;\n}\n<\/style>\n\t<\/div>\n\t\n<p class=\"adt-body-text-2\">Anl\u00e4sslich der 3daysofdesign 2026 l\u00e4dt Form &amp; Refine die Besucher zu einer einladenden und haptisch ansprechenden Ausstellung ein, die von materieller Ehrlichkeit, feiner Handwerkskunst und einem durchdachten Ansatz f\u00fcr das Wohnen auf kleinem Raum gepr\u00e4gt ist.<\/p>\n<p class=\"adt-body-text-2\">Ausgehend von der \u00dcberzeugung, dass sinnvolles Design selbst die kompaktesten R\u00e4ume aufwerten kann, pr\u00e4sentiert die Ausstellung M\u00f6bel und Objekte, die Ruhe, Funktionalit\u00e4t und einen bleibenden Charakter in moderne Wohnr\u00e4ume bringen sollen.<\/p>\n\t<div id=\"gap-322107215\" class=\"gap-element clearfix\" style=\"display:block; height:auto;\">\n\t\t\n<style>\n#gap-322107215 {\n  padding-top: 3rem;\n}\n<\/style>\n\t<\/div>\n\t\n\t\t<\/div>\n\t\t\t\t\t<\/div>\n\n\t\n<\/div>\n\t\t<\/div>\n\n\t\t\n<style>\n#section_844397874 {\n  padding-top: 30px;\n  padding-bottom: 30px;\n}\n<\/style>\n\t<\/section>\n\t\n\n\t<section class=\"section\" id=\"section_1346762887\">\n\t\t<div class=\"section-bg fill\" >\n\t\t\t\t\t\t\t\t\t\n\t\t\t\n\n\t\t<\/div>\n\n\t\t\n\n\t\t<div class=\"section-content relative\">\n\t\t\t\n<div class=\"row row-full-width\"  id=\"row-108857024\">\n\n\t<div id=\"col-1380952459\" class=\"col large-12\"  >\n\t\t\t\t<div class=\"col-inner text-center\"  >\n\t\t\t\n\t\t\t\n<section class=\"adt-slider-hero-element adt-slider-base arrow-cursor\" style=\"--adt-hero-height: 770px; --adt-hero-height-sm: 100svh; background-color: #f2e7d2;\" data-height=\"770px\" data-height-sm=\"100svh\"><div class=\"adt-hero-slider-wrapper\"><div id=\"adt-hero-slider-6a0467f18a2a0\" class=\"adt-hero-slider\" data-slider-options='{&quot;showArrows&quot;:false,&quot;showDots&quot;:true,&quot;peekAmount&quot;:10,&quot;peekAmountMd&quot;:null,&quot;peekAmountSm&quot;:null}' >\n\n                <div class=\"adt-hero-slide active\" data-slide-index=\"0\"><div class=\"adt-hero-slide-inner\"><h2 class=\"adt-hero-title\">Bewusstes Leben<\/h2><div class=\"adt-stack-cta\" style=\"opacity: 0; pointer-events: none;\" data-cta-wrapper=\"true\"><a href=\"\" class=\"adt-stack-cta-button\" data-cta-link=\"true\"><span data-cta-text=\"true\">Entdecken<\/span><\/a><\/div><div class=\"adt-hero-image-container\"><img fetchpriority=\"high\" decoding=\"async\" width=\"797\" height=\"1024\" src=\"https:\/\/formandrefine.com\/wp-content\/uploads\/2022\/12\/Form-and-Refine_Living_Icon-loungchair-brown_leafshelf-whiteoak_545x700-3-797x1024.webp\" class=\"adt-hero-image\" alt=\"\" loading=\"eager\" srcset=\"https:\/\/formandrefine.com\/wp-content\/uploads\/2022\/12\/Form-and-Refine_Living_Icon-loungchair-brown_leafshelf-whiteoak_545x700-3-797x1024.webp 797w, https:\/\/formandrefine.com\/wp-content\/uploads\/2022\/12\/Form-and-Refine_Living_Icon-loungchair-brown_leafshelf-whiteoak_545x700-3-510x655.webp 510w, https:\/\/formandrefine.com\/wp-content\/uploads\/2022\/12\/Form-and-Refine_Living_Icon-loungchair-brown_leafshelf-whiteoak_545x700-3-234x300.webp 234w, https:\/\/formandrefine.com\/wp-content\/uploads\/2022\/12\/Form-and-Refine_Living_Icon-loungchair-brown_leafshelf-whiteoak_545x700-3-768x986.webp 768w, https:\/\/formandrefine.com\/wp-content\/uploads\/2022\/12\/Form-and-Refine_Living_Icon-loungchair-brown_leafshelf-whiteoak_545x700-3-1196x1536.webp 1196w, https:\/\/formandrefine.com\/wp-content\/uploads\/2022\/12\/Form-and-Refine_Living_Icon-loungchair-brown_leafshelf-whiteoak_545x700-3-47x60.webp 47w, https:\/\/formandrefine.com\/wp-content\/uploads\/2022\/12\/Form-and-Refine_Living_Icon-loungchair-brown_leafshelf-whiteoak_545x700-3-70x90.webp 70w, https:\/\/formandrefine.com\/wp-content\/uploads\/2022\/12\/Form-and-Refine_Living_Icon-loungchair-brown_leafshelf-whiteoak_545x700-3.webp 1495w\" sizes=\"(max-width: 797px) 100vw, 797px\" \/><\/div><div class=\"adt-hero-description adt-text-width-medium\" ><p>Mit nat\u00fcrlichen Materialien, architektonischer Schlichtheit und durchdachten Details zeigt Form &amp; Refine auf, wie Design eine st\u00e4rkere Verbindung zwischen Menschen, Raum und Alltag schaffen kann.<\/p>\n<\/div><\/div><\/div><div class=\"adt-hero-slide \" data-slide-index=\"1\"><div class=\"adt-hero-slide-inner\"><h2 class=\"adt-hero-title\">Sneak Peek - neue Kollektion<\/h2><div class=\"adt-stack-cta\" style=\"opacity: 0; pointer-events: none;\" data-cta-wrapper=\"true\"><a href=\"\" class=\"adt-stack-cta-button\" data-cta-link=\"true\"><span data-cta-text=\"true\">Entdecken<\/span><\/a><\/div><div class=\"adt-hero-image-container\"><img decoding=\"async\" width=\"819\" height=\"1024\" src=\"https:\/\/formandrefine.com\/wp-content\/uploads\/2026\/05\/Form-and-Refine_Living_Monolith_detail2-819x1024.webp\" class=\"adt-hero-image\" alt=\"\" loading=\"lazy\" srcset=\"https:\/\/formandrefine.com\/wp-content\/uploads\/2026\/05\/Form-and-Refine_Living_Monolith_detail2-819x1024.webp 819w, https:\/\/formandrefine.com\/wp-content\/uploads\/2026\/05\/Form-and-Refine_Living_Monolith_detail2-240x300.webp 240w, https:\/\/formandrefine.com\/wp-content\/uploads\/2026\/05\/Form-and-Refine_Living_Monolith_detail2-768x960.webp 768w, https:\/\/formandrefine.com\/wp-content\/uploads\/2026\/05\/Form-and-Refine_Living_Monolith_detail2-1229x1536.webp 1229w, https:\/\/formandrefine.com\/wp-content\/uploads\/2026\/05\/Form-and-Refine_Living_Monolith_detail2-48x60.webp 48w, https:\/\/formandrefine.com\/wp-content\/uploads\/2026\/05\/Form-and-Refine_Living_Monolith_detail2-72x90.webp 72w, https:\/\/formandrefine.com\/wp-content\/uploads\/2026\/05\/Form-and-Refine_Living_Monolith_detail2.webp 1410w\" sizes=\"auto, (max-width: 819px) 100vw, 819px\" \/><\/div><div class=\"adt-hero-description adt-text-width-medium\" ><p>Besucher erhalten einen exklusiven Einblick in die neue Kollektion, darunter Produkte aus zwei neuen Kategorien  \u2013 darunter auch die ersten Leuchten von Form &amp; Refine.<\/p>\n<\/div><\/div><\/div><div class=\"adt-hero-slide \" data-slide-index=\"2\"><div class=\"adt-hero-slide-inner\"><h2 class=\"adt-hero-title\">Events vor Ort<\/h2><div class=\"adt-stack-cta\" style=\"opacity: 0; pointer-events: none;\" data-cta-wrapper=\"true\"><a href=\"\" class=\"adt-stack-cta-button\" data-cta-link=\"true\"><span data-cta-text=\"true\">Entdecke<\/span><\/a><\/div><div class=\"adt-hero-image-container\"><img decoding=\"async\" width=\"1020\" height=\"1020\" src=\"https:\/\/formandrefine.com\/wp-content\/uploads\/2023\/12\/Form-and-Refine_Living_Pinho-glass-carafe_Water-hoover-1024x1024.webp\" class=\"adt-hero-image\" alt=\"\" loading=\"lazy\" srcset=\"https:\/\/formandrefine.com\/wp-content\/uploads\/2023\/12\/Form-and-Refine_Living_Pinho-glass-carafe_Water-hoover-1024x1024.webp 1024w, https:\/\/formandrefine.com\/wp-content\/uploads\/2023\/12\/Form-and-Refine_Living_Pinho-glass-carafe_Water-hoover-scaled-800x800.webp 800w, https:\/\/formandrefine.com\/wp-content\/uploads\/2023\/12\/Form-and-Refine_Living_Pinho-glass-carafe_Water-hoover-scaled-100x100.webp 100w, https:\/\/formandrefine.com\/wp-content\/uploads\/2023\/12\/Form-and-Refine_Living_Pinho-glass-carafe_Water-hoover-scaled-1600x1600.webp 1600w, https:\/\/formandrefine.com\/wp-content\/uploads\/2023\/12\/Form-and-Refine_Living_Pinho-glass-carafe_Water-hoover-300x300.webp 300w, https:\/\/formandrefine.com\/wp-content\/uploads\/2023\/12\/Form-and-Refine_Living_Pinho-glass-carafe_Water-hoover-150x150.webp 150w, https:\/\/formandrefine.com\/wp-content\/uploads\/2023\/12\/Form-and-Refine_Living_Pinho-glass-carafe_Water-hoover-768x768.webp 768w, https:\/\/formandrefine.com\/wp-content\/uploads\/2023\/12\/Form-and-Refine_Living_Pinho-glass-carafe_Water-hoover-1536x1536.webp 1536w, https:\/\/formandrefine.com\/wp-content\/uploads\/2023\/12\/Form-and-Refine_Living_Pinho-glass-carafe_Water-hoover-2048x2048.webp 2048w\" sizes=\"auto, (max-width: 1020px) 100vw, 1020px\" \/><\/div><div class=\"adt-hero-description adt-text-width-medium\" ><p>Genie\u00dfe t\u00e4glich Barista-Kaffee von Original Coffee oder gek\u00fchlten Wein und leichte Snacks zu Sips &amp; Senses, t\u00e4glich ab 16.30 Uhr.<\/p>\n<\/div><\/div><\/div><div class=\"adt-hero-slide \" data-slide-index=\"3\"><div class=\"adt-hero-slide-inner\"><h2 class=\"adt-hero-title\">Kollaborative Ausstellung<\/h2><div class=\"adt-stack-cta\" style=\"opacity: 0; pointer-events: none;\" data-cta-wrapper=\"true\"><a href=\"\" class=\"adt-stack-cta-button\" data-cta-link=\"true\"><span data-cta-text=\"true\">Entdecke<\/span><\/a><\/div><div class=\"adt-hero-image-container\"><img decoding=\"async\" width=\"1020\" height=\"646\" src=\"https:\/\/formandrefine.com\/wp-content\/uploads\/2026\/05\/Kurage2275_4x5-_2_-1-1024x649.webp\" class=\"adt-hero-image\" alt=\"\" loading=\"lazy\" srcset=\"https:\/\/formandrefine.com\/wp-content\/uploads\/2026\/05\/Kurage2275_4x5-_2_-1-1024x649.webp 1024w, https:\/\/formandrefine.com\/wp-content\/uploads\/2026\/05\/Kurage2275_4x5-_2_-1-300x190.webp 300w, https:\/\/formandrefine.com\/wp-content\/uploads\/2026\/05\/Kurage2275_4x5-_2_-1-768x486.webp 768w, https:\/\/formandrefine.com\/wp-content\/uploads\/2026\/05\/Kurage2275_4x5-_2_-1-1536x973.webp 1536w, https:\/\/formandrefine.com\/wp-content\/uploads\/2026\/05\/Kurage2275_4x5-_2_-1-95x60.webp 95w, https:\/\/formandrefine.com\/wp-content\/uploads\/2026\/05\/Kurage2275_4x5-_2_-1-142x90.webp 142w, https:\/\/formandrefine.com\/wp-content\/uploads\/2026\/05\/Kurage2275_4x5-_2_-1-1600x1013.webp 1600w, https:\/\/formandrefine.com\/wp-content\/uploads\/2026\/05\/Kurage2275_4x5-_2_-1.webp 1920w\" sizes=\"auto, (max-width: 1020px) 100vw, 1020px\" \/><\/div><div class=\"adt-hero-description adt-text-width-medium\" ><p>In Zusammenarbeit mit der d\u00e4nischen Textil- und Akustikmarke Kurage schafft Form &amp; Refine einen ruhigen, sinnlichen Raum, in dem M\u00f6bel, Vorh\u00e4nge, Akustik und Beleuchtung die Besucher dazu einladen, einen Gang herunterzuschalten und im Rhythmus der Stadt wieder zu sich selbst zu finden.<\/p>\n<\/div><\/div><\/div><\/div><div class=\"adt-hero-bottom-section\"><div class=\"adt-hero-navigation\"><div class=\"adt-hero-nav-item active\" data-slide-index=\"0\"><span class=\"adt-hero-nav-title\">Bewusstes Leben<\/span><span class=\"adt-hero-nav-dot\"><\/span><\/div><div class=\"adt-hero-nav-item \" data-slide-index=\"1\"><span class=\"adt-hero-nav-title\">Sneak Peek - neue Kollektion<\/span><span class=\"adt-hero-nav-dot\"><\/span><\/div><div class=\"adt-hero-nav-item \" data-slide-index=\"2\"><span class=\"adt-hero-nav-title\">Events vor Ort<\/span><span class=\"adt-hero-nav-dot\"><\/span><\/div><div class=\"adt-hero-nav-item \" data-slide-index=\"3\"><span class=\"adt-hero-nav-title\">Kollaborative Ausstellung<\/span><span class=\"adt-hero-nav-dot\"><\/span><\/div><\/div><\/div><\/div><\/section>\n\t\t<\/div>\n\t\t\t\t\t<\/div>\n\n\t\n<\/div>\n\t\t<\/div>\n\n\t\t\n<style>\n#section_1346762887 {\n  padding-top: 0px;\n  padding-bottom: 0px;\n  background-color: rgb(242, 231, 210);\n}\n<\/style>\n\t<\/section>\n\t\n\n\t<section class=\"section\" id=\"section_1122924325\">\n\t\t<div class=\"section-bg fill\" >\n\t\t\t\t\t\t\t\t\t\n\t\t\t\n\n\t\t<\/div>\n\n\t\t\n\n\t\t<div class=\"section-content relative\">\n\t\t\t\n<div class=\"row row-large\"  id=\"row-1635577712\">\n\n\t<div id=\"col-898081409\" class=\"col adt_downloads small-12 large-12\"  >\n\t\t\t\t<div class=\"col-inner text-center\"  >\n\t\t\t\n\t\t\t\n\t<div id=\"gap-1620240952\" class=\"gap-element clearfix\" style=\"display:block; height:auto;\">\n\t\t\n<style>\n#gap-1620240952 {\n  padding-top: 6rem;\n}\n<\/style>\n\t<\/div>\n\t\n<h1 class=\"adt-big-headline-h2\">N\u00fctzliche Infos<\/h1>\n\t<div id=\"gap-346913195\" class=\"gap-element clearfix\" style=\"display:block; height:auto;\">\n\t\t\n<style>\n#gap-346913195 {\n  padding-top: 20px;\n}\n<\/style>\n\t<\/div>\n\t\n<p class=\"adt-body-text-2\"><strong>Datum<\/strong><br \/>18. \u2013 20. Juni 2026<\/p>\n<p class=\"adt-body-text-2\"><strong>\u00d6ffnungszeiten<\/strong><br \/>10.00 \u2013 18.00 Uhr<\/p>\n<p class=\"adt-body-text-2\"><strong>T\u00e4gliche Highlights<\/strong><br \/>T\u00e4glich Barista Coffee von Original Coffee<br \/>Sips &amp; Senses 16.30 \u2013 18.00 Uhr<\/p>\n<p class=\"adt-body-text-2\"><strong>Ort<\/strong><br \/>Store Kongensgade 122<br \/>Kopenhagen, D\u00e4nemark<\/p>\n<p class=\"adt-body-text-2\"><strong>Kontakt<\/strong><br \/>Wir freuen uns darauf, Architekten, Partner, Pressevertreter und Designbegeisterte<br \/>w\u00e4hrend der 3daysofdesign 2026 begr\u00fc\u00dfen zu d\u00fcrfen.<br \/>F\u00fcr Terminvereinbarungen wendet Euch bitte an sarah@formandrefine.com<\/p>\n\t<div id=\"gap-1257201528\" class=\"gap-element clearfix\" style=\"display:block; height:auto;\">\n\t\t\n<style>\n#gap-1257201528 {\n  padding-top: 30px;\n}\n<\/style>\n\t<\/div>\n\t\n\t\t<\/div>\n\t\t\t\t\t<\/div>\n\n\t\n<\/div>\n\t\t<\/div>\n\n\t\t\n<style>\n#section_1122924325 {\n  padding-top: 0px;\n  padding-bottom: 0px;\n}\n<\/style>\n\t<\/section>\n\t\n<div class=\"is-divider divider clearfix\" style=\"max-width:2600px;height:1px;background-color:rgba(46, 40, 40, 0.2);\"><\/div>\n\n\t<section class=\"section\" id=\"section_815462213\">\n\t\t<div class=\"section-bg fill\" >\n\t\t\t\t\t\t\t\t\t\n\t\t\t\n\n\t\t<\/div>\n\n\t\t\n\n\t\t<div class=\"section-content relative\">\n\t\t\t\n<div class=\"row align-center\" style=\"max-width:740px\" id=\"row-2115413725\">\n\n\t<div id=\"col-1409822382\" class=\"col small-12 large-12\"  >\n\t\t\t\t<div class=\"col-inner text-center\"  >\n\t\t\t\n\t\t\t\n\t<div id=\"gap-358978871\" class=\"gap-element clearfix\" style=\"display:block; height:auto;\">\n\t\t\n<style>\n#gap-358978871 {\n  padding-top: 60px;\n}\n<\/style>\n\t<\/div>\n\t\n<p class=\"adt-body-text-2\">Weitere Informationen zur Ausstellung findest du in unserer Pressemitteilung:<\/p>\n\t<div id=\"gap-1686457992\" class=\"gap-element clearfix\" style=\"display:block; height:auto;\">\n\t\t\n<style>\n#gap-1686457992 {\n  padding-top: 40px;\n}\n<\/style>\n\t<\/div>\n\t\n\t<div class=\"img has-hover x md-x lg-x y md-y lg-y\" id=\"image_403444952\">\n\t\t<a class=\"\" href=\"https:\/\/assets.presscloud.com\/file\/97\/971376099098318\/Press_Release_Be_Present_at_Form_and_Refine_x_Kurage_.pdf\" target=\"_blank\" rel=\"noopener\" >\t\t\t\t\t\t<div class=\"img-inner dark\" >\n\t\t\t<img loading=\"lazy\" decoding=\"async\" width=\"1495\" height=\"1920\" src=\"https:\/\/formandrefine.com\/wp-content\/uploads\/2026\/05\/Events_3dd_2026_-545x7002-kopier.webp\" class=\"attachment-original size-original\" alt=\"\" srcset=\"https:\/\/formandrefine.com\/wp-content\/uploads\/2026\/05\/Events_3dd_2026_-545x7002-kopier.webp 1495w, https:\/\/formandrefine.com\/wp-content\/uploads\/2026\/05\/Events_3dd_2026_-545x7002-kopier-234x300.webp 234w, https:\/\/formandrefine.com\/wp-content\/uploads\/2026\/05\/Events_3dd_2026_-545x7002-kopier-797x1024.webp 797w, https:\/\/formandrefine.com\/wp-content\/uploads\/2026\/05\/Events_3dd_2026_-545x7002-kopier-768x986.webp 768w, https:\/\/formandrefine.com\/wp-content\/uploads\/2026\/05\/Events_3dd_2026_-545x7002-kopier-1196x1536.webp 1196w, https:\/\/formandrefine.com\/wp-content\/uploads\/2026\/05\/Events_3dd_2026_-545x7002-kopier-47x60.webp 47w, https:\/\/formandrefine.com\/wp-content\/uploads\/2026\/05\/Events_3dd_2026_-545x7002-kopier-70x90.webp 70w\" sizes=\"auto, (max-width: 1495px) 100vw, 1495px\" \/>\t\t\t\t\t\t\n\t\t\t\t\t<\/div>\n\t\t\t\t\t\t<\/a>\t\t\n<style>\n#image_403444952 {\n  width: 70%;\n}\n@media (min-width:550px) {\n  #image_403444952 {\n    width: 50%;\n  }\n}\n@media (min-width:850px) {\n  #image_403444952 {\n    width: 40%;\n  }\n}\n<\/style>\n\t<\/div>\n\t\n\t<div id=\"gap-860586746\" class=\"gap-element clearfix\" style=\"display:block; height:auto;\">\n\t\t\n<style>\n#gap-860586746 {\n  padding-top: 30px;\n}\n<\/style>\n\t<\/div>\n\t\n\t\t<\/div>\n\t\t\t\t\t<\/div>\n\n\t\n<\/div>\n\t\t<\/div>\n\n\t\t\n<style>\n#section_815462213 {\n  padding-top: 0px;\n  padding-bottom: 0px;\n}\n<\/style>\n\t<\/section>\n\t\n","protected":false},"excerpt":{"rendered":"","protected":false},"author":13,"featured_media":0,"parent":0,"menu_order":0,"comment_status":"closed","ping_status":"closed","template":"","meta":{"_acf_changed":false,"footnotes":""},"class_list":["post-31832","page","type-page","status-publish","hentry"],"acf":[],"yoast_head":"<!-- This site is optimized with the Yoast SEO plugin v25.9 - https:\/\/yoast.com\/wordpress\/plugins\/seo\/ -->\n<title>Erlebe Form &amp; Refine w\u00e4hrend der 3daysofdesign 2026<\/title>\n<meta name=\"description\" content=\"Entdecke Form &amp; Refine auf der 3daysofdesign 2026 in Kopenhagen. Erlebe zeitgen\u00f6ssische nordische M\u00f6bel, Leuchten und Objekte, die durch nat\u00fcrliche Materialien und hochwertige Handwerkskunst gepr\u00e4gt sind.\" \/>\n<meta name=\"robots\" content=\"index, follow, max-snippet:-1, max-image-preview:large, max-video-preview:-1\" \/>\n<link rel=\"canonical\" href=\"https:\/\/formandrefine.com\/3daysofdesign\/\" \/>\n<meta property=\"og:locale\" content=\"de_DE\" \/>\n<meta property=\"og:type\" content=\"article\" \/>\n<meta property=\"og:title\" content=\"Erlebe Form &amp; Refine w\u00e4hrend der 3daysofdesign 2026\" \/>\n<meta property=\"og:description\" content=\"Entdecke Form &amp; Refine auf der 3daysofdesign 2026 in Kopenhagen. Erlebe zeitgen\u00f6ssische nordische M\u00f6bel, Leuchten und Objekte, die durch nat\u00fcrliche Materialien und hochwertige Handwerkskunst gepr\u00e4gt sind.\" \/>\n<meta property=\"og:url\" content=\"https:\/\/formandrefine.com\/3daysofdesign\/\" \/>\n<meta property=\"og:site_name\" content=\"Form &amp; Refine\" \/>\n<meta property=\"article:modified_time\" content=\"2026-05-12T09:58:47+00:00\" \/>\n<meta name=\"twitter:card\" content=\"summary_large_image\" \/>\n<meta name=\"twitter:label1\" content=\"Gesch\u00e4tzte Lesezeit\" \/>\n\t<meta name=\"twitter:data1\" content=\"2\u00a0Minuten\" \/>\n<script type=\"application\/ld+json\" class=\"yoast-schema-graph\">{\"@context\":\"https:\/\/schema.org\",\"@graph\":[{\"@type\":\"WebPage\",\"@id\":\"https:\/\/formandrefine.com\/3daysofdesign\/\",\"url\":\"https:\/\/formandrefine.com\/3daysofdesign\/\",\"name\":\"Erlebe Form & Refine w\u00e4hrend der 3daysofdesign 2026\",\"isPartOf\":{\"@id\":\"https:\/\/formandrefine.com\/#website\"},\"datePublished\":\"2026-05-12T09:42:17+00:00\",\"dateModified\":\"2026-05-12T09:58:47+00:00\",\"description\":\"Entdecke Form & Refine auf der 3daysofdesign 2026 in Kopenhagen. Erlebe zeitgen\u00f6ssische nordische M\u00f6bel, Leuchten und Objekte, die durch nat\u00fcrliche Materialien und hochwertige Handwerkskunst gepr\u00e4gt sind.\",\"breadcrumb\":{\"@id\":\"https:\/\/formandrefine.com\/3daysofdesign\/#breadcrumb\"},\"inLanguage\":\"de\",\"potentialAction\":[{\"@type\":\"ReadAction\",\"target\":[\"https:\/\/formandrefine.com\/3daysofdesign\/\"]}]},{\"@type\":\"BreadcrumbList\",\"@id\":\"https:\/\/formandrefine.com\/3daysofdesign\/#breadcrumb\",\"itemListElement\":[{\"@type\":\"ListItem\",\"position\":1,\"name\":\"Home\",\"item\":\"https:\/\/formandrefine.com\/de\/\"},{\"@type\":\"ListItem\",\"position\":2,\"name\":\"3daysofdesign\"}]},{\"@type\":\"WebSite\",\"@id\":\"https:\/\/formandrefine.com\/#website\",\"url\":\"https:\/\/formandrefine.com\/\",\"name\":\"Form &amp; Refine\",\"description\":\"Form and Refine is a Danish design brand. We form collections of Nordic design that will refine as the years progress.\",\"potentialAction\":[{\"@type\":\"SearchAction\",\"target\":{\"@type\":\"EntryPoint\",\"urlTemplate\":\"https:\/\/formandrefine.com\/?s={search_term_string}\"},\"query-input\":{\"@type\":\"PropertyValueSpecification\",\"valueRequired\":true,\"valueName\":\"search_term_string\"}}],\"inLanguage\":\"de\"}]}<\/script>\n<!-- \/ Yoast SEO plugin. -->","yoast_head_json":{"title":"Erlebe Form & Refine w\u00e4hrend der 3daysofdesign 2026","description":"Entdecke Form & Refine auf der 3daysofdesign 2026 in Kopenhagen. Erlebe zeitgen\u00f6ssische nordische M\u00f6bel, Leuchten und Objekte, die durch nat\u00fcrliche Materialien und hochwertige Handwerkskunst gepr\u00e4gt sind.","robots":{"index":"index","follow":"follow","max-snippet":"max-snippet:-1","max-image-preview":"max-image-preview:large","max-video-preview":"max-video-preview:-1"},"canonical":"https:\/\/formandrefine.com\/3daysofdesign\/","og_locale":"de_DE","og_type":"article","og_title":"Erlebe Form & Refine w\u00e4hrend der 3daysofdesign 2026","og_description":"Entdecke Form & Refine auf der 3daysofdesign 2026 in Kopenhagen. Erlebe zeitgen\u00f6ssische nordische M\u00f6bel, Leuchten und Objekte, die durch nat\u00fcrliche Materialien und hochwertige Handwerkskunst gepr\u00e4gt sind.","og_url":"https:\/\/formandrefine.com\/3daysofdesign\/","og_site_name":"Form &amp; Refine","article_modified_time":"2026-05-12T09:58:47+00:00","twitter_card":"summary_large_image","twitter_misc":{"Gesch\u00e4tzte Lesezeit":"2\u00a0Minuten"},"schema":{"@context":"https:\/\/schema.org","@graph":[{"@type":"WebPage","@id":"https:\/\/formandrefine.com\/3daysofdesign\/","url":"https:\/\/formandrefine.com\/3daysofdesign\/","name":"Erlebe Form & Refine w\u00e4hrend der 3daysofdesign 2026","isPartOf":{"@id":"https:\/\/formandrefine.com\/#website"},"datePublished":"2026-05-12T09:42:17+00:00","dateModified":"2026-05-12T09:58:47+00:00","description":"Entdecke Form & Refine auf der 3daysofdesign 2026 in Kopenhagen. Erlebe zeitgen\u00f6ssische nordische M\u00f6bel, Leuchten und Objekte, die durch nat\u00fcrliche Materialien und hochwertige Handwerkskunst gepr\u00e4gt sind.","breadcrumb":{"@id":"https:\/\/formandrefine.com\/3daysofdesign\/#breadcrumb"},"inLanguage":"de","potentialAction":[{"@type":"ReadAction","target":["https:\/\/formandrefine.com\/3daysofdesign\/"]}]},{"@type":"BreadcrumbList","@id":"https:\/\/formandrefine.com\/3daysofdesign\/#breadcrumb","itemListElement":[{"@type":"ListItem","position":1,"name":"Home","item":"https:\/\/formandrefine.com\/de\/"},{"@type":"ListItem","position":2,"name":"3daysofdesign"}]},{"@type":"WebSite","@id":"https:\/\/formandrefine.com\/#website","url":"https:\/\/formandrefine.com\/","name":"Form &amp; Refine","description":"Form and Refine is a Danish design brand. We form collections of Nordic design that will refine as the years progress.","potentialAction":[{"@type":"SearchAction","target":{"@type":"EntryPoint","urlTemplate":"https:\/\/formandrefine.com\/?s={search_term_string}"},"query-input":{"@type":"PropertyValueSpecification","valueRequired":true,"valueName":"search_term_string"}}],"inLanguage":"de"}]}},"_links":{"self":[{"href":"https:\/\/formandrefine.com\/de\/wp-json\/wp\/v2\/pages\/31832","targetHints":{"allow":["GET"]}}],"collection":[{"href":"https:\/\/formandrefine.com\/de\/wp-json\/wp\/v2\/pages"}],"about":[{"href":"https:\/\/formandrefine.com\/de\/wp-json\/wp\/v2\/types\/page"}],"author":[{"embeddable":true,"href":"https:\/\/formandrefine.com\/de\/wp-json\/wp\/v2\/users\/13"}],"replies":[{"embeddable":true,"href":"https:\/\/formandrefine.com\/de\/wp-json\/wp\/v2\/comments?post=31832"}],"version-history":[{"count":10,"href":"https:\/\/formandrefine.com\/de\/wp-json\/wp\/v2\/pages\/31832\/revisions"}],"predecessor-version":[{"id":31998,"href":"https:\/\/formandrefine.com\/de\/wp-json\/wp\/v2\/pages\/31832\/revisions\/31998"}],"wp:attachment":[{"href":"https:\/\/formandrefine.com\/de\/wp-json\/wp\/v2\/media?parent=31832"}],"curies":[{"name":"wp","href":"https:\/\/api.w.org\/{rel}","templated":true}]}}