{"id":4557,"date":"2021-06-23T01:38:56","date_gmt":"2021-06-22T23:38:56","guid":{"rendered":"https:\/\/formandrefine.com\/?page_id=4557"},"modified":"2022-10-11T10:51:15","modified_gmt":"2022-10-11T08:51:15","slug":"imagebank","status":"publish","type":"page","link":"https:\/\/formandrefine.com\/de\/contact\/imagebank\/","title":{"rendered":"Bilderdatenbank"},"content":{"rendered":"\n\t<section class=\"section contact\" id=\"section_350730358\">\n\t\t<div class=\"section-bg fill\" >\n\t\t\t\t\t\t\t\t\t\n\t\t\t\n\n\t\t<\/div>\n\n\t\t\n\n\t\t<div class=\"section-content relative\">\n\t\t\t\n<div class=\"row align-middle\" style=\"max-width:1140px\" id=\"row-747528684\">\n\n\t<div id=\"col-914412651\" class=\"col medium-6 small-12 large-6\"  >\n\t\t\t\t<div class=\"col-inner\"  >\n\t\t\t\n\t\t\t\n\t<div class=\"img has-hover x md-x lg-x y md-y lg-y\" id=\"image_1341300050\">\n\t\t\t\t\t\t\t\t<div class=\"img-inner dark\" >\n\t\t\t<img decoding=\"async\" width=\"797\" height=\"1024\" src=\"https:\/\/formandrefine.com\/wp-content\/uploads\/2021\/01\/FR_Damsbo_Dining-Table_Blueprint_Chair_Oak_545x700.jpg\" class=\"attachment-large size-large\" alt=\"\" srcset=\"https:\/\/formandrefine.com\/wp-content\/uploads\/2021\/01\/FR_Damsbo_Dining-Table_Blueprint_Chair_Oak_545x700.jpg 1466w, https:\/\/formandrefine.com\/wp-content\/uploads\/2021\/01\/FR_Damsbo_Dining-Table_Blueprint_Chair_Oak_545x700-510x655.jpg 510w\" sizes=\"(max-width: 797px) 100vw, 797px\" \/>\t\t\t\t\t\t\n\t\t\t\t\t<\/div>\n\t\t\t\t\t\t\t\t\n<style>\n#image_1341300050 {\n  width: 100%;\n}\n<\/style>\n\t<\/div>\n\t\n\t\t<\/div>\n\t\t\t\t\n<style>\n#col-914412651 > .col-inner {\n  padding: 0px 0 0px 0px;\n}\n@media (min-width:850px) {\n  #col-914412651 > .col-inner {\n    padding: 0px 75px 0px 0px;\n  }\n}\n<\/style>\n\t<\/div>\n\n\t\n\n\t<div id=\"col-1475373222\" class=\"col medium-6 small-12 large-6\"  >\n\t\t\t\t<div class=\"col-inner\"  >\n\t\t\t\n\t\t\t\n<h2 style=\"text-align: left;\"><span data-sheets-value=\"{&quot;1&quot;:2,&quot;2&quot;:&quot;Bilderdatenbank&quot;}\" data-sheets-userformat=\"{&quot;2&quot;:8961,&quot;3&quot;:{&quot;1&quot;:0},&quot;11&quot;:4,&quot;12&quot;:0,&quot;16&quot;:10}\">Bilderdatenbank<\/span><\/h2>\n<p><span data-sheets-value=\"{&quot;1&quot;:2,&quot;2&quot;:&quot;Gerne k\u00f6nnt Ihr die Fotos aus unserer Bilderdatenbank verwenden. Alle Bilder k\u00f6nnen \u00fcber folgenden Link runtergeladen werden: &quot;}\" data-sheets-userformat=\"{&quot;2&quot;:8961,&quot;3&quot;:{&quot;1&quot;:0},&quot;11&quot;:4,&quot;12&quot;:0,&quot;16&quot;:10}\">Gerne k\u00f6nnt Ihr die Fotos aus unserer Bilderdatenbank verwenden. Alle Bilder k\u00f6nnen \u00fcber folgenden Link runtergeladen werden: <\/span><\/p>\n<p><a href=\"https:\/\/formandrefine.presscloud.com\/digitalshowroom\/#\/gallery\"><span data-sheets-value=\"{&quot;1&quot;:2,&quot;2&quot;:&quot;Marken Bilder&quot;}\" data-sheets-userformat=\"{&quot;2&quot;:8961,&quot;3&quot;:{&quot;1&quot;:0},&quot;11&quot;:4,&quot;12&quot;:0,&quot;16&quot;:10}\">Marken Bilder<\/span><\/a><\/p>\n<p><a href=\"https:\/\/formandrefine.presscloud.com\/digitalshowroom\/#\/gallery\"><span data-sheets-value=\"{&quot;1&quot;:2,&quot;2&quot;:&quot;Produkt Bilder&quot;}\" data-sheets-userformat=\"{&quot;2&quot;:8961,&quot;3&quot;:{&quot;1&quot;:0},&quot;11&quot;:4,&quot;12&quot;:0,&quot;16&quot;:10}\">Produkt Bilder<\/span><\/a><\/p>\n<p><a href=\"https:\/\/formandrefine.presscloud.com\/digitalshowroom\/#\/gallery\/Discover\"><span data-sheets-value=\"{&quot;1&quot;:2,&quot;2&quot;:&quot;Portraits&quot;}\" data-sheets-userformat=\"{&quot;2&quot;:11011,&quot;3&quot;:{&quot;1&quot;:0},&quot;4&quot;:{&quot;1&quot;:2,&quot;2&quot;:16777215},&quot;11&quot;:4,&quot;12&quot;:0,&quot;14&quot;:{&quot;1&quot;:2,&quot;2&quot;:0},&quot;16&quot;:10}\">Portraits<\/span><\/a><\/p>\n<p><a href=\"https:\/\/www.dropbox.com\/sh\/veivp6r1946ezj1\/AACL54KgOYufUliWeImPD0Faa?dl=0\"><span data-sheets-value=\"{&quot;1&quot;:2,&quot;2&quot;:&quot;Social Media Bilder&quot;}\" data-sheets-userformat=\"{&quot;2&quot;:8961,&quot;3&quot;:{&quot;1&quot;:0},&quot;11&quot;:4,&quot;12&quot;:0,&quot;16&quot;:10}\">Social Media Bilder<\/span><\/a><\/p>\n<p><span data-sheets-value=\"{&quot;1&quot;:2,&quot;2&quot;:&quot;Bei Fragen oder W\u00fcnsche kontaktiert gerne Helle unter:&quot;}\" data-sheets-userformat=\"{&quot;2&quot;:8961,&quot;3&quot;:{&quot;1&quot;:0},&quot;11&quot;:4,&quot;12&quot;:0,&quot;16&quot;:10}\">Bei Fragen oder W\u00fcnsche kontaktiert gerne Helle unter:<\/span><\/p>\n<p><a href=\"mailto:helle@formandrefine.com\">helle@formandrefine.com<\/a><\/p>\n<p><a href=\"tel:+4529842978\">+ 45 29 84 29 78<\/a><\/p>\n\t\t<\/div>\n\t\t\t\t\n<style>\n#col-1475373222 > .col-inner {\n  padding: 0px 0px 0px 0;\n}\n@media (min-width:850px) {\n  #col-1475373222 > .col-inner {\n    padding: 0px 0px 0px 75px;\n  }\n}\n<\/style>\n\t<\/div>\n\n\t\n<\/div>\n\t\t<\/div>\n\n\t\t\n<style>\n#section_350730358 {\n  padding-top: 100px;\n  padding-bottom: 100px;\n}\n<\/style>\n\t<\/section>\n\t\n","protected":false},"excerpt":{"rendered":"","protected":false},"author":4,"featured_media":0,"parent":4553,"menu_order":0,"comment_status":"closed","ping_status":"closed","template":"","meta":{"_acf_changed":false,"footnotes":""},"class_list":["post-4557","page","type-page","status-publish","hentry"],"acf":[],"yoast_head":"<!-- This site is optimized with the Yoast SEO plugin v25.9 - https:\/\/yoast.com\/wordpress\/plugins\/seo\/ -->\n<title>Bilderdatenbank - Form &amp; Refine<\/title>\n<meta name=\"robots\" content=\"index, follow, max-snippet:-1, max-image-preview:large, max-video-preview:-1\" \/>\n<link rel=\"canonical\" href=\"https:\/\/formandrefine.com\/de\/contact\/imagebank\/\" \/>\n<meta property=\"og:locale\" content=\"de_DE\" \/>\n<meta property=\"og:type\" content=\"article\" \/>\n<meta property=\"og:title\" content=\"Bilderdatenbank - Form &amp; Refine\" \/>\n<meta property=\"og:url\" content=\"https:\/\/formandrefine.com\/de\/contact\/imagebank\/\" \/>\n<meta property=\"og:site_name\" content=\"Form &amp; Refine\" \/>\n<meta property=\"article:modified_time\" content=\"2022-10-11T08:51:15+00:00\" \/>\n<meta name=\"twitter:card\" content=\"summary_large_image\" \/>\n<meta name=\"twitter:label1\" content=\"Gesch\u00e4tzte Lesezeit\" \/>\n\t<meta name=\"twitter:data1\" content=\"1\u00a0Minute\" \/>\n<script type=\"application\/ld+json\" class=\"yoast-schema-graph\">{\"@context\":\"https:\/\/schema.org\",\"@graph\":[{\"@type\":\"WebPage\",\"@id\":\"https:\/\/formandrefine.com\/de\/contact\/imagebank\/\",\"url\":\"https:\/\/formandrefine.com\/de\/contact\/imagebank\/\",\"name\":\"Bilderdatenbank - Form &amp; Refine\",\"isPartOf\":{\"@id\":\"https:\/\/formandrefine.com\/#website\"},\"datePublished\":\"2021-06-22T23:38:56+00:00\",\"dateModified\":\"2022-10-11T08:51:15+00:00\",\"breadcrumb\":{\"@id\":\"https:\/\/formandrefine.com\/de\/contact\/imagebank\/#breadcrumb\"},\"inLanguage\":\"de\",\"potentialAction\":[{\"@type\":\"ReadAction\",\"target\":[\"https:\/\/formandrefine.com\/de\/contact\/imagebank\/\"]}]},{\"@type\":\"BreadcrumbList\",\"@id\":\"https:\/\/formandrefine.com\/de\/contact\/imagebank\/#breadcrumb\",\"itemListElement\":[{\"@type\":\"ListItem\",\"position\":1,\"name\":\"Home\",\"item\":\"https:\/\/formandrefine.com\/de\/\"},{\"@type\":\"ListItem\",\"position\":2,\"name\":\"Kontakt\",\"item\":\"https:\/\/formandrefine.com\/de\/contact\/\"},{\"@type\":\"ListItem\",\"position\":3,\"name\":\"Bilderdatenbank\"}]},{\"@type\":\"WebSite\",\"@id\":\"https:\/\/formandrefine.com\/#website\",\"url\":\"https:\/\/formandrefine.com\/\",\"name\":\"Form &amp; Refine\",\"description\":\"Form and Refine is a Danish design brand. We form collections of Nordic design that will refine as the years progress.\",\"potentialAction\":[{\"@type\":\"SearchAction\",\"target\":{\"@type\":\"EntryPoint\",\"urlTemplate\":\"https:\/\/formandrefine.com\/?s={search_term_string}\"},\"query-input\":{\"@type\":\"PropertyValueSpecification\",\"valueRequired\":true,\"valueName\":\"search_term_string\"}}],\"inLanguage\":\"de\"}]}<\/script>\n<!-- \/ Yoast SEO plugin. -->","yoast_head_json":{"title":"Bilderdatenbank - Form &amp; Refine","robots":{"index":"index","follow":"follow","max-snippet":"max-snippet:-1","max-image-preview":"max-image-preview:large","max-video-preview":"max-video-preview:-1"},"canonical":"https:\/\/formandrefine.com\/de\/contact\/imagebank\/","og_locale":"de_DE","og_type":"article","og_title":"Bilderdatenbank - Form &amp; Refine","og_url":"https:\/\/formandrefine.com\/de\/contact\/imagebank\/","og_site_name":"Form &amp; Refine","article_modified_time":"2022-10-11T08:51:15+00:00","twitter_card":"summary_large_image","twitter_misc":{"Gesch\u00e4tzte Lesezeit":"1\u00a0Minute"},"schema":{"@context":"https:\/\/schema.org","@graph":[{"@type":"WebPage","@id":"https:\/\/formandrefine.com\/de\/contact\/imagebank\/","url":"https:\/\/formandrefine.com\/de\/contact\/imagebank\/","name":"Bilderdatenbank - Form &amp; Refine","isPartOf":{"@id":"https:\/\/formandrefine.com\/#website"},"datePublished":"2021-06-22T23:38:56+00:00","dateModified":"2022-10-11T08:51:15+00:00","breadcrumb":{"@id":"https:\/\/formandrefine.com\/de\/contact\/imagebank\/#breadcrumb"},"inLanguage":"de","potentialAction":[{"@type":"ReadAction","target":["https:\/\/formandrefine.com\/de\/contact\/imagebank\/"]}]},{"@type":"BreadcrumbList","@id":"https:\/\/formandrefine.com\/de\/contact\/imagebank\/#breadcrumb","itemListElement":[{"@type":"ListItem","position":1,"name":"Home","item":"https:\/\/formandrefine.com\/de\/"},{"@type":"ListItem","position":2,"name":"Kontakt","item":"https:\/\/formandrefine.com\/de\/contact\/"},{"@type":"ListItem","position":3,"name":"Bilderdatenbank"}]},{"@type":"WebSite","@id":"https:\/\/formandrefine.com\/#website","url":"https:\/\/formandrefine.com\/","name":"Form &amp; Refine","description":"Form and Refine is a Danish design brand. We form collections of Nordic design that will refine as the years progress.","potentialAction":[{"@type":"SearchAction","target":{"@type":"EntryPoint","urlTemplate":"https:\/\/formandrefine.com\/?s={search_term_string}"},"query-input":{"@type":"PropertyValueSpecification","valueRequired":true,"valueName":"search_term_string"}}],"inLanguage":"de"}]}},"_links":{"self":[{"href":"https:\/\/formandrefine.com\/de\/wp-json\/wp\/v2\/pages\/4557","targetHints":{"allow":["GET"]}}],"collection":[{"href":"https:\/\/formandrefine.com\/de\/wp-json\/wp\/v2\/pages"}],"about":[{"href":"https:\/\/formandrefine.com\/de\/wp-json\/wp\/v2\/types\/page"}],"author":[{"embeddable":true,"href":"https:\/\/formandrefine.com\/de\/wp-json\/wp\/v2\/users\/4"}],"replies":[{"embeddable":true,"href":"https:\/\/formandrefine.com\/de\/wp-json\/wp\/v2\/comments?post=4557"}],"version-history":[{"count":3,"href":"https:\/\/formandrefine.com\/de\/wp-json\/wp\/v2\/pages\/4557\/revisions"}],"predecessor-version":[{"id":9899,"href":"https:\/\/formandrefine.com\/de\/wp-json\/wp\/v2\/pages\/4557\/revisions\/9899"}],"up":[{"embeddable":true,"href":"https:\/\/formandrefine.com\/de\/wp-json\/wp\/v2\/pages\/4553"}],"wp:attachment":[{"href":"https:\/\/formandrefine.com\/de\/wp-json\/wp\/v2\/media?parent=4557"}],"curies":[{"name":"wp","href":"https:\/\/api.w.org\/{rel}","templated":true}]}}