{"id":4565,"date":"2021-06-23T01:46:58","date_gmt":"2021-06-22T23:46:58","guid":{"rendered":"https:\/\/formandrefine.com\/?page_id=4565"},"modified":"2022-06-20T13:13:37","modified_gmt":"2022-06-20T11:13:37","slug":"3d-files","status":"publish","type":"page","link":"https:\/\/formandrefine.com\/de\/contact\/3d-files\/","title":{"rendered":"Professionelle 3D Dateien"},"content":{"rendered":"\n\t<section class=\"section contact\" id=\"section_55177882\">\n\t\t<div class=\"section-bg fill\" >\n\t\t\t\t\t\t\t\t\t\n\t\t\t\n\n\t\t<\/div>\n\n\t\t\n\n\t\t<div class=\"section-content relative\">\n\t\t\t\n<div class=\"row\" style=\"max-width:1140px\" id=\"row-2143725021\">\n\n\t<div id=\"col-1255476951\" class=\"col medium-6 small-12 large-6\"  >\n\t\t\t\t<div class=\"col-inner\"  >\n\t\t\t\n\t\t\t\n\t<div class=\"img has-hover x md-x lg-x y md-y lg-y\" id=\"image_1668023142\">\n\t\t\t\t\t\t\t\t<div class=\"img-inner dark\" >\n\t\t\t<img decoding=\"async\" width=\"773\" height=\"1024\" src=\"https:\/\/formandrefine.com\/wp-content\/uploads\/2021\/01\/FR_Blueprint_Chair_Oak_Detail_Back2_530x400.jpg\" class=\"attachment-large size-large\" alt=\"\" srcset=\"https:\/\/formandrefine.com\/wp-content\/uploads\/2021\/01\/FR_Blueprint_Chair_Oak_Detail_Back2_530x400.jpg 1250w, https:\/\/formandrefine.com\/wp-content\/uploads\/2021\/01\/FR_Blueprint_Chair_Oak_Detail_Back2_530x400-510x676.jpg 510w\" sizes=\"(max-width: 773px) 100vw, 773px\" \/>\t\t\t\t\t\t\n\t\t\t\t\t<\/div>\n\t\t\t\t\t\t\t\t\n<style>\n#image_1668023142 {\n  width: 100%;\n}\n<\/style>\n\t<\/div>\n\t\n\t\t<\/div>\n\t\t\t\t\n<style>\n#col-1255476951 > .col-inner {\n  padding: 0px 0 0px 0px;\n}\n@media (min-width:850px) {\n  #col-1255476951 > .col-inner {\n    padding: 0px 75px 0px 0px;\n  }\n}\n<\/style>\n\t<\/div>\n\n\t\n\n\t<div id=\"col-11181566\" class=\"col medium-6 small-12 large-6\"  >\n\t\t\t\t<div class=\"col-inner\"  >\n\t\t\t\n\t\t\t\n<h2 style=\"text-align: left;\"><span data-sheets-value=\"{&quot;1&quot;:2,&quot;2&quot;:&quot;Professionelle 3D Dateien&quot;}\" data-sheets-userformat=\"{&quot;2&quot;:8963,&quot;3&quot;:{&quot;1&quot;:0},&quot;4&quot;:{&quot;1&quot;:2,&quot;2&quot;:14281427},&quot;11&quot;:4,&quot;12&quot;:0,&quot;16&quot;:10}\">Professionelle 3D Dateien<\/span><\/h2>\n<p><span data-sheets-value=\"{&quot;1&quot;:2,&quot;2&quot;:&quot;Alle Architekten oder Interior Designer k\u00f6nnen gerne unsere 3D Dateien verwenden. Alle Dateien k\u00f6nnen \u00fcber folgenden Link runtergeladen werden: &quot;}\" data-sheets-userformat=\"{&quot;2&quot;:8963,&quot;3&quot;:{&quot;1&quot;:0},&quot;4&quot;:{&quot;1&quot;:2,&quot;2&quot;:14281427},&quot;11&quot;:4,&quot;12&quot;:0,&quot;16&quot;:10}\">Alle Architekten oder Interior Designer k\u00f6nnen gerne unsere 3D Dateien verwenden. Alle Dateien k\u00f6nnen \u00fcber folgenden Link runtergeladen werden: <\/span><\/p>\n<p><strong><a href=\"https:\/\/www.dropbox.com\/sh\/n4g9rf3ty1dzqyl\/AACql_ymdtAVpgeq3eqjWJPea?dl=0\">Professionelle 3D Dateien<\/a><\/strong><\/p>\n<p><span data-sheets-value=\"{&quot;1&quot;:2,&quot;2&quot;:&quot;Bei Fragen oder W\u00fcnsche kontaktiert gerne Jonas unter:&quot;}\" data-sheets-userformat=\"{&quot;2&quot;:8963,&quot;3&quot;:{&quot;1&quot;:0},&quot;4&quot;:{&quot;1&quot;:2,&quot;2&quot;:14281427},&quot;11&quot;:4,&quot;12&quot;:0,&quot;16&quot;:10}\">Bei Fragen oder W\u00fcnsche kontaktiert gerne Anne unter:<\/span><\/p>\n<p><a href=\"mailto:anne@formandrefine.com\">anne@formandrefine.com<\/a><\/p>\n\t\t<\/div>\n\t\t\t\t\n<style>\n#col-11181566 > .col-inner {\n  padding: 0px 0px 0px 0;\n}\n@media (min-width:850px) {\n  #col-11181566 > .col-inner {\n    padding: 0px 0px 0px 75px;\n  }\n}\n<\/style>\n\t<\/div>\n\n\t\n<\/div>\n\t\t<\/div>\n\n\t\t\n<style>\n#section_55177882 {\n  padding-top: 100px;\n  padding-bottom: 100px;\n}\n<\/style>\n\t<\/section>\n\t\n","protected":false},"excerpt":{"rendered":"","protected":false},"author":4,"featured_media":0,"parent":4553,"menu_order":0,"comment_status":"closed","ping_status":"closed","template":"","meta":{"_acf_changed":false,"footnotes":""},"class_list":["post-4565","page","type-page","status-publish","hentry"],"acf":[],"yoast_head":"<!-- This site is optimized with the Yoast SEO plugin v25.9 - https:\/\/yoast.com\/wordpress\/plugins\/seo\/ -->\n<title>Professionelle 3D Dateien - Form &amp; Refine<\/title>\n<meta name=\"robots\" content=\"index, follow, max-snippet:-1, max-image-preview:large, max-video-preview:-1\" \/>\n<link rel=\"canonical\" href=\"https:\/\/formandrefine.com\/de\/contact\/3d-files\/\" \/>\n<meta property=\"og:locale\" content=\"de_DE\" \/>\n<meta property=\"og:type\" content=\"article\" \/>\n<meta property=\"og:title\" content=\"Professionelle 3D Dateien - Form &amp; Refine\" \/>\n<meta property=\"og:url\" content=\"https:\/\/formandrefine.com\/de\/contact\/3d-files\/\" \/>\n<meta property=\"og:site_name\" content=\"Form &amp; Refine\" \/>\n<meta property=\"article:modified_time\" content=\"2022-06-20T11:13:37+00:00\" \/>\n<meta name=\"twitter:card\" content=\"summary_large_image\" \/>\n<meta name=\"twitter:label1\" content=\"Gesch\u00e4tzte Lesezeit\" \/>\n\t<meta name=\"twitter:data1\" content=\"1\u00a0Minute\" \/>\n<script type=\"application\/ld+json\" class=\"yoast-schema-graph\">{\"@context\":\"https:\/\/schema.org\",\"@graph\":[{\"@type\":\"WebPage\",\"@id\":\"https:\/\/formandrefine.com\/de\/contact\/3d-files\/\",\"url\":\"https:\/\/formandrefine.com\/de\/contact\/3d-files\/\",\"name\":\"Professionelle 3D Dateien - Form &amp; Refine\",\"isPartOf\":{\"@id\":\"https:\/\/formandrefine.com\/#website\"},\"datePublished\":\"2021-06-22T23:46:58+00:00\",\"dateModified\":\"2022-06-20T11:13:37+00:00\",\"breadcrumb\":{\"@id\":\"https:\/\/formandrefine.com\/de\/contact\/3d-files\/#breadcrumb\"},\"inLanguage\":\"de\",\"potentialAction\":[{\"@type\":\"ReadAction\",\"target\":[\"https:\/\/formandrefine.com\/de\/contact\/3d-files\/\"]}]},{\"@type\":\"BreadcrumbList\",\"@id\":\"https:\/\/formandrefine.com\/de\/contact\/3d-files\/#breadcrumb\",\"itemListElement\":[{\"@type\":\"ListItem\",\"position\":1,\"name\":\"Home\",\"item\":\"https:\/\/formandrefine.com\/de\/\"},{\"@type\":\"ListItem\",\"position\":2,\"name\":\"Kontakt\",\"item\":\"https:\/\/formandrefine.com\/de\/contact\/\"},{\"@type\":\"ListItem\",\"position\":3,\"name\":\"Professionelle 3D Dateien\"}]},{\"@type\":\"WebSite\",\"@id\":\"https:\/\/formandrefine.com\/#website\",\"url\":\"https:\/\/formandrefine.com\/\",\"name\":\"Form &amp; Refine\",\"description\":\"Form and Refine is a Danish design brand. We form collections of Nordic design that will refine as the years progress.\",\"potentialAction\":[{\"@type\":\"SearchAction\",\"target\":{\"@type\":\"EntryPoint\",\"urlTemplate\":\"https:\/\/formandrefine.com\/?s={search_term_string}\"},\"query-input\":{\"@type\":\"PropertyValueSpecification\",\"valueRequired\":true,\"valueName\":\"search_term_string\"}}],\"inLanguage\":\"de\"}]}<\/script>\n<!-- \/ Yoast SEO plugin. -->","yoast_head_json":{"title":"Professionelle 3D Dateien - Form &amp; Refine","robots":{"index":"index","follow":"follow","max-snippet":"max-snippet:-1","max-image-preview":"max-image-preview:large","max-video-preview":"max-video-preview:-1"},"canonical":"https:\/\/formandrefine.com\/de\/contact\/3d-files\/","og_locale":"de_DE","og_type":"article","og_title":"Professionelle 3D Dateien - Form &amp; Refine","og_url":"https:\/\/formandrefine.com\/de\/contact\/3d-files\/","og_site_name":"Form &amp; Refine","article_modified_time":"2022-06-20T11:13:37+00:00","twitter_card":"summary_large_image","twitter_misc":{"Gesch\u00e4tzte Lesezeit":"1\u00a0Minute"},"schema":{"@context":"https:\/\/schema.org","@graph":[{"@type":"WebPage","@id":"https:\/\/formandrefine.com\/de\/contact\/3d-files\/","url":"https:\/\/formandrefine.com\/de\/contact\/3d-files\/","name":"Professionelle 3D Dateien - Form &amp; Refine","isPartOf":{"@id":"https:\/\/formandrefine.com\/#website"},"datePublished":"2021-06-22T23:46:58+00:00","dateModified":"2022-06-20T11:13:37+00:00","breadcrumb":{"@id":"https:\/\/formandrefine.com\/de\/contact\/3d-files\/#breadcrumb"},"inLanguage":"de","potentialAction":[{"@type":"ReadAction","target":["https:\/\/formandrefine.com\/de\/contact\/3d-files\/"]}]},{"@type":"BreadcrumbList","@id":"https:\/\/formandrefine.com\/de\/contact\/3d-files\/#breadcrumb","itemListElement":[{"@type":"ListItem","position":1,"name":"Home","item":"https:\/\/formandrefine.com\/de\/"},{"@type":"ListItem","position":2,"name":"Kontakt","item":"https:\/\/formandrefine.com\/de\/contact\/"},{"@type":"ListItem","position":3,"name":"Professionelle 3D Dateien"}]},{"@type":"WebSite","@id":"https:\/\/formandrefine.com\/#website","url":"https:\/\/formandrefine.com\/","name":"Form &amp; Refine","description":"Form and Refine is a Danish design brand. We form collections of Nordic design that will refine as the years progress.","potentialAction":[{"@type":"SearchAction","target":{"@type":"EntryPoint","urlTemplate":"https:\/\/formandrefine.com\/?s={search_term_string}"},"query-input":{"@type":"PropertyValueSpecification","valueRequired":true,"valueName":"search_term_string"}}],"inLanguage":"de"}]}},"_links":{"self":[{"href":"https:\/\/formandrefine.com\/de\/wp-json\/wp\/v2\/pages\/4565","targetHints":{"allow":["GET"]}}],"collection":[{"href":"https:\/\/formandrefine.com\/de\/wp-json\/wp\/v2\/pages"}],"about":[{"href":"https:\/\/formandrefine.com\/de\/wp-json\/wp\/v2\/types\/page"}],"author":[{"embeddable":true,"href":"https:\/\/formandrefine.com\/de\/wp-json\/wp\/v2\/users\/4"}],"replies":[{"embeddable":true,"href":"https:\/\/formandrefine.com\/de\/wp-json\/wp\/v2\/comments?post=4565"}],"version-history":[{"count":8,"href":"https:\/\/formandrefine.com\/de\/wp-json\/wp\/v2\/pages\/4565\/revisions"}],"predecessor-version":[{"id":8001,"href":"https:\/\/formandrefine.com\/de\/wp-json\/wp\/v2\/pages\/4565\/revisions\/8001"}],"up":[{"embeddable":true,"href":"https:\/\/formandrefine.com\/de\/wp-json\/wp\/v2\/pages\/4553"}],"wp:attachment":[{"href":"https:\/\/formandrefine.com\/de\/wp-json\/wp\/v2\/media?parent=4565"}],"curies":[{"name":"wp","href":"https:\/\/api.w.org\/{rel}","templated":true}]}}