{"id":4569,"date":"2021-06-23T01:56:13","date_gmt":"2021-06-22T23:56:13","guid":{"rendered":"https:\/\/formandrefine.com\/?page_id=4569"},"modified":"2025-10-01T22:05:32","modified_gmt":"2025-10-01T20:05:32","slug":"cookie-policy","status":"publish","type":"page","link":"https:\/\/formandrefine.com\/de\/cookie-policy\/","title":{"rendered":"Cookie Policy"},"content":{"rendered":"<div class=\"row\" style=\"max-width:720px\" id=\"row-1296267744\">\n\n\t<div id=\"col-1922768352\" class=\"col small-12 large-12\"  >\n\t\t\t\t<div class=\"col-inner\"  >\n\t\t\t\n\t\t\t\n<h2>Cookie Policy<\/h2>\n<p><strong><span class=\"TextRun MacChromeBold SCXW8015891 BCX0\" data-contrast=\"auto\"><span class=\"NormalTextRun SCXW8015891 BCX0\" data-ccp-charstyle=\"Strong\">Version 05.08.2025, aktualisiert in Bezug auf die DSGVO-Gesetzgebung<\/span><\/span><span class=\"EOP SCXW8015891 BCX0\" data-ccp-props=\"{&quot;134233117&quot;:true,&quot;134233118&quot;:true,&quot;201341983&quot;:0,&quot;335559740&quot;:240}\">\u00a0<\/span><\/strong><\/p>\n<p><strong>Cookies<\/p>\n<p><\/strong><span data-contrast=\"auto\">Form &amp; Refine verwendet Cookies \u2013 Textdateien, die auf Ihrem Ger\u00e4t gespeichert werden, um es wiederzuerkennen, Einstellungen zu speichern, Statistiken zu erfassen und Marketingma\u00dfnahmen gezielt auszurichten. Cookies sind sicher und enthalten weder Viren noch sch\u00e4dlichen Code.<\/span><span data-ccp-props=\"{&quot;134233117&quot;:true,&quot;134233118&quot;:true,&quot;201341983&quot;:0,&quot;335559740&quot;:240}\">\u00a0<\/span><\/p>\n<p><span data-contrast=\"auto\">Wenn Sie keine Cookies w\u00fcnschen, k\u00f6nnen Sie diese l\u00f6schen oder deaktivieren. Bitte beachten Sie, dass Teile der Website danach m\u00f6glicherweise nicht optimal funktionieren.<\/span><span data-ccp-props=\"{&quot;134233117&quot;:true,&quot;134233118&quot;:true,&quot;201341983&quot;:0,&quot;335559740&quot;:240}\">\u00a0<\/span><\/p>\n<p><span data-contrast=\"auto\">Bei Ihrem ersten Besuch bitten wir Sie \u00fcber ein Pop-up-Banner um Ihre Zustimmung zur Verwendung von Cookies. Sie k\u00f6nnen Cookies akzeptieren, ablehnen oder Ihre Pr\u00e4ferenzen individuell anpassen. Ihre Zustimmung k\u00f6nnen Sie jederzeit \u00e4ndern.<\/span><span data-ccp-props=\"{&quot;134233117&quot;:true,&quot;134233118&quot;:true,&quot;201341983&quot;:0,&quot;335559740&quot;:240}\">\u00a0<\/span><\/p>\n<p><b><span data-contrast=\"auto\">Arten von Cookies, die wir verwenden<\/span><\/b><span data-ccp-props=\"{&quot;134233117&quot;:true,&quot;134233118&quot;:true,&quot;201341983&quot;:0,&quot;335559740&quot;:240}\">\u00a0<\/span><\/p>\n<ul>\n<li aria-setsize=\"-1\" data-leveltext=\"\uf0b7\" data-font=\"Symbol\" data-listid=\"1\" data-list-defn-props=\"{&quot;335552541&quot;:1,&quot;335559685&quot;:720,&quot;335559991&quot;:360,&quot;469769226&quot;:&quot;Symbol&quot;,&quot;469769242&quot;:&#091;8226&#093;,&quot;469777803&quot;:&quot;left&quot;,&quot;469777804&quot;:&quot;\uf0b7&quot;,&quot;469777815&quot;:&quot;multilevel&quot;}\" data-aria-posinset=\"1\" data-aria-level=\"1\">\n<p><b><span data-contrast=\"auto\">Notwendige Cookies<\/span><\/b><span data-contrast=\"auto\"> \u2013 machen die Website nutzbar und funktionsf\u00e4hig<\/span><span data-ccp-props=\"{&quot;134233117&quot;:true,&quot;134233118&quot;:true,&quot;201341983&quot;:0,&quot;335559740&quot;:240}\">\u00a0<\/span><\/p>\n<\/li>\n<li aria-setsize=\"-1\" data-leveltext=\"\uf0b7\" data-font=\"Symbol\" data-listid=\"1\" data-list-defn-props=\"{&quot;335552541&quot;:1,&quot;335559685&quot;:720,&quot;335559991&quot;:360,&quot;469769226&quot;:&quot;Symbol&quot;,&quot;469769242&quot;:&#091;8226&#093;,&quot;469777803&quot;:&quot;left&quot;,&quot;469777804&quot;:&quot;\uf0b7&quot;,&quot;469777815&quot;:&quot;multilevel&quot;}\" data-aria-posinset=\"1\" data-aria-level=\"1\">\n<p><b><span data-contrast=\"auto\">Statistik-Cookies<\/span><\/b><span data-contrast=\"auto\"> \u2013 helfen uns zu verstehen, wie Sie die Website nutzen<\/span><span data-ccp-props=\"{&quot;134233117&quot;:true,&quot;134233118&quot;:true,&quot;201341983&quot;:0,&quot;335559740&quot;:240}\">\u00a0<\/span><\/p>\n<\/li>\n<li aria-setsize=\"-1\" data-leveltext=\"\uf0b7\" data-font=\"Symbol\" data-listid=\"1\" data-list-defn-props=\"{&quot;335552541&quot;:1,&quot;335559685&quot;:720,&quot;335559991&quot;:360,&quot;469769226&quot;:&quot;Symbol&quot;,&quot;469769242&quot;:&#091;8226&#093;,&quot;469777803&quot;:&quot;left&quot;,&quot;469777804&quot;:&quot;\uf0b7&quot;,&quot;469777815&quot;:&quot;multilevel&quot;}\" data-aria-posinset=\"1\" data-aria-level=\"1\">\n<p><b><span data-contrast=\"auto\">Marketing-Cookies<\/span><\/b><span data-contrast=\"auto\"> \u2013 zeigen Ihnen relevante Anzeigen<\/span><span data-ccp-props=\"{&quot;134233117&quot;:true,&quot;134233118&quot;:true,&quot;201341983&quot;:0,&quot;335559740&quot;:240}\">\u00a0<\/span><\/p>\n<\/li>\n<\/ul>\n<p><strong><span class=\"TextRun MacChromeBold SCXW43058148 BCX0\" data-contrast=\"auto\"><span class=\"NormalTextRun SCXW43058148 BCX0\" data-ccp-charstyle=\"Strong\">Cookies von Drittanbietern<\/span><\/span><span class=\"EOP SCXW43058148 BCX0\" data-ccp-props=\"{&quot;134233117&quot;:true,&quot;134233118&quot;:true,&quot;201341983&quot;:0,&quot;335559740&quot;:240}\"> <\/p>\n<p><\/span><\/strong><span data-contrast=\"auto\">Wir verwenden Cookies von folgenden Drittanbietern:<\/span><span data-ccp-props=\"{&quot;134233117&quot;:true,&quot;134233118&quot;:true,&quot;201341983&quot;:0,&quot;335559740&quot;:240}\">\u00a0<\/span><\/p>\n<ul>\n<li aria-setsize=\"-1\" data-leveltext=\"\uf0b7\" data-font=\"Symbol\" data-listid=\"2\" data-list-defn-props=\"{&quot;335552541&quot;:1,&quot;335559685&quot;:720,&quot;335559991&quot;:360,&quot;469769226&quot;:&quot;Symbol&quot;,&quot;469769242&quot;:&#091;8226&#093;,&quot;469777803&quot;:&quot;left&quot;,&quot;469777804&quot;:&quot;\uf0b7&quot;,&quot;469777815&quot;:&quot;multilevel&quot;}\" data-aria-posinset=\"1\" data-aria-level=\"1\">\n<p><b><span data-contrast=\"auto\">Google Analytics<\/span><\/b><span data-contrast=\"auto\"> \u2013 f\u00fcr Webstatistiken<\/span><span data-ccp-props=\"{&quot;134233117&quot;:true,&quot;134233118&quot;:true,&quot;201341983&quot;:0,&quot;335559740&quot;:240}\">\u00a0<\/span><\/p>\n<\/li>\n<li aria-setsize=\"-1\" data-leveltext=\"\uf0b7\" data-font=\"Symbol\" data-listid=\"2\" data-list-defn-props=\"{&quot;335552541&quot;:1,&quot;335559685&quot;:720,&quot;335559991&quot;:360,&quot;469769226&quot;:&quot;Symbol&quot;,&quot;469769242&quot;:&#091;8226&#093;,&quot;469777803&quot;:&quot;left&quot;,&quot;469777804&quot;:&quot;\uf0b7&quot;,&quot;469777815&quot;:&quot;multilevel&quot;}\" data-aria-posinset=\"1\" data-aria-level=\"1\">\n<p><b><span data-contrast=\"auto\">Google Ads \/ Remarketing<\/span><\/b><span data-contrast=\"auto\"> \u2013 f\u00fcr interessenbasierte Werbung<\/span><span data-ccp-props=\"{&quot;134233117&quot;:true,&quot;134233118&quot;:true,&quot;201341983&quot;:0,&quot;335559740&quot;:240}\">\u00a0<\/span><\/p>\n<\/li>\n<li aria-setsize=\"-1\" data-leveltext=\"\uf0b7\" data-font=\"Symbol\" data-listid=\"2\" data-list-defn-props=\"{&quot;335552541&quot;:1,&quot;335559685&quot;:720,&quot;335559991&quot;:360,&quot;469769226&quot;:&quot;Symbol&quot;,&quot;469769242&quot;:&#091;8226&#093;,&quot;469777803&quot;:&quot;left&quot;,&quot;469777804&quot;:&quot;\uf0b7&quot;,&quot;469777815&quot;:&quot;multilevel&quot;}\" data-aria-posinset=\"1\" data-aria-level=\"1\">\n<p><b><span data-contrast=\"auto\">Meta Platforms, Inc.<\/span><\/b><span data-contrast=\"auto\"> \u2013 zur Optimierung und gezielten Ausrichtung von Kampagnen auf Facebook und Instagram<\/span><span data-ccp-props=\"{&quot;134233117&quot;:true,&quot;134233118&quot;:true,&quot;201341983&quot;:0,&quot;335559740&quot;:240}\">\u00a0<\/span><\/p>\n<\/li>\n<\/ul>\n<p><span class=\"TextRun SCXW258538055 BCX0\" data-contrast=\"auto\"><span class=\"NormalTextRun SCXW258538055 BCX0\" data-ccp-parastyle=\"Normal (Web)\">Diese Partner k\u00f6nnen Ihre Daten mit anderen Informationen kombinieren, die Sie ihnen zur Verf\u00fcgung gestellt haben.<\/span><\/span><span class=\"EOP SCXW258538055 BCX0\" data-ccp-props=\"{&quot;134233117&quot;:true,&quot;134233118&quot;:true,&quot;201341983&quot;:0,&quot;335559740&quot;:240}\">\u00a0<\/span><\/p>\n<p><b><span data-contrast=\"auto\">Speicherdauer von Cookies<\/span><\/b><span data-ccp-props=\"{&quot;134233117&quot;:true,&quot;134233118&quot;:true,&quot;201341983&quot;:0,&quot;335559740&quot;:240}\">\u00a0<\/p>\n<p><\/span><span data-contrast=\"auto\">Einige Cookies werden gel\u00f6scht, wenn Sie Ihren Browser schlie\u00dfen (Sitzungscookies), andere werden bis zu 180 Tage gespeichert.<\/span><span data-ccp-props=\"{&quot;134233117&quot;:true,&quot;134233118&quot;:true,&quot;201341983&quot;:0,&quot;335559740&quot;:240}\">\u00a0<\/span><\/p>\n<p><b><span data-contrast=\"auto\">Kontakt<\/span><\/b><span data-ccp-props=\"{&quot;134233117&quot;:true,&quot;134233118&quot;:true,&quot;201341983&quot;:0,&quot;335559740&quot;:240}\">\u00a0<\/p>\n<p><\/span><span data-contrast=\"auto\">Fragen zu Cookies? Kontaktieren Sie uns per E-Mail: info@formandrefine.com<\/span><span data-ccp-props=\"{&quot;134233117&quot;:true,&quot;134233118&quot;:true,&quot;201341983&quot;:0,&quot;335559740&quot;:240}\">\u00a0<\/span><\/p>\n\n<p><script id=\"CookieDeclaration\" src=\"https:\/\/consent.cookiebot.com\/8c321226-0bff-48a7-9024-562e55c667fe\/cd.js\" type=\"text\/javascript\" async><\/script><br \/>\n\n\t\t<\/div>\n\t\t\t\t\t<\/div>\n\n\t\n<\/div>\n","protected":false},"excerpt":{"rendered":"","protected":false},"author":4,"featured_media":0,"parent":0,"menu_order":0,"comment_status":"closed","ping_status":"closed","template":"page-full-width-title-and-navigation.php","meta":{"_acf_changed":false,"footnotes":""},"class_list":["post-4569","page","type-page","status-publish","hentry"],"acf":[],"yoast_head":"<!-- This site is optimized with the Yoast SEO plugin v25.9 - https:\/\/yoast.com\/wordpress\/plugins\/seo\/ -->\n<title>Cookie Policy - Form &amp; Refine<\/title>\n<meta name=\"robots\" content=\"index, follow, max-snippet:-1, max-image-preview:large, max-video-preview:-1\" \/>\n<link rel=\"canonical\" href=\"https:\/\/formandrefine.com\/de\/cookie-policy\/\" \/>\n<meta property=\"og:locale\" content=\"de_DE\" \/>\n<meta property=\"og:type\" content=\"article\" \/>\n<meta property=\"og:title\" content=\"Cookie Policy - Form &amp; Refine\" \/>\n<meta property=\"og:url\" content=\"https:\/\/formandrefine.com\/de\/cookie-policy\/\" \/>\n<meta property=\"og:site_name\" content=\"Form &amp; Refine\" \/>\n<meta property=\"article:modified_time\" content=\"2025-10-01T20:05:32+00:00\" \/>\n<meta name=\"twitter:card\" content=\"summary_large_image\" \/>\n<meta name=\"twitter:label1\" content=\"Gesch\u00e4tzte Lesezeit\" \/>\n\t<meta name=\"twitter:data1\" content=\"2\u00a0Minuten\" \/>\n<script type=\"application\/ld+json\" class=\"yoast-schema-graph\">{\"@context\":\"https:\/\/schema.org\",\"@graph\":[{\"@type\":\"WebPage\",\"@id\":\"https:\/\/formandrefine.com\/de\/cookie-policy\/\",\"url\":\"https:\/\/formandrefine.com\/de\/cookie-policy\/\",\"name\":\"Cookie Policy - Form &amp; Refine\",\"isPartOf\":{\"@id\":\"https:\/\/formandrefine.com\/#website\"},\"datePublished\":\"2021-06-22T23:56:13+00:00\",\"dateModified\":\"2025-10-01T20:05:32+00:00\",\"breadcrumb\":{\"@id\":\"https:\/\/formandrefine.com\/de\/cookie-policy\/#breadcrumb\"},\"inLanguage\":\"de\",\"potentialAction\":[{\"@type\":\"ReadAction\",\"target\":[\"https:\/\/formandrefine.com\/de\/cookie-policy\/\"]}]},{\"@type\":\"BreadcrumbList\",\"@id\":\"https:\/\/formandrefine.com\/de\/cookie-policy\/#breadcrumb\",\"itemListElement\":[{\"@type\":\"ListItem\",\"position\":1,\"name\":\"Home\",\"item\":\"https:\/\/formandrefine.com\/de\/\"},{\"@type\":\"ListItem\",\"position\":2,\"name\":\"Cookie Policy\"}]},{\"@type\":\"WebSite\",\"@id\":\"https:\/\/formandrefine.com\/#website\",\"url\":\"https:\/\/formandrefine.com\/\",\"name\":\"Form &amp; Refine\",\"description\":\"Form and Refine is a Danish design brand. We form collections of Nordic design that will refine as the years progress.\",\"potentialAction\":[{\"@type\":\"SearchAction\",\"target\":{\"@type\":\"EntryPoint\",\"urlTemplate\":\"https:\/\/formandrefine.com\/?s={search_term_string}\"},\"query-input\":{\"@type\":\"PropertyValueSpecification\",\"valueRequired\":true,\"valueName\":\"search_term_string\"}}],\"inLanguage\":\"de\"}]}<\/script>\n<!-- \/ Yoast SEO plugin. -->","yoast_head_json":{"title":"Cookie Policy - Form &amp; Refine","robots":{"index":"index","follow":"follow","max-snippet":"max-snippet:-1","max-image-preview":"max-image-preview:large","max-video-preview":"max-video-preview:-1"},"canonical":"https:\/\/formandrefine.com\/de\/cookie-policy\/","og_locale":"de_DE","og_type":"article","og_title":"Cookie Policy - Form &amp; Refine","og_url":"https:\/\/formandrefine.com\/de\/cookie-policy\/","og_site_name":"Form &amp; Refine","article_modified_time":"2025-10-01T20:05:32+00:00","twitter_card":"summary_large_image","twitter_misc":{"Gesch\u00e4tzte Lesezeit":"2\u00a0Minuten"},"schema":{"@context":"https:\/\/schema.org","@graph":[{"@type":"WebPage","@id":"https:\/\/formandrefine.com\/de\/cookie-policy\/","url":"https:\/\/formandrefine.com\/de\/cookie-policy\/","name":"Cookie Policy - Form &amp; Refine","isPartOf":{"@id":"https:\/\/formandrefine.com\/#website"},"datePublished":"2021-06-22T23:56:13+00:00","dateModified":"2025-10-01T20:05:32+00:00","breadcrumb":{"@id":"https:\/\/formandrefine.com\/de\/cookie-policy\/#breadcrumb"},"inLanguage":"de","potentialAction":[{"@type":"ReadAction","target":["https:\/\/formandrefine.com\/de\/cookie-policy\/"]}]},{"@type":"BreadcrumbList","@id":"https:\/\/formandrefine.com\/de\/cookie-policy\/#breadcrumb","itemListElement":[{"@type":"ListItem","position":1,"name":"Home","item":"https:\/\/formandrefine.com\/de\/"},{"@type":"ListItem","position":2,"name":"Cookie Policy"}]},{"@type":"WebSite","@id":"https:\/\/formandrefine.com\/#website","url":"https:\/\/formandrefine.com\/","name":"Form &amp; Refine","description":"Form and Refine is a Danish design brand. We form collections of Nordic design that will refine as the years progress.","potentialAction":[{"@type":"SearchAction","target":{"@type":"EntryPoint","urlTemplate":"https:\/\/formandrefine.com\/?s={search_term_string}"},"query-input":{"@type":"PropertyValueSpecification","valueRequired":true,"valueName":"search_term_string"}}],"inLanguage":"de"}]}},"_links":{"self":[{"href":"https:\/\/formandrefine.com\/de\/wp-json\/wp\/v2\/pages\/4569","targetHints":{"allow":["GET"]}}],"collection":[{"href":"https:\/\/formandrefine.com\/de\/wp-json\/wp\/v2\/pages"}],"about":[{"href":"https:\/\/formandrefine.com\/de\/wp-json\/wp\/v2\/types\/page"}],"author":[{"embeddable":true,"href":"https:\/\/formandrefine.com\/de\/wp-json\/wp\/v2\/users\/4"}],"replies":[{"embeddable":true,"href":"https:\/\/formandrefine.com\/de\/wp-json\/wp\/v2\/comments?post=4569"}],"version-history":[{"count":5,"href":"https:\/\/formandrefine.com\/de\/wp-json\/wp\/v2\/pages\/4569\/revisions"}],"predecessor-version":[{"id":23143,"href":"https:\/\/formandrefine.com\/de\/wp-json\/wp\/v2\/pages\/4569\/revisions\/23143"}],"wp:attachment":[{"href":"https:\/\/formandrefine.com\/de\/wp-json\/wp\/v2\/media?parent=4569"}],"curies":[{"name":"wp","href":"https:\/\/api.w.org\/{rel}","templated":true}]}}