{"id":4689,"date":"2021-06-23T16:23:54","date_gmt":"2021-06-23T14:23:54","guid":{"rendered":"https:\/\/formandrefine.com\/?page_id=4689"},"modified":"2025-10-02T10:40:41","modified_gmt":"2025-10-02T08:40:41","slug":"terms-and-conditions","status":"publish","type":"page","link":"https:\/\/formandrefine.com\/de\/terms-and-conditions\/","title":{"rendered":"AGB"},"content":{"rendered":"<div class=\"row\" style=\"max-width:1140px\" id=\"row-1673271905\">\n\n\t<div id=\"col-15007302\" class=\"col small-12 large-12\"  >\n\t\t\t\t<div class=\"col-inner\"  >\n\t\t\t\n\t\t\t\n<h2><span data-sheets-value=\"{&quot;1&quot;:2,&quot;2&quot;:&quot;AGB&quot;}\" data-sheets-userformat=\"{&quot;2&quot;:8961,&quot;3&quot;:{&quot;1&quot;:0},&quot;11&quot;:4,&quot;12&quot;:0,&quot;16&quot;:10}\">AGB<\/span><\/h2>\n<p><strong><span class=\"TextRun MacChromeBold SCXW17794117 BCX0\" data-contrast=\"auto\"><span class=\"NormalTextRun SCXW17794117 BCX0\">Aktualisierte Version vom 05.08.2025<\/span><\/span><span class=\"EOP SCXW17794117 BCX0\" data-ccp-props=\"{&quot;134233117&quot;:true,&quot;134233118&quot;:true,&quot;201341983&quot;:0,&quot;335559740&quot;:240}\">\u00a0<\/span><\/strong><\/p>\n<p><strong><span data-sheets-value=\"{&quot;1&quot;:2,&quot;2&quot;:&quot;1. Lieferung und Versand&quot;}\" data-sheets-userformat=\"{&quot;2&quot;:7041,&quot;3&quot;:{&quot;1&quot;:0},&quot;10&quot;:0,&quot;11&quot;:4,&quot;12&quot;:0,&quot;14&quot;:{&quot;1&quot;:2,&quot;2&quot;:0},&quot;15&quot;:&quot;Arial, sans-serif&quot;}\">1. Lieferung und Versand<\/span><\/strong><\/p>\n<p><span class=\"TextRun SCXW115130543 BCX0\" data-contrast=\"auto\"><span class=\"NormalTextRun SCXW115130543 BCX0\"><span class=\"TextRun SCXW96091790 BCX0\" data-contrast=\"auto\"><span class=\"NormalTextRun SCXW96091790 BCX0\">Wir liefern in alle L\u00e4nder der EU sowie nach Island, Norwegen und in die Schweiz.<\/span><\/span><span class=\"LineBreakBlob BlobObject DragDrop SCXW96091790 BCX0\"><span class=\"SCXW96091790 BCX0\">\u00a0<\/span><br class=\"SCXW96091790 BCX0\" \/><\/span><span class=\"TextRun SCXW96091790 BCX0\" data-contrast=\"auto\"><span class=\"NormalTextRun SCXW96091790 BCX0\">Die Lieferung dauert in der Regel 6\u201314 Werktage, abh\u00e4ngig vom Zielort.<\/span><\/span><span class=\"LineBreakBlob BlobObject DragDrop SCXW96091790 BCX0\"><span class=\"SCXW96091790 BCX0\">\u00a0<br \/><\/span><\/span><\/span><\/span><span class=\"TextRun SCXW115130543 BCX0\" data-contrast=\"auto\"><span class=\"NormalTextRun SCXW115130543 BCX0\"><span class=\"TextRun SCXW96091790 BCX0\" data-contrast=\"auto\"><span class=\"NormalTextRun SCXW96091790 BCX0\">Wir versenden mit M\u00f6bel-Logistikfirmen und GLS \u2013 kostenloser Versand in alle L\u00e4nder.<\/span><\/span><span class=\"LineBreakBlob BlobObject DragDrop SCXW96091790 BCX0\"><span class=\"SCXW96091790 BCX0\">\u00a0<br \/><\/span><\/span><span class=\"TextRun SCXW96091790 BCX0\" data-contrast=\"auto\"><span class=\"NormalTextRun SCXW96091790 BCX0\">F\u00fcr L\u00e4nder au\u00dferhalb der EU \u00fcbernehmen wir auch Zoll und Einfuhrumsatzsteuer.<\/span><\/span><span class=\"EOP SCXW96091790 BCX0\" data-ccp-props=\"{&quot;134233117&quot;:true,&quot;134233118&quot;:true,&quot;201341983&quot;:0,&quot;335559740&quot;:240}\">\u00a0<\/span><\/span><\/span><span class=\"EOP SCXW115130543 BCX0\" data-ccp-props=\"{&quot;134233117&quot;:true,&quot;134233118&quot;:true,&quot;201341983&quot;:0,&quot;335559740&quot;:240}\">\u00a0<\/span><\/p>\n<p><strong><span data-sheets-value=\"{&quot;1&quot;:2,&quot;2&quot;:&quot;2. Bestellung&quot;}\" data-sheets-userformat=\"{&quot;2&quot;:7041,&quot;3&quot;:{&quot;1&quot;:0},&quot;10&quot;:0,&quot;11&quot;:4,&quot;12&quot;:0,&quot;14&quot;:{&quot;1&quot;:2,&quot;2&quot;:0},&quot;15&quot;:&quot;Arial, sans-serif&quot;}\">2. Bestellung<\/span><\/strong><\/p>\n<p><span data-contrast=\"auto\">Sie erhalten eine Bestellbest\u00e4tigung per E-Mail \u2013 bitte \u00fcberpr\u00fcfen Sie die Angaben.<\/span><span data-ccp-props=\"{&quot;134233117&quot;:true,&quot;134233118&quot;:true,&quot;201341983&quot;:0,&quot;335559740&quot;:240}\">\u00a0<\/span><\/p>\n<p><span data-contrast=\"auto\">Zur Bearbeitung Ihrer Bestellung ben\u00f6tigen wir:<\/span>\u00a0<br \/><span data-contrast=\"auto\">Name, Adresse, E-Mail und Telefonnummer.<\/span><span data-ccp-props=\"{&quot;134233117&quot;:true,&quot;134233118&quot;:true,&quot;201341983&quot;:0,&quot;335559740&quot;:240}\">\u00a0<\/span><\/p>\n<p><span data-contrast=\"auto\">Die Daten werden gem\u00e4\u00df Handelsgesetz 5 Jahre aufbewahrt und gem\u00e4\u00df unserer Datenschutzrichtlinie verarbeitet.<\/span>\u00a0<br \/><span data-contrast=\"auto\">Wir verkaufen Ihre Daten nicht an Dritte<\/span><\/p>\n<p><strong><span data-sheets-value=\"{&quot;1&quot;:2,&quot;2&quot;:&quot;3. Zahlung&quot;}\" data-sheets-userformat=\"{&quot;2&quot;:7041,&quot;3&quot;:{&quot;1&quot;:0},&quot;10&quot;:0,&quot;11&quot;:4,&quot;12&quot;:0,&quot;14&quot;:{&quot;1&quot;:2,&quot;2&quot;:0},&quot;15&quot;:&quot;Arial, sans-serif&quot;}\">3. Zahlung<\/span><\/strong><\/p>\n<p><span data-sheets-value=\"{&quot;1&quot;:2,&quot;2&quot;:&quot;Wir akzeptieren Visa, Mastercard, Maestro, \u00dcberweisung und PayPal&quot;}\" data-sheets-userformat=\"{&quot;2&quot;:7041,&quot;3&quot;:{&quot;1&quot;:0},&quot;10&quot;:0,&quot;11&quot;:4,&quot;12&quot;:0,&quot;14&quot;:{&quot;1&quot;:2,&quot;2&quot;:0},&quot;15&quot;:&quot;Arial, sans-serif&quot;}\"><span class=\"TextRun SCXW238959859 BCX0\" data-contrast=\"auto\"><span class=\"NormalTextRun SCXW238959859 BCX0\">Wir akzeptieren Visa, Mastercard, Maestro, Apple Pay und PayPal.<\/span><\/span><span class=\"LineBreakBlob BlobObject DragDrop SCXW238959859 BCX0\"><span class=\"SCXW238959859 BCX0\">\u00a0<\/span><br class=\"SCXW238959859 BCX0\" \/><\/span><span class=\"TextRun SCXW238959859 BCX0\" data-contrast=\"auto\"><span class=\"NormalTextRun SCXW238959859 BCX0\">Der Betrag wird bei Versand abgebucht (au\u00dfer bei Bank\u00fcberweisung, hier erfolgt die Abbuchung nach best\u00e4tigtem Zahlungseingang).<\/span><\/span><span class=\"LineBreakBlob BlobObject DragDrop SCXW238959859 BCX0\"><span class=\"SCXW238959859 BCX0\">\u00a0<\/span><br class=\"SCXW238959859 BCX0\" \/><\/span><span class=\"TextRun SCXW238959859 BCX0\" data-contrast=\"auto\"><span class=\"NormalTextRun SCXW238959859 BCX0\">Alle Preise verstehen sich inklusive 25 % Mehrwertsteuer.<\/span><\/span><span class=\"EOP SCXW238959859 BCX0\" data-ccp-props=\"{&quot;134233117&quot;:true,&quot;134233118&quot;:true,&quot;201341983&quot;:0,&quot;335559740&quot;:240}\">\u00a0<\/span><\/span><\/p>\n<p><strong><span data-sheets-value=\"{&quot;1&quot;:2,&quot;2&quot;:&quot;4. Retouren und Reklamationen&quot;}\" data-sheets-userformat=\"{&quot;2&quot;:7041,&quot;3&quot;:{&quot;1&quot;:0},&quot;10&quot;:0,&quot;11&quot;:4,&quot;12&quot;:0,&quot;14&quot;:{&quot;1&quot;:2,&quot;2&quot;:0},&quot;15&quot;:&quot;Arial, sans-serif&quot;}\">4. Retouren und Reklamationen<\/span><\/strong><\/p>\n<p><span class=\"TextRun SCXW149331106 BCX0\" data-contrast=\"auto\"><span class=\"NormalTextRun SCXW149331106 BCX0\">14-t\u00e4giges Widerrufsrecht \u2013 Sie m\u00fcssen uns schriftlich sp\u00e4testens 14 Tage nach Erhalt informieren.<\/span><\/span><span class=\"LineBreakBlob BlobObject DragDrop SCXW149331106 BCX0\"><span class=\"SCXW149331106 BCX0\">\u00a0<\/span><br class=\"SCXW149331106 BCX0\" \/><\/span><span class=\"TextRun SCXW149331106 BCX0\" data-contrast=\"auto\"><span class=\"NormalTextRun SCXW149331106 BCX0\">Die R\u00fccksendekosten tr\u00e4gt der Kunde. Die Ware muss im Originalzustand und in der Originalverpackung zur\u00fcckgesendet werden.<\/span><\/span><span class=\"LineBreakBlob BlobObject DragDrop SCXW149331106 BCX0\"><span class=\"SCXW149331106 BCX0\">\u00a0<\/span><br class=\"SCXW149331106 BCX0\" \/><\/span><span class=\"TextRun SCXW149331106 BCX0\" data-contrast=\"auto\"><span class=\"NormalTextRun SCXW149331106 BCX0\">Wir behalten uns das Recht vor, Wertminderungen abzuziehen, wenn das Produkt benutzt wurde.<\/span><\/span><span class=\"EOP SCXW149331106 BCX0\" data-ccp-props=\"{&quot;134233117&quot;:true,&quot;134233118&quot;:true,&quot;201341983&quot;:0,&quot;335559740&quot;:240}\">\u00a0<\/span><\/p>\n<p><strong>5. Reklamation<\/strong><\/p>\n<p><span data-contrast=\"auto\">2 Jahre Gew\u00e4hrleistung bei Herstellungsfehlern.<\/span>\u00a0<br \/><span data-contrast=\"auto\">Bitte senden Sie Ihre Reklamation an: <strong>info@formandrefine.com<\/strong><\/span><strong>\u00a0<\/strong><br \/><span data-contrast=\"auto\">F\u00fcgen Sie Bilder und das ausgef\u00fcllte Reklamationsformular bei.<\/span><span data-ccp-props=\"{&quot;134233117&quot;:true,&quot;134233118&quot;:true,&quot;201341983&quot;:0,&quot;335559740&quot;:240}\">\u00a0<\/span><\/p>\n<p><span data-contrast=\"auto\">Bei sichtbaren Transportsch\u00e4den: Nehmen Sie die Ware mit Vorbehalt an oder verweigern Sie die Annahme. Kontaktieren Sie uns umgehend mit Ihrer Bestellnummer.<\/span><span data-ccp-props=\"{&quot;134233117&quot;:true,&quot;134233118&quot;:true,&quot;201341983&quot;:0,&quot;335559740&quot;:240}\">\u00a0<\/span><\/p>\n<p><strong><span data-sheets-value=\"{&quot;1&quot;:2,&quot;2&quot;:&quot;6. Gew\u00e4hrleistung&quot;}\" data-sheets-userformat=\"{&quot;2&quot;:7041,&quot;3&quot;:{&quot;1&quot;:0},&quot;10&quot;:0,&quot;11&quot;:4,&quot;12&quot;:0,&quot;14&quot;:{&quot;1&quot;:2,&quot;2&quot;:0},&quot;15&quot;:&quot;Arial, sans-serif&quot;}\">6. <span class=\"TextRun MacChromeBold SCXW20062584 BCX0\" data-contrast=\"auto\"><span class=\"NormalTextRun SCXW20062584 BCX0\">Garantie<\/span><\/span> <\/span><\/strong><\/p>\n<p><span data-contrast=\"auto\">Form &amp; Refine bietet 5 Jahre Garantie auf alle unsere Produkte.<\/span><span data-ccp-props=\"{&quot;134233117&quot;:true,&quot;134233118&quot;:true,&quot;201341983&quot;:0,&quot;335559740&quot;:240}\">\u00a0<\/span><\/p>\n<p><span data-contrast=\"auto\">Die Garantie deckt Produktionsfehler sowie Material- und Konstruktionsm\u00e4ngel ab, die bei normaler Nutzung im h\u00e4uslichen oder vergleichbaren Umfeld auftreten. Die Garantie umfasst Reparatur oder Austausch des mangelhaften Produkts nach unserem Ermessen.<\/span><span data-ccp-props=\"{&quot;134233117&quot;:true,&quot;134233118&quot;:true,&quot;201341983&quot;:0,&quot;335559740&quot;:240}\">\u00a0<\/span><\/p>\n<p><strong>Die Garantie deckt nicht ab:\u00a0<\/strong><\/p>\n<ul>\n<li>\n<p><span data-contrast=\"auto\">Sch\u00e4den oder Fehler durch falsche Nutzung, Fahrl\u00e4ssigkeit oder \u00c4nderungen durch den Nutzer.<\/span><span data-ccp-props=\"{&quot;134233117&quot;:true,&quot;134233118&quot;:true,&quot;201341983&quot;:0,&quot;335559740&quot;:240}\">\u00a0<\/span><\/p>\n<\/li>\n<li>\n<p><span data-contrast=\"auto\">Normale Abnutzung, Kratzer, Gebrauchsspuren oder Ver\u00e4nderungen, die durch den t\u00e4glichen Gebrauch entstehen.<\/span><span data-ccp-props=\"{&quot;134233117&quot;:true,&quot;134233118&quot;:true,&quot;201341983&quot;:0,&quot;335559740&quot;:240}\">\u00a0<\/span><\/p>\n<\/li>\n<li>\n<p><span data-contrast=\"auto\">Sch\u00e4den durch fehlende oder falsche Pflege, einschlie\u00dflich Nichtbeachtung unserer Pflegeanleitung.<\/span><span data-ccp-props=\"{&quot;134233117&quot;:true,&quot;134233118&quot;:true,&quot;201341983&quot;:0,&quot;335559740&quot;:240}\">\u00a0<\/span><\/p>\n<\/li>\n<li>\n<p><span data-contrast=\"auto\">Sch\u00e4den durch Lagerung oder Nutzung im Freien, in feuchten Umgebungen oder bei starken Temperatur- oder Luftfeuchtigkeitsschwankungen.<\/span><span data-ccp-props=\"{&quot;134233117&quot;:true,&quot;134233118&quot;:true,&quot;201341983&quot;:0,&quot;335559740&quot;:240}\">\u00a0<\/span><\/p>\n<\/li>\n<\/ul>\n<p><span data-contrast=\"auto\"><strong>Holz ist ein lebendiger Naturstoff,<\/strong> Farb-, Struktur- und Maserungsvariationen sind Teil seines einzigartigen Charakters und gelten nicht als M\u00e4ngel.<\/span><span data-ccp-props=\"{&quot;134233117&quot;:true,&quot;134233118&quot;:true,&quot;201341983&quot;:0,&quot;335559740&quot;:240}\">\u00a0<\/span><\/p>\n<p><span data-contrast=\"auto\">Holzm\u00f6bel ben\u00f6tigen regelm\u00e4\u00dfige Pflege \u2013 \u00d6len und Reinigen. Die Verwendung starker Chemikalien oder Reinigungsmittel kann die Oberfl\u00e4che besch\u00e4digen und die Garantie ung\u00fcltig machen.<\/span><span data-ccp-props=\"{&quot;134233117&quot;:true,&quot;134233118&quot;:true,&quot;201341983&quot;:0,&quot;335559740&quot;:240}\">\u00a0<\/span><\/p>\n<p><span data-contrast=\"auto\">F\u00fcr die G\u00fcltigkeit der Garantie ist vorausgesetzt, dass das M\u00f6belst\u00fcck korrekt verwendet und gem\u00e4\u00df unseren Anweisungen gepflegt wird. Pflege- und Wartungshinweise zum jeweiligen Produkt und seiner Oberfl\u00e4chenbehandlung finden Sie in unserer <a href=\"https:\/\/formandrefine.presscloud.com\/digitalshowroom\/#\/gallery\">Bilddatenbank.<\/a><\/span><\/p>\n<p><strong><span data-sheets-value=\"{&quot;1&quot;:2,&quot;2&quot;:&quot;7. Pers\u00f6nliche Daten&quot;}\" data-sheets-userformat=\"{&quot;2&quot;:7041,&quot;3&quot;:{&quot;1&quot;:0},&quot;10&quot;:0,&quot;11&quot;:4,&quot;12&quot;:0,&quot;14&quot;:{&quot;1&quot;:2,&quot;2&quot;:0},&quot;15&quot;:&quot;Arial, sans-serif&quot;}\">7. Pers\u00f6nliche Daten<\/span><\/strong><\/p>\n<p><span data-sheets-value=\"{&quot;1&quot;:2,&quot;2&quot;:&quot;Form &amp; Refine verpflichtet sich dazu, Ihre pers\u00f6nlichen Daten sicher und sorgf\u00e4ltig zu verwalten. Ihre pers\u00f6nlichen Daten werden nicht an Dritte weitergegeben oder verkauft. Alle Daten werden sicher gespeichert und sind nur bestimmten Mitarbeitern zug\u00e4nglich.&quot;}\" data-sheets-userformat=\"{&quot;2&quot;:7041,&quot;3&quot;:{&quot;1&quot;:0},&quot;10&quot;:0,&quot;11&quot;:4,&quot;12&quot;:0,&quot;14&quot;:{&quot;1&quot;:2,&quot;2&quot;:0},&quot;15&quot;:&quot;Arial, sans-serif&quot;}\"><span class=\"TextRun SCXW231483932 BCX0\" data-contrast=\"auto\"><span class=\"NormalTextRun SCXW231483932 BCX0\">Wir sch\u00fctzen Ihre Daten und verarbeiten sie gem\u00e4\u00df DSGVO.<\/span><\/span><span class=\"LineBreakBlob BlobObject DragDrop SCXW231483932 BCX0\"><span class=\"SCXW231483932 BCX0\">\u00a0<\/span><br class=\"SCXW231483932 BCX0\" \/><\/span><span class=\"TextRun SCXW231483932 BCX0\" data-contrast=\"auto\"><span class=\"NormalTextRun SCXW231483932 BCX0\">Details finden Sie in unserer vollst\u00e4ndigen <a href=\"https:\/\/formandrefine.com\/de\/privacy-policy\/\">Datenschutz<\/a>&#8211; und <a href=\"https:\/\/formandrefine.com\/de\/cookie-policy\/\">Cookie-Richtlinie.<\/a><\/span><\/span><span class=\"EOP SCXW231483932 BCX0\" data-ccp-props=\"{&quot;134233117&quot;:true,&quot;134233118&quot;:true,&quot;201341983&quot;:0,&quot;335559740&quot;:240}\">\u00a0<\/span><\/span><\/p>\n<p>\u200b<strong><span data-sheets-value=\"{&quot;1&quot;:2,&quot;2&quot;:&quot;8. Haftungsausschluss&quot;}\" data-sheets-userformat=\"{&quot;2&quot;:7041,&quot;3&quot;:{&quot;1&quot;:0},&quot;10&quot;:0,&quot;11&quot;:4,&quot;12&quot;:0,&quot;14&quot;:{&quot;1&quot;:2,&quot;2&quot;:0},&quot;15&quot;:&quot;Arial, sans-serif&quot;}\">8. <span class=\"TextRun MacChromeBold SCXW230696330 BCX0\" data-contrast=\"auto\"><span class=\"NormalTextRun SCXW230696330 BCX0\">Haftung<\/span><\/span><span class=\"EOP SCXW230696330 BCX0\" data-ccp-props=\"{&quot;134233117&quot;:true,&quot;134233118&quot;:true,&quot;201341983&quot;:0,&quot;335559740&quot;:240}\">\u00a0<\/span><\/span><\/strong><\/p>\n<p><span class=\"TextRun SCXW128803972 BCX0\" data-contrast=\"auto\"><span class=\"NormalTextRun SCXW128803972 BCX0\">Form &amp; Refine haftet nicht f\u00fcr indirekte Sch\u00e4den oder Fehler.<\/span><\/span><span class=\"LineBreakBlob BlobObject DragDrop SCXW128803972 BCX0\"><span class=\"SCXW128803972 BCX0\">\u00a0<\/span><br class=\"SCXW128803972 BCX0\" \/><\/span><span class=\"TextRun SCXW128803972 BCX0\" data-contrast=\"auto\"><span class=\"NormalTextRun SCXW128803972 BCX0\">Wir behalten uns das Recht vor, Bestellungen bei Preisfehlern, Systemfehlern oder Verdacht auf Missbrauch zu stornieren.<\/span><\/span><span class=\"EOP SCXW128803972 BCX0\" data-ccp-props=\"{&quot;134233117&quot;:true,&quot;134233118&quot;:true,&quot;201341983&quot;:0,&quot;335559740&quot;:240}\">\u00a0<\/span><\/p>\n<p><strong><span data-sheets-value=\"{&quot;1&quot;:2,&quot;2&quot;:&quot;Kontakt&quot;}\" data-sheets-userformat=\"{&quot;2&quot;:7041,&quot;3&quot;:{&quot;1&quot;:0},&quot;10&quot;:0,&quot;11&quot;:4,&quot;12&quot;:0,&quot;14&quot;:{&quot;1&quot;:2,&quot;2&quot;:0},&quot;15&quot;:&quot;Arial, sans-serif&quot;}\">Kontakt<\/span><\/strong><\/p>\n<p><span class=\"TextRun SCXW105751833 BCX0\" data-contrast=\"auto\"><span class=\"NormalTextRun SCXW105751833 BCX0\">Form &amp; Refine<\/span><\/span><span class=\"LineBreakBlob BlobObject DragDrop SCXW105751833 BCX0\"><span class=\"SCXW105751833 BCX0\">\u00a0<\/span><br class=\"SCXW105751833 BCX0\" \/><\/span><span class=\"TextRun SCXW105751833 BCX0\" data-contrast=\"auto\"><span class=\"NormalTextRun SCXW105751833 BCX0\">Industrivej 14<\/span><\/span><span class=\"LineBreakBlob BlobObject DragDrop SCXW105751833 BCX0\"><span class=\"SCXW105751833 BCX0\">\u00a0<\/span><br class=\"SCXW105751833 BCX0\" \/><\/span><span class=\"TextRun SCXW105751833 BCX0\" data-contrast=\"auto\"><span class=\"NormalTextRun SCXW105751833 BCX0\">8680 Ry<\/span><\/span><span class=\"LineBreakBlob BlobObject DragDrop SCXW105751833 BCX0\"><span class=\"SCXW105751833 BCX0\">\u00a0<\/span><br class=\"SCXW105751833 BCX0\" \/><\/span><span class=\"TextRun SCXW105751833 BCX0\" data-contrast=\"auto\"><span class=\"NormalTextRun SCXW105751833 BCX0\">D\u00e4nemark<\/span><\/span><span class=\"LineBreakBlob BlobObject DragDrop SCXW105751833 BCX0\"><span class=\"SCXW105751833 BCX0\">\u00a0<\/span><br class=\"SCXW105751833 BCX0\" \/><\/span><span class=\"TextRun SCXW105751833 BCX0\" data-contrast=\"auto\"><span class=\"NormalTextRun SCXW105751833 BCX0\">Tel. +45 30 96 54 07<\/span><\/span><span class=\"LineBreakBlob BlobObject DragDrop SCXW105751833 BCX0\"><span class=\"SCXW105751833 BCX0\">\u00a0<\/span><br class=\"SCXW105751833 BCX0\" \/><\/span><span class=\"TextRun SCXW105751833 BCX0\" data-contrast=\"auto\"><span class=\"NormalTextRun SCXW105751833 BCX0\">info@formandrefine.com<\/span><\/span><span class=\"EOP SCXW105751833 BCX0\" data-ccp-props=\"{&quot;134233117&quot;:true,&quot;134233118&quot;:true,&quot;201341983&quot;:0,&quot;335559740&quot;:240}\">\u00a0<\/span><\/p>\n\t\t<\/div>\n\t\t\t\t\t<\/div>\n\n\t\n<\/div>\n","protected":false},"excerpt":{"rendered":"","protected":false},"author":4,"featured_media":0,"parent":0,"menu_order":0,"comment_status":"closed","ping_status":"closed","template":"page-full-width-title-and-navigation.php","meta":{"_acf_changed":false,"footnotes":""},"class_list":["post-4689","page","type-page","status-publish","hentry"],"acf":[],"yoast_head":"<!-- This site is optimized with the Yoast SEO plugin v25.9 - https:\/\/yoast.com\/wordpress\/plugins\/seo\/ -->\n<title>AGB - Form &amp; Refine<\/title>\n<meta name=\"robots\" content=\"index, follow, max-snippet:-1, max-image-preview:large, max-video-preview:-1\" \/>\n<link rel=\"canonical\" href=\"https:\/\/formandrefine.com\/de\/terms-and-conditions\/\" \/>\n<meta property=\"og:locale\" content=\"de_DE\" \/>\n<meta property=\"og:type\" content=\"article\" \/>\n<meta property=\"og:title\" content=\"AGB - Form &amp; Refine\" \/>\n<meta property=\"og:url\" content=\"https:\/\/formandrefine.com\/de\/terms-and-conditions\/\" \/>\n<meta property=\"og:site_name\" content=\"Form &amp; Refine\" \/>\n<meta property=\"article:modified_time\" content=\"2025-10-02T08:40:41+00:00\" \/>\n<meta name=\"twitter:card\" content=\"summary_large_image\" \/>\n<meta name=\"twitter:label1\" content=\"Gesch\u00e4tzte Lesezeit\" \/>\n\t<meta name=\"twitter:data1\" content=\"5\u00a0Minuten\" \/>\n<script type=\"application\/ld+json\" class=\"yoast-schema-graph\">{\"@context\":\"https:\/\/schema.org\",\"@graph\":[{\"@type\":\"WebPage\",\"@id\":\"https:\/\/formandrefine.com\/de\/terms-and-conditions\/\",\"url\":\"https:\/\/formandrefine.com\/de\/terms-and-conditions\/\",\"name\":\"AGB - Form &amp; Refine\",\"isPartOf\":{\"@id\":\"https:\/\/formandrefine.com\/#website\"},\"datePublished\":\"2021-06-23T14:23:54+00:00\",\"dateModified\":\"2025-10-02T08:40:41+00:00\",\"breadcrumb\":{\"@id\":\"https:\/\/formandrefine.com\/de\/terms-and-conditions\/#breadcrumb\"},\"inLanguage\":\"de\",\"potentialAction\":[{\"@type\":\"ReadAction\",\"target\":[\"https:\/\/formandrefine.com\/de\/terms-and-conditions\/\"]}]},{\"@type\":\"BreadcrumbList\",\"@id\":\"https:\/\/formandrefine.com\/de\/terms-and-conditions\/#breadcrumb\",\"itemListElement\":[{\"@type\":\"ListItem\",\"position\":1,\"name\":\"Home\",\"item\":\"https:\/\/formandrefine.com\/de\/\"},{\"@type\":\"ListItem\",\"position\":2,\"name\":\"AGB\"}]},{\"@type\":\"WebSite\",\"@id\":\"https:\/\/formandrefine.com\/#website\",\"url\":\"https:\/\/formandrefine.com\/\",\"name\":\"Form &amp; Refine\",\"description\":\"Form and Refine is a Danish design brand. We form collections of Nordic design that will refine as the years progress.\",\"potentialAction\":[{\"@type\":\"SearchAction\",\"target\":{\"@type\":\"EntryPoint\",\"urlTemplate\":\"https:\/\/formandrefine.com\/?s={search_term_string}\"},\"query-input\":{\"@type\":\"PropertyValueSpecification\",\"valueRequired\":true,\"valueName\":\"search_term_string\"}}],\"inLanguage\":\"de\"}]}<\/script>\n<!-- \/ Yoast SEO plugin. -->","yoast_head_json":{"title":"AGB - Form &amp; Refine","robots":{"index":"index","follow":"follow","max-snippet":"max-snippet:-1","max-image-preview":"max-image-preview:large","max-video-preview":"max-video-preview:-1"},"canonical":"https:\/\/formandrefine.com\/de\/terms-and-conditions\/","og_locale":"de_DE","og_type":"article","og_title":"AGB - Form &amp; Refine","og_url":"https:\/\/formandrefine.com\/de\/terms-and-conditions\/","og_site_name":"Form &amp; Refine","article_modified_time":"2025-10-02T08:40:41+00:00","twitter_card":"summary_large_image","twitter_misc":{"Gesch\u00e4tzte Lesezeit":"5\u00a0Minuten"},"schema":{"@context":"https:\/\/schema.org","@graph":[{"@type":"WebPage","@id":"https:\/\/formandrefine.com\/de\/terms-and-conditions\/","url":"https:\/\/formandrefine.com\/de\/terms-and-conditions\/","name":"AGB - Form &amp; Refine","isPartOf":{"@id":"https:\/\/formandrefine.com\/#website"},"datePublished":"2021-06-23T14:23:54+00:00","dateModified":"2025-10-02T08:40:41+00:00","breadcrumb":{"@id":"https:\/\/formandrefine.com\/de\/terms-and-conditions\/#breadcrumb"},"inLanguage":"de","potentialAction":[{"@type":"ReadAction","target":["https:\/\/formandrefine.com\/de\/terms-and-conditions\/"]}]},{"@type":"BreadcrumbList","@id":"https:\/\/formandrefine.com\/de\/terms-and-conditions\/#breadcrumb","itemListElement":[{"@type":"ListItem","position":1,"name":"Home","item":"https:\/\/formandrefine.com\/de\/"},{"@type":"ListItem","position":2,"name":"AGB"}]},{"@type":"WebSite","@id":"https:\/\/formandrefine.com\/#website","url":"https:\/\/formandrefine.com\/","name":"Form &amp; Refine","description":"Form and Refine is a Danish design brand. We form collections of Nordic design that will refine as the years progress.","potentialAction":[{"@type":"SearchAction","target":{"@type":"EntryPoint","urlTemplate":"https:\/\/formandrefine.com\/?s={search_term_string}"},"query-input":{"@type":"PropertyValueSpecification","valueRequired":true,"valueName":"search_term_string"}}],"inLanguage":"de"}]}},"_links":{"self":[{"href":"https:\/\/formandrefine.com\/de\/wp-json\/wp\/v2\/pages\/4689","targetHints":{"allow":["GET"]}}],"collection":[{"href":"https:\/\/formandrefine.com\/de\/wp-json\/wp\/v2\/pages"}],"about":[{"href":"https:\/\/formandrefine.com\/de\/wp-json\/wp\/v2\/types\/page"}],"author":[{"embeddable":true,"href":"https:\/\/formandrefine.com\/de\/wp-json\/wp\/v2\/users\/4"}],"replies":[{"embeddable":true,"href":"https:\/\/formandrefine.com\/de\/wp-json\/wp\/v2\/comments?post=4689"}],"version-history":[{"count":16,"href":"https:\/\/formandrefine.com\/de\/wp-json\/wp\/v2\/pages\/4689\/revisions"}],"predecessor-version":[{"id":23178,"href":"https:\/\/formandrefine.com\/de\/wp-json\/wp\/v2\/pages\/4689\/revisions\/23178"}],"wp:attachment":[{"href":"https:\/\/formandrefine.com\/de\/wp-json\/wp\/v2\/media?parent=4689"}],"curies":[{"name":"wp","href":"https:\/\/api.w.org\/{rel}","templated":true}]}}