{"id":6295,"date":"2021-12-15T12:48:07","date_gmt":"2021-12-15T11:48:07","guid":{"rendered":"https:\/\/formandrefine.com\/?post_type=product&#038;p=6295"},"modified":"2024-08-01T21:51:01","modified_gmt":"2024-08-01T19:51:01","slug":"arc-toilet-roll-holder-black","status":"publish","type":"product","link":"https:\/\/formandrefine.com\/de\/produkt\/arc-toilet-roll-holder-black\/","title":{"rendered":"Arc Toilet Roll Holder, Black"},"content":{"rendered":"\n\t<section class=\"section\" id=\"section_1845774315\">\n\t\t<div class=\"section-bg fill\" >\n\t\t\t\t\t\t\t\t\t\n\t\t\t\n\n\t\t<\/div>\n\n\t\t\n\n\t\t<div class=\"section-content relative\">\n\t\t\t\n<div class=\"row\" style=\"max-width:700px\" id=\"row-2097708142\">\n\n\t<div id=\"col-1449961510\" class=\"col small-12 large-12\"  data-animate=\"fadeInDown\">\n\t\t\t\t<div class=\"col-inner\"  >\n\t\t\t\n\t\t\t\n<section class=\"elementor-element elementor-element-79b3c771 animated-section narrow-text product-section-three-text elementor-section-boxed elementor-section-height-default elementor-section-height-default elementor-section elementor-top-section\" data-id=\"79b3c771\" data-element_type=\"section\">\n<div class=\"elementor-container elementor-column-gap-default\">\n<div class=\"elementor-row\">\n<div class=\"elementor-element elementor-element-7d51d698 elementor-column elementor-col-100 elementor-top-column\" data-id=\"7d51d698\" data-element_type=\"column\">\n<div class=\"elementor-column-wrap elementor-element-populated\">\n<div class=\"elementor-widget-wrap\">\n<div class=\"elementor-element elementor-element-75d5429b topdown slidedown elementor-widget elementor-widget-text-editor animated certaSlideDown slow\" data-id=\"75d5429b\" data-element_type=\"widget\" data-widget_type=\"text-editor.default\">\n<div class=\"elementor-widget-container\">\n<div class=\"elementor-text-editor elementor-clearfix\">\n<div class=\"elementor-element elementor-element-2e1995ef slidedown elementor-widget elementor-widget-text-editor animated certaSlideDown slow\" data-id=\"2e1995ef\" data-element_type=\"widget\" data-widget_type=\"text-editor.default\">\n<div class=\"elementor-widget-container\">\n<div class=\"elementor-text-editor elementor-clearfix\">\n<div class=\"elementor-element elementor-element-23e131d8 topdown slidedown elementor-widget elementor-widget-text-editor animated certaSlideDown slow\" data-id=\"23e131d8\" data-element_type=\"widget\" data-widget_type=\"text-editor.default\">\n<div class=\"elementor-widget-container\">\n<div class=\"elementor-text-editor elementor-clearfix\">\n<div class=\"elementor-element elementor-element-75d5429b topdown slidedown elementor-widget elementor-widget-text-editor animated certaSlideDown slow\" data-id=\"75d5429b\" data-element_type=\"widget\" data-widget_type=\"text-editor.default\">\n<div class=\"elementor-widget-container\">\n<div class=\"elementor-text-editor elementor-clearfix\">Ein starkes Stahlband mit deutlich abgerundeten Kanten verleiht diesem Toilettenpapierhalter etwas Massives ohne schwer zu wirken, denn die Kn\u00f6pfe an den Seiten stehen mit ihrem zarten und minimalistischen Design in klarem Kontrast dazu. Mit seinen abgerundeten Ecken schmiegt sich der Toilettenpapierhalter elegant an die Wand. Die extra matte und netzartig strukturierte Oberfl\u00e4che der unbearbeitet wirkenden Kn\u00f6pfe f\u00fchlt sich sehr gut an. Sie ist ein zus\u00e4tzliches besonderes Detail \u2013 das wohl auff\u00e4lligste dieses Bad-Accessoires. Der Toilettenpapierhalter muss an der Wand befestigt werden.<\/div>\n<\/div>\n<\/div>\n<\/div>\n<\/div>\n<\/div>\n<\/div>\n<\/div>\n<\/div>\n<\/div>\n<\/div>\n<\/div>\n<\/div>\n<\/div>\n<\/div>\n<\/div>\n<\/div>\n<\/section>\n\t\t<\/div>\n\t\t\t\t\t<\/div>\n\n\t\n\n\t<div id=\"col-684217225\" class=\"col small-12 large-12\"  data-animate=\"fadeInUp\">\n\t\t\t\t<div class=\"col-inner\"  >\n\t\t\t\n\t\t\t\n<p><img loading=\"lazy\" decoding=\"async\" src=\"https:\/\/formandrefine.com\/wp-content\/uploads\/22-tegn4.png\" alt=\"\" width=\"15\" height=\"13\" \/><\/p>\n<div><span lang=\"EN-US\">Beim Design der Arc Badezimmer-Accessoires geht es darum, wie verschiedene Formen aufeinandertreffen. Die gro\u00dfe Rundung an der hinteren Seite des Handtuch- bzw. Toilettenpapierhalters sollte sanft auf die Wand treffen und den Eindruck eines flie\u00dfenden \u00dcbergangs erzeugen.<\/span><\/div>\n<p style=\"text-align: right;\">\u2013 Herman Studio<\/p>\n\t\t<\/div>\n\t\t\t\t\t<\/div>\n\n\t\n<\/div>\n<div class=\"row enviornment-mobile-setup\" style=\"max-width:1120px\" id=\"row-416346870\">\n\n\t<div id=\"col-1331565397\" class=\"col small-12 large-12\"  >\n\t\t\t\t<div class=\"col-inner\"  >\n\t\t\t\n\t\t\t\n\t<div id=\"gap-1643514045\" class=\"gap-element clearfix\" style=\"display:block; height:auto;\">\n\t\t\n<style>\n#gap-1643514045 {\n  padding-top: 90px;\n}\n<\/style>\n\t<\/div>\n\t\n\t<div class=\"img has-hover x md-x lg-x y md-y lg-y\" id=\"image_549644588\">\n\t\t\t\t\t\t\t\t<div class=\"img-inner dark\" >\n\t\t\t<img loading=\"lazy\" decoding=\"async\" width=\"1020\" height=\"546\" src=\"https:\/\/formandrefine.com\/wp-content\/uploads\/2022\/01\/FR_Arc_toiletholder_black_enviroment.jpg\" class=\"attachment-large size-large\" alt=\"\" srcset=\"https:\/\/formandrefine.com\/wp-content\/uploads\/2022\/01\/FR_Arc_toiletholder_black_enviroment.jpg 2000w, https:\/\/formandrefine.com\/wp-content\/uploads\/2022\/01\/FR_Arc_toiletholder_black_enviroment-1600x857.jpg 1600w\" sizes=\"auto, (max-width: 1020px) 100vw, 1020px\" \/>\t\t\t\t\t\t\n\t\t\t\t\t<\/div>\n\t\t\t\t\t\t\t\t\n<style>\n#image_549644588 {\n  width: 100%;\n}\n<\/style>\n\t<\/div>\n\t\n\t\t<\/div>\n\t\t\t\t\t<\/div>\n\n\t\n\n\t<div id=\"col-1856131114\" class=\"col medium-6 small-12 large-6\"  >\n\t\t\t\t<div class=\"col-inner\"  >\n\t\t\t\n\t\t\t\n\t<div class=\"img has-hover x md-x lg-x y md-y lg-y\" id=\"image_187444227\">\n\t\t\t\t\t\t\t\t<div class=\"img-inner dark\" >\n\t\t\t<img loading=\"lazy\" decoding=\"async\" width=\"1993\" height=\"2560\" src=\"https:\/\/formandrefine.com\/wp-content\/uploads\/2023\/01\/Form-and-Refine_Bathroom_Arc-Toilet-Roll-Holder-Black_545x700-scaled.webp\" class=\"attachment-original size-original\" alt=\"\" srcset=\"https:\/\/formandrefine.com\/wp-content\/uploads\/2023\/01\/Form-and-Refine_Bathroom_Arc-Toilet-Roll-Holder-Black_545x700-scaled.webp 1993w, https:\/\/formandrefine.com\/wp-content\/uploads\/2023\/01\/Form-and-Refine_Bathroom_Arc-Toilet-Roll-Holder-Black_545x700-scaled-1600x2055.webp 1600w\" sizes=\"auto, (max-width: 1993px) 100vw, 1993px\" \/>\t\t\t\t\t\t\n\t\t\t\t\t<\/div>\n\t\t\t\t\t\t\t\t\n<style>\n#image_187444227 {\n  width: 100%;\n}\n<\/style>\n\t<\/div>\n\t\n\t\t<\/div>\n\t\t\t\t\t<\/div>\n\n\t\n\n\t<div id=\"col-1348918726\" class=\"col medium-6 small-12 large-6\"  >\n\t\t\t\t<div class=\"col-inner\"  >\n\t\t\t\n\t\t\t\n\t<div class=\"img has-hover x md-x lg-x y md-y lg-y\" id=\"image_1612360057\">\n\t\t\t\t\t\t\t\t<div class=\"img-inner dark\" >\n\t\t\t<img loading=\"lazy\" decoding=\"async\" width=\"1000\" height=\"1284\" src=\"https:\/\/formandrefine.com\/wp-content\/uploads\/2022\/01\/FR_Arc_all_545x799.jpg\" class=\"attachment-original size-original\" alt=\"\" srcset=\"https:\/\/formandrefine.com\/wp-content\/uploads\/2022\/01\/FR_Arc_all_545x799.jpg 1000w, https:\/\/formandrefine.com\/wp-content\/uploads\/2022\/01\/FR_Arc_all_545x799-510x655.jpg 510w\" sizes=\"auto, (max-width: 1000px) 100vw, 1000px\" \/>\t\t\t\t\t\t\n\t\t\t\t\t<\/div>\n\t\t\t\t\t\t\t\t\n<style>\n#image_1612360057 {\n  width: 100%;\n}\n<\/style>\n\t<\/div>\n\t\n\t\t<\/div>\n\t\t\t\t\t<\/div>\n\n\t\n<\/div>\n\t\t<\/div>\n\n\t\t\n<style>\n#section_1845774315 {\n  padding-top: 30px;\n  padding-bottom: 30px;\n}\n<\/style>\n\t<\/section>\n\t\n","protected":false},"excerpt":{"rendered":"","protected":false},"featured_media":6301,"template":"","meta":{"_acf_changed":false},"product_brand":[],"product_cat":[75,162],"product_tag":[],"class_list":{"0":"post-6295","1":"product","2":"type-product","3":"status-publish","4":"has-post-thumbnail","6":"product_cat-objekte-de","7":"product_cat-badezimmer","9":"first","10":"instock","11":"taxable","12":"shipping-taxable","13":"purchasable","14":"product-type-simple"},"acf":[],"yoast_head":"<!-- This site is optimized with the Yoast SEO plugin v25.9 - https:\/\/yoast.com\/wordpress\/plugins\/seo\/ -->\n<title>Arc Toilettenpapierhalter, Schwarz<\/title>\n<meta name=\"description\" content=\"Arc Toilettenpapierhalter in Schwarz \u2713 Skandinavisches Design, stilvoll und funktional. Perfekt f\u00fcr moderne Badezimmer.\" \/>\n<meta name=\"robots\" content=\"index, follow, max-snippet:-1, max-image-preview:large, max-video-preview:-1\" \/>\n<link rel=\"canonical\" href=\"https:\/\/formandrefine.com\/de\/produkt\/arc-toilet-roll-holder-black\/\" \/>\n<meta property=\"og:locale\" content=\"de_DE\" \/>\n<meta property=\"og:type\" content=\"article\" \/>\n<meta property=\"og:title\" content=\"Arc Toilettenpapierhalter, Schwarz\" \/>\n<meta property=\"og:description\" content=\"Arc Toilettenpapierhalter in Schwarz \u2713 Skandinavisches Design, stilvoll und funktional. Perfekt f\u00fcr moderne Badezimmer.\" \/>\n<meta property=\"og:url\" content=\"https:\/\/formandrefine.com\/de\/produkt\/arc-toilet-roll-holder-black\/\" \/>\n<meta property=\"og:site_name\" content=\"Form &amp; Refine\" \/>\n<meta property=\"article:modified_time\" content=\"2024-08-01T19:51:01+00:00\" \/>\n<meta property=\"og:image\" content=\"https:\/\/formandrefine.com\/wp-content\/uploads\/2021\/12\/FR_Arc_Toilet-Holder_Black_Perspective.png\" \/>\n\t<meta property=\"og:image:width\" content=\"1000\" \/>\n\t<meta property=\"og:image:height\" content=\"1000\" \/>\n\t<meta property=\"og:image:type\" content=\"image\/png\" \/>\n<meta name=\"twitter:card\" content=\"summary_large_image\" \/>\n<meta name=\"twitter:label1\" content=\"Gesch\u00e4tzte Lesezeit\" \/>\n\t<meta name=\"twitter:data1\" content=\"2\u00a0Minuten\" \/>\n<script type=\"application\/ld+json\" class=\"yoast-schema-graph\">{\"@context\":\"https:\/\/schema.org\",\"@graph\":[{\"@type\":\"WebPage\",\"@id\":\"https:\/\/formandrefine.com\/de\/produkt\/arc-toilet-roll-holder-black\/\",\"url\":\"https:\/\/formandrefine.com\/de\/produkt\/arc-toilet-roll-holder-black\/\",\"name\":\"Arc Toilettenpapierhalter, Schwarz\",\"isPartOf\":{\"@id\":\"https:\/\/formandrefine.com\/#website\"},\"primaryImageOfPage\":{\"@id\":\"https:\/\/formandrefine.com\/de\/produkt\/arc-toilet-roll-holder-black\/#primaryimage\"},\"image\":{\"@id\":\"https:\/\/formandrefine.com\/de\/produkt\/arc-toilet-roll-holder-black\/#primaryimage\"},\"thumbnailUrl\":\"https:\/\/formandrefine.com\/wp-content\/uploads\/2021\/12\/FR_Arc_Toilet-Holder_Black_Perspective.png\",\"datePublished\":\"2021-12-15T11:48:07+00:00\",\"dateModified\":\"2024-08-01T19:51:01+00:00\",\"description\":\"Arc Toilettenpapierhalter in Schwarz \u2713 Skandinavisches Design, stilvoll und funktional. Perfekt f\u00fcr moderne Badezimmer.\",\"breadcrumb\":{\"@id\":\"https:\/\/formandrefine.com\/de\/produkt\/arc-toilet-roll-holder-black\/#breadcrumb\"},\"inLanguage\":\"de\",\"potentialAction\":[{\"@type\":\"ReadAction\",\"target\":[\"https:\/\/formandrefine.com\/de\/produkt\/arc-toilet-roll-holder-black\/\"]}]},{\"@type\":\"ImageObject\",\"inLanguage\":\"de\",\"@id\":\"https:\/\/formandrefine.com\/de\/produkt\/arc-toilet-roll-holder-black\/#primaryimage\",\"url\":\"https:\/\/formandrefine.com\/wp-content\/uploads\/2021\/12\/FR_Arc_Toilet-Holder_Black_Perspective.png\",\"contentUrl\":\"https:\/\/formandrefine.com\/wp-content\/uploads\/2021\/12\/FR_Arc_Toilet-Holder_Black_Perspective.png\",\"width\":1000,\"height\":1000},{\"@type\":\"BreadcrumbList\",\"@id\":\"https:\/\/formandrefine.com\/de\/produkt\/arc-toilet-roll-holder-black\/#breadcrumb\",\"itemListElement\":[{\"@type\":\"ListItem\",\"position\":1,\"name\":\"Home\",\"item\":\"https:\/\/formandrefine.com\/de\/\"},{\"@type\":\"ListItem\",\"position\":2,\"name\":\"Shop\",\"item\":\"https:\/\/formandrefine.com\/de\/shop\/\"},{\"@type\":\"ListItem\",\"position\":3,\"name\":\"Arc Toilet Roll Holder, Black\"}]},{\"@type\":\"WebSite\",\"@id\":\"https:\/\/formandrefine.com\/#website\",\"url\":\"https:\/\/formandrefine.com\/\",\"name\":\"Form &amp; Refine\",\"description\":\"Form and Refine is a Danish design brand. We form collections of Nordic design that will refine as the years progress.\",\"potentialAction\":[{\"@type\":\"SearchAction\",\"target\":{\"@type\":\"EntryPoint\",\"urlTemplate\":\"https:\/\/formandrefine.com\/?s={search_term_string}\"},\"query-input\":{\"@type\":\"PropertyValueSpecification\",\"valueRequired\":true,\"valueName\":\"search_term_string\"}}],\"inLanguage\":\"de\"}]}<\/script>\n<!-- \/ Yoast SEO plugin. -->","yoast_head_json":{"title":"Arc Toilettenpapierhalter, Schwarz","description":"Arc Toilettenpapierhalter in Schwarz \u2713 Skandinavisches Design, stilvoll und funktional. Perfekt f\u00fcr moderne Badezimmer.","robots":{"index":"index","follow":"follow","max-snippet":"max-snippet:-1","max-image-preview":"max-image-preview:large","max-video-preview":"max-video-preview:-1"},"canonical":"https:\/\/formandrefine.com\/de\/produkt\/arc-toilet-roll-holder-black\/","og_locale":"de_DE","og_type":"article","og_title":"Arc Toilettenpapierhalter, Schwarz","og_description":"Arc Toilettenpapierhalter in Schwarz \u2713 Skandinavisches Design, stilvoll und funktional. Perfekt f\u00fcr moderne Badezimmer.","og_url":"https:\/\/formandrefine.com\/de\/produkt\/arc-toilet-roll-holder-black\/","og_site_name":"Form &amp; Refine","article_modified_time":"2024-08-01T19:51:01+00:00","og_image":[{"width":1000,"height":1000,"url":"https:\/\/formandrefine.com\/wp-content\/uploads\/2021\/12\/FR_Arc_Toilet-Holder_Black_Perspective.png","type":"image\/png"}],"twitter_card":"summary_large_image","twitter_misc":{"Gesch\u00e4tzte Lesezeit":"2\u00a0Minuten"},"schema":{"@context":"https:\/\/schema.org","@graph":[{"@type":"WebPage","@id":"https:\/\/formandrefine.com\/de\/produkt\/arc-toilet-roll-holder-black\/","url":"https:\/\/formandrefine.com\/de\/produkt\/arc-toilet-roll-holder-black\/","name":"Arc Toilettenpapierhalter, Schwarz","isPartOf":{"@id":"https:\/\/formandrefine.com\/#website"},"primaryImageOfPage":{"@id":"https:\/\/formandrefine.com\/de\/produkt\/arc-toilet-roll-holder-black\/#primaryimage"},"image":{"@id":"https:\/\/formandrefine.com\/de\/produkt\/arc-toilet-roll-holder-black\/#primaryimage"},"thumbnailUrl":"https:\/\/formandrefine.com\/wp-content\/uploads\/2021\/12\/FR_Arc_Toilet-Holder_Black_Perspective.png","datePublished":"2021-12-15T11:48:07+00:00","dateModified":"2024-08-01T19:51:01+00:00","description":"Arc Toilettenpapierhalter in Schwarz \u2713 Skandinavisches Design, stilvoll und funktional. Perfekt f\u00fcr moderne Badezimmer.","breadcrumb":{"@id":"https:\/\/formandrefine.com\/de\/produkt\/arc-toilet-roll-holder-black\/#breadcrumb"},"inLanguage":"de","potentialAction":[{"@type":"ReadAction","target":["https:\/\/formandrefine.com\/de\/produkt\/arc-toilet-roll-holder-black\/"]}]},{"@type":"ImageObject","inLanguage":"de","@id":"https:\/\/formandrefine.com\/de\/produkt\/arc-toilet-roll-holder-black\/#primaryimage","url":"https:\/\/formandrefine.com\/wp-content\/uploads\/2021\/12\/FR_Arc_Toilet-Holder_Black_Perspective.png","contentUrl":"https:\/\/formandrefine.com\/wp-content\/uploads\/2021\/12\/FR_Arc_Toilet-Holder_Black_Perspective.png","width":1000,"height":1000},{"@type":"BreadcrumbList","@id":"https:\/\/formandrefine.com\/de\/produkt\/arc-toilet-roll-holder-black\/#breadcrumb","itemListElement":[{"@type":"ListItem","position":1,"name":"Home","item":"https:\/\/formandrefine.com\/de\/"},{"@type":"ListItem","position":2,"name":"Shop","item":"https:\/\/formandrefine.com\/de\/shop\/"},{"@type":"ListItem","position":3,"name":"Arc Toilet Roll Holder, Black"}]},{"@type":"WebSite","@id":"https:\/\/formandrefine.com\/#website","url":"https:\/\/formandrefine.com\/","name":"Form &amp; Refine","description":"Form and Refine is a Danish design brand. We form collections of Nordic design that will refine as the years progress.","potentialAction":[{"@type":"SearchAction","target":{"@type":"EntryPoint","urlTemplate":"https:\/\/formandrefine.com\/?s={search_term_string}"},"query-input":{"@type":"PropertyValueSpecification","valueRequired":true,"valueName":"search_term_string"}}],"inLanguage":"de"}]}},"_links":{"self":[{"href":"https:\/\/formandrefine.com\/de\/wp-json\/wp\/v2\/product\/6295","targetHints":{"allow":["GET"]}}],"collection":[{"href":"https:\/\/formandrefine.com\/de\/wp-json\/wp\/v2\/product"}],"about":[{"href":"https:\/\/formandrefine.com\/de\/wp-json\/wp\/v2\/types\/product"}],"version-history":[{"count":1,"href":"https:\/\/formandrefine.com\/de\/wp-json\/wp\/v2\/product\/6295\/revisions"}],"predecessor-version":[{"id":18535,"href":"https:\/\/formandrefine.com\/de\/wp-json\/wp\/v2\/product\/6295\/revisions\/18535"}],"wp:featuredmedia":[{"embeddable":true,"href":"https:\/\/formandrefine.com\/de\/wp-json\/wp\/v2\/media\/6301"}],"wp:attachment":[{"href":"https:\/\/formandrefine.com\/de\/wp-json\/wp\/v2\/media?parent=6295"}],"wp:term":[{"taxonomy":"product_brand","embeddable":true,"href":"https:\/\/formandrefine.com\/de\/wp-json\/wp\/v2\/product_brand?post=6295"},{"taxonomy":"product_cat","embeddable":true,"href":"https:\/\/formandrefine.com\/de\/wp-json\/wp\/v2\/product_cat?post=6295"},{"taxonomy":"product_tag","embeddable":true,"href":"https:\/\/formandrefine.com\/de\/wp-json\/wp\/v2\/product_tag?post=6295"}],"curies":[{"name":"wp","href":"https:\/\/api.w.org\/{rel}","templated":true}]}}