{"id":6322,"date":"2021-12-16T10:30:01","date_gmt":"2021-12-16T09:30:01","guid":{"rendered":"https:\/\/formandrefine.com\/?post_type=product&#038;p=6322"},"modified":"2024-08-01T21:50:23","modified_gmt":"2024-08-01T19:50:23","slug":"arc-towel-bar-double-black","status":"publish","type":"product","link":"https:\/\/formandrefine.com\/de\/produkt\/arc-towel-bar-double-black\/","title":{"rendered":"Arc Towel Bar Double, Black"},"content":{"rendered":"\n\t<section class=\"section\" id=\"section_1324170412\">\n\t\t<div class=\"section-bg fill\" >\n\t\t\t\t\t\t\t\t\t\n\t\t\t\n\n\t\t<\/div>\n\n\t\t\n\n\t\t<div class=\"section-content relative\">\n\t\t\t\n<div class=\"row\" style=\"max-width:700px\" id=\"row-1267290052\">\n\n\t<div id=\"col-1370910307\" class=\"col small-12 large-12\"  data-animate=\"fadeInDown\">\n\t\t\t\t<div class=\"col-inner\"  >\n\t\t\t\n\t\t\t\n<section class=\"elementor-element elementor-element-79b3c771 animated-section narrow-text product-section-three-text elementor-section-boxed elementor-section-height-default elementor-section-height-default elementor-section elementor-top-section\" data-id=\"79b3c771\" data-element_type=\"section\">\n<div class=\"elementor-container elementor-column-gap-default\">\n<div class=\"elementor-row\">\n<div class=\"elementor-element elementor-element-7d51d698 elementor-column elementor-col-100 elementor-top-column\" data-id=\"7d51d698\" data-element_type=\"column\">\n<div class=\"elementor-column-wrap elementor-element-populated\">\n<div class=\"elementor-widget-wrap\">\n<div class=\"elementor-element elementor-element-75d5429b topdown slidedown elementor-widget elementor-widget-text-editor animated certaSlideDown slow\" data-id=\"75d5429b\" data-element_type=\"widget\" data-widget_type=\"text-editor.default\">\n<div class=\"elementor-widget-container\">\n<div class=\"elementor-text-editor elementor-clearfix\">\n<div class=\"elementor-element elementor-element-2e1995ef slidedown elementor-widget elementor-widget-text-editor animated certaSlideDown slow\" data-id=\"2e1995ef\" data-element_type=\"widget\" data-widget_type=\"text-editor.default\">\n<div class=\"elementor-widget-container\">\n<div class=\"elementor-text-editor elementor-clearfix\">\n<div class=\"elementor-element elementor-element-23e131d8 topdown slidedown elementor-widget elementor-widget-text-editor animated certaSlideDown slow\" data-id=\"23e131d8\" data-element_type=\"widget\" data-widget_type=\"text-editor.default\">\n<div class=\"elementor-widget-container\">\n<div class=\"elementor-text-editor elementor-clearfix\">\n<div class=\"elementor-element elementor-element-75d5429b topdown slidedown elementor-widget elementor-widget-text-editor animated certaSlideDown slow\" data-id=\"75d5429b\" data-element_type=\"widget\" data-widget_type=\"text-editor.default\">\n<div class=\"elementor-widget-container\">\n<div class=\"elementor-text-editor elementor-clearfix\">Ein starkes Stahlband mit deutlich abgerundeten Kanten verleiht diesem Handtuchhalter etwas Massives ohne schwer zu wirken, denn die Kn\u00f6pfe an den Seiten stehen mit ihrem zarten und minimalistischen Design in klarem Kontrast dazu. Mit seinen abgerundeten Ecken schmiegt sich der Handtuchhalter elegant an die Wand. Die extra matte und netzartig strukturierte Oberfl\u00e4che der unbearbeitet wirkenden Kn\u00f6pfe f\u00fchlt sich sehr gut an. Sie ist ein zus\u00e4tzliches besonderes Detail \u2013 das wohl auff\u00e4lligste dieses Bad-Accessoires. Der Handtuchhalter muss an der Wand befestigt werden.<\/div>\n<\/div>\n<\/div>\n<\/div>\n<\/div>\n<\/div>\n<\/div>\n<\/div>\n<\/div>\n<\/div>\n<\/div>\n<\/div>\n<\/div>\n<\/div>\n<\/div>\n<\/div>\n<\/div>\n<\/section>\n\t\t<\/div>\n\t\t\t\t\t<\/div>\n\n\t\n\n\t<div id=\"col-90403714\" class=\"col small-12 large-12\"  data-animate=\"fadeInUp\">\n\t\t\t\t<div class=\"col-inner\"  >\n\t\t\t\n\t\t\t\n<p><img decoding=\"async\" src=\"https:\/\/formandrefine.com\/wp-content\/uploads\/22-tegn4.png\" alt=\"\" width=\"15\" height=\"13\" \/><\/p>\n<div><span lang=\"EN-US\">Beim Design der Arc Badezimmer-Accessoires geht es darum, wie verschiedene Formen aufeinandertreffen. Die gro\u00dfe Rundung an der hinteren Seite des Handtuch- bzw. Toilettenpapierhalters sollte sanft auf die Wand treffen und den Eindruck eines flie\u00dfenden \u00dcbergangs erzeugen.<\/span><\/div>\n<p>&nbsp;<\/p>\n<p style=\"text-align: right;\">\u2013 Herman Studio<\/p>\n\t\t<\/div>\n\t\t\t\t\t<\/div>\n\n\t\n<\/div>\n<div class=\"row enviornment-mobile-setup\" style=\"max-width:1120px\" id=\"row-1430661948\">\n\n\t<div id=\"col-59164317\" class=\"col small-12 large-12\"  >\n\t\t\t\t<div class=\"col-inner\"  >\n\t\t\t\n\t\t\t\n\t<div id=\"gap-1031892003\" class=\"gap-element clearfix\" style=\"display:block; height:auto;\">\n\t\t\n<style>\n#gap-1031892003 {\n  padding-top: 90px;\n}\n<\/style>\n\t<\/div>\n\t\n\t\t<\/div>\n\t\t\t\t\t<\/div>\n\n\t\n\n\t<div id=\"col-85082502\" class=\"col medium-6 small-12 large-6\"  >\n\t\t\t\t<div class=\"col-inner\"  >\n\t\t\t\n\t\t\t\n\t<div class=\"img has-hover x md-x lg-x y md-y lg-y\" id=\"image_1816809574\">\n\t\t\t\t\t\t\t\t<div class=\"img-inner dark\" >\n\t\t\t<img decoding=\"async\" width=\"2560\" height=\"2560\" src=\"https:\/\/formandrefine.com\/wp-content\/uploads\/2020\/12\/FR_Arc_Towel_Bar_Double_Black_Enviroment_hoover-scaled.webp\" class=\"attachment-original size-original\" alt=\"\" srcset=\"https:\/\/formandrefine.com\/wp-content\/uploads\/2020\/12\/FR_Arc_Towel_Bar_Double_Black_Enviroment_hoover-scaled.webp 2560w, https:\/\/formandrefine.com\/wp-content\/uploads\/2020\/12\/FR_Arc_Towel_Bar_Double_Black_Enviroment_hoover-scaled-800x800.webp 800w, https:\/\/formandrefine.com\/wp-content\/uploads\/2020\/12\/FR_Arc_Towel_Bar_Double_Black_Enviroment_hoover-scaled-100x100.webp 100w, https:\/\/formandrefine.com\/wp-content\/uploads\/2020\/12\/FR_Arc_Towel_Bar_Double_Black_Enviroment_hoover-scaled-1600x1600.webp 1600w\" sizes=\"(max-width: 2560px) 100vw, 2560px\" \/>\t\t\t\t\t\t\n\t\t\t\t\t<\/div>\n\t\t\t\t\t\t\t\t\n<style>\n#image_1816809574 {\n  width: 100%;\n}\n<\/style>\n\t<\/div>\n\t\n\t\t<\/div>\n\t\t\t\t\t<\/div>\n\n\t\n\n\t<div id=\"col-412917845\" class=\"col medium-6 small-12 large-6\"  >\n\t\t\t\t<div class=\"col-inner\"  >\n\t\t\t\n\t\t\t\n\t<div class=\"img has-hover x md-x lg-x y md-y lg-y\" id=\"image_645156937\">\n\t\t\t\t\t\t\t\t<div class=\"img-inner dark\" >\n\t\t\t<img decoding=\"async\" width=\"2560\" height=\"1503\" src=\"https:\/\/formandrefine.com\/wp-content\/uploads\/2020\/12\/FR_Arc_Towel_Bar_Double_Black_Enviroment_detail_545x320-scaled.webp\" class=\"attachment-original size-original\" alt=\"\" srcset=\"https:\/\/formandrefine.com\/wp-content\/uploads\/2020\/12\/FR_Arc_Towel_Bar_Double_Black_Enviroment_detail_545x320-scaled.webp 2560w, https:\/\/formandrefine.com\/wp-content\/uploads\/2020\/12\/FR_Arc_Towel_Bar_Double_Black_Enviroment_detail_545x320-scaled-1600x939.webp 1600w\" sizes=\"(max-width: 2560px) 100vw, 2560px\" \/>\t\t\t\t\t\t\n\t\t\t\t\t<\/div>\n\t\t\t\t\t\t\t\t\n<style>\n#image_645156937 {\n  width: 100%;\n}\n<\/style>\n\t<\/div>\n\t\n\t<div class=\"img has-hover x md-x lg-x y md-y lg-y\" id=\"image_880400396\">\n\t\t\t\t\t\t\t\t<div class=\"img-inner dark\" >\n\t\t\t<img decoding=\"async\" width=\"2560\" height=\"1486\" src=\"https:\/\/formandrefine.com\/wp-content\/uploads\/2021\/12\/Form-and-Refine_Bathroom_Arc_all_horisontal_1120x650-scaled.webp\" class=\"attachment-original size-original\" alt=\"\" srcset=\"https:\/\/formandrefine.com\/wp-content\/uploads\/2021\/12\/Form-and-Refine_Bathroom_Arc_all_horisontal_1120x650-scaled.webp 2560w, https:\/\/formandrefine.com\/wp-content\/uploads\/2021\/12\/Form-and-Refine_Bathroom_Arc_all_horisontal_1120x650-scaled-1600x929.webp 1600w\" sizes=\"(max-width: 2560px) 100vw, 2560px\" \/>\t\t\t\t\t\t\n\t\t\t\t\t<\/div>\n\t\t\t\t\t\t\t\t\n<style>\n#image_880400396 {\n  width: 100%;\n}\n<\/style>\n\t<\/div>\n\t\n\t\t<\/div>\n\t\t\t\t\t<\/div>\n\n\t\n<\/div>\n\t\t<\/div>\n\n\t\t\n<style>\n#section_1324170412 {\n  padding-top: 30px;\n  padding-bottom: 30px;\n}\n<\/style>\n\t<\/section>\n\t\n","protected":false},"excerpt":{"rendered":"","protected":false},"featured_media":11101,"template":"","meta":{"_acf_changed":false},"product_brand":[],"product_cat":[75,162],"product_tag":[],"class_list":{"0":"post-6322","1":"product","2":"type-product","3":"status-publish","4":"has-post-thumbnail","6":"product_cat-objekte-de","7":"product_cat-badezimmer","9":"first","10":"instock","11":"taxable","12":"shipping-taxable","13":"purchasable","14":"product-type-simple"},"acf":[],"yoast_head":"<!-- This site is optimized with the Yoast SEO plugin v25.9 - https:\/\/yoast.com\/wordpress\/plugins\/seo\/ -->\n<title>Arc Designer Handtuchhalter Doppel, Schwarz<\/title>\n<meta name=\"description\" content=\"Arc Doppel-Handtuchhalter in Schwarz \u2713 Stilvolles skandinavisches Design, funktional und elegant. Ideal f\u00fcr Ihr Badezimmer.\" \/>\n<meta name=\"robots\" content=\"index, follow, max-snippet:-1, max-image-preview:large, max-video-preview:-1\" \/>\n<link rel=\"canonical\" href=\"https:\/\/formandrefine.com\/de\/produkt\/arc-towel-bar-double-black\/\" \/>\n<meta property=\"og:locale\" content=\"de_DE\" \/>\n<meta property=\"og:type\" content=\"article\" \/>\n<meta property=\"og:title\" content=\"Arc Designer Handtuchhalter Doppel, Schwarz\" \/>\n<meta property=\"og:description\" content=\"Arc Doppel-Handtuchhalter in Schwarz \u2713 Stilvolles skandinavisches Design, funktional und elegant. Ideal f\u00fcr Ihr Badezimmer.\" \/>\n<meta property=\"og:url\" content=\"https:\/\/formandrefine.com\/de\/produkt\/arc-towel-bar-double-black\/\" \/>\n<meta property=\"og:site_name\" content=\"Form &amp; Refine\" \/>\n<meta property=\"article:modified_time\" content=\"2024-08-01T19:50:23+00:00\" \/>\n<meta property=\"og:image\" content=\"https:\/\/formandrefine.com\/wp-content\/uploads\/2020\/12\/Form-and-Refine_arc_towel_bar_double_black_perspective-kopier-scaled.webp\" \/>\n\t<meta property=\"og:image:width\" content=\"2560\" \/>\n\t<meta property=\"og:image:height\" content=\"2560\" \/>\n\t<meta property=\"og:image:type\" content=\"image\/webp\" \/>\n<meta name=\"twitter:card\" content=\"summary_large_image\" \/>\n<meta name=\"twitter:label1\" content=\"Gesch\u00e4tzte Lesezeit\" \/>\n\t<meta name=\"twitter:data1\" content=\"2\u00a0Minuten\" \/>\n<script type=\"application\/ld+json\" class=\"yoast-schema-graph\">{\"@context\":\"https:\/\/schema.org\",\"@graph\":[{\"@type\":\"WebPage\",\"@id\":\"https:\/\/formandrefine.com\/de\/produkt\/arc-towel-bar-double-black\/\",\"url\":\"https:\/\/formandrefine.com\/de\/produkt\/arc-towel-bar-double-black\/\",\"name\":\"Arc Designer Handtuchhalter Doppel, Schwarz\",\"isPartOf\":{\"@id\":\"https:\/\/formandrefine.com\/#website\"},\"primaryImageOfPage\":{\"@id\":\"https:\/\/formandrefine.com\/de\/produkt\/arc-towel-bar-double-black\/#primaryimage\"},\"image\":{\"@id\":\"https:\/\/formandrefine.com\/de\/produkt\/arc-towel-bar-double-black\/#primaryimage\"},\"thumbnailUrl\":\"https:\/\/formandrefine.com\/wp-content\/uploads\/2020\/12\/Form-and-Refine_arc_towel_bar_double_black_perspective-kopier-scaled.webp\",\"datePublished\":\"2021-12-16T09:30:01+00:00\",\"dateModified\":\"2024-08-01T19:50:23+00:00\",\"description\":\"Arc Doppel-Handtuchhalter in Schwarz \u2713 Stilvolles skandinavisches Design, funktional und elegant. Ideal f\u00fcr Ihr Badezimmer.\",\"breadcrumb\":{\"@id\":\"https:\/\/formandrefine.com\/de\/produkt\/arc-towel-bar-double-black\/#breadcrumb\"},\"inLanguage\":\"de\",\"potentialAction\":[{\"@type\":\"ReadAction\",\"target\":[\"https:\/\/formandrefine.com\/de\/produkt\/arc-towel-bar-double-black\/\"]}]},{\"@type\":\"ImageObject\",\"inLanguage\":\"de\",\"@id\":\"https:\/\/formandrefine.com\/de\/produkt\/arc-towel-bar-double-black\/#primaryimage\",\"url\":\"https:\/\/formandrefine.com\/wp-content\/uploads\/2020\/12\/Form-and-Refine_arc_towel_bar_double_black_perspective-kopier-scaled.webp\",\"contentUrl\":\"https:\/\/formandrefine.com\/wp-content\/uploads\/2020\/12\/Form-and-Refine_arc_towel_bar_double_black_perspective-kopier-scaled.webp\",\"width\":2560,\"height\":2560},{\"@type\":\"BreadcrumbList\",\"@id\":\"https:\/\/formandrefine.com\/de\/produkt\/arc-towel-bar-double-black\/#breadcrumb\",\"itemListElement\":[{\"@type\":\"ListItem\",\"position\":1,\"name\":\"Home\",\"item\":\"https:\/\/formandrefine.com\/de\/\"},{\"@type\":\"ListItem\",\"position\":2,\"name\":\"Shop\",\"item\":\"https:\/\/formandrefine.com\/de\/shop\/\"},{\"@type\":\"ListItem\",\"position\":3,\"name\":\"Arc Towel Bar Double, Black\"}]},{\"@type\":\"WebSite\",\"@id\":\"https:\/\/formandrefine.com\/#website\",\"url\":\"https:\/\/formandrefine.com\/\",\"name\":\"Form &amp; Refine\",\"description\":\"Form and Refine is a Danish design brand. We form collections of Nordic design that will refine as the years progress.\",\"potentialAction\":[{\"@type\":\"SearchAction\",\"target\":{\"@type\":\"EntryPoint\",\"urlTemplate\":\"https:\/\/formandrefine.com\/?s={search_term_string}\"},\"query-input\":{\"@type\":\"PropertyValueSpecification\",\"valueRequired\":true,\"valueName\":\"search_term_string\"}}],\"inLanguage\":\"de\"}]}<\/script>\n<!-- \/ Yoast SEO plugin. -->","yoast_head_json":{"title":"Arc Designer Handtuchhalter Doppel, Schwarz","description":"Arc Doppel-Handtuchhalter in Schwarz \u2713 Stilvolles skandinavisches Design, funktional und elegant. Ideal f\u00fcr Ihr Badezimmer.","robots":{"index":"index","follow":"follow","max-snippet":"max-snippet:-1","max-image-preview":"max-image-preview:large","max-video-preview":"max-video-preview:-1"},"canonical":"https:\/\/formandrefine.com\/de\/produkt\/arc-towel-bar-double-black\/","og_locale":"de_DE","og_type":"article","og_title":"Arc Designer Handtuchhalter Doppel, Schwarz","og_description":"Arc Doppel-Handtuchhalter in Schwarz \u2713 Stilvolles skandinavisches Design, funktional und elegant. Ideal f\u00fcr Ihr Badezimmer.","og_url":"https:\/\/formandrefine.com\/de\/produkt\/arc-towel-bar-double-black\/","og_site_name":"Form &amp; Refine","article_modified_time":"2024-08-01T19:50:23+00:00","og_image":[{"width":2560,"height":2560,"url":"https:\/\/formandrefine.com\/wp-content\/uploads\/2020\/12\/Form-and-Refine_arc_towel_bar_double_black_perspective-kopier-scaled.webp","type":"image\/webp"}],"twitter_card":"summary_large_image","twitter_misc":{"Gesch\u00e4tzte Lesezeit":"2\u00a0Minuten"},"schema":{"@context":"https:\/\/schema.org","@graph":[{"@type":"WebPage","@id":"https:\/\/formandrefine.com\/de\/produkt\/arc-towel-bar-double-black\/","url":"https:\/\/formandrefine.com\/de\/produkt\/arc-towel-bar-double-black\/","name":"Arc Designer Handtuchhalter Doppel, Schwarz","isPartOf":{"@id":"https:\/\/formandrefine.com\/#website"},"primaryImageOfPage":{"@id":"https:\/\/formandrefine.com\/de\/produkt\/arc-towel-bar-double-black\/#primaryimage"},"image":{"@id":"https:\/\/formandrefine.com\/de\/produkt\/arc-towel-bar-double-black\/#primaryimage"},"thumbnailUrl":"https:\/\/formandrefine.com\/wp-content\/uploads\/2020\/12\/Form-and-Refine_arc_towel_bar_double_black_perspective-kopier-scaled.webp","datePublished":"2021-12-16T09:30:01+00:00","dateModified":"2024-08-01T19:50:23+00:00","description":"Arc Doppel-Handtuchhalter in Schwarz \u2713 Stilvolles skandinavisches Design, funktional und elegant. Ideal f\u00fcr Ihr Badezimmer.","breadcrumb":{"@id":"https:\/\/formandrefine.com\/de\/produkt\/arc-towel-bar-double-black\/#breadcrumb"},"inLanguage":"de","potentialAction":[{"@type":"ReadAction","target":["https:\/\/formandrefine.com\/de\/produkt\/arc-towel-bar-double-black\/"]}]},{"@type":"ImageObject","inLanguage":"de","@id":"https:\/\/formandrefine.com\/de\/produkt\/arc-towel-bar-double-black\/#primaryimage","url":"https:\/\/formandrefine.com\/wp-content\/uploads\/2020\/12\/Form-and-Refine_arc_towel_bar_double_black_perspective-kopier-scaled.webp","contentUrl":"https:\/\/formandrefine.com\/wp-content\/uploads\/2020\/12\/Form-and-Refine_arc_towel_bar_double_black_perspective-kopier-scaled.webp","width":2560,"height":2560},{"@type":"BreadcrumbList","@id":"https:\/\/formandrefine.com\/de\/produkt\/arc-towel-bar-double-black\/#breadcrumb","itemListElement":[{"@type":"ListItem","position":1,"name":"Home","item":"https:\/\/formandrefine.com\/de\/"},{"@type":"ListItem","position":2,"name":"Shop","item":"https:\/\/formandrefine.com\/de\/shop\/"},{"@type":"ListItem","position":3,"name":"Arc Towel Bar Double, Black"}]},{"@type":"WebSite","@id":"https:\/\/formandrefine.com\/#website","url":"https:\/\/formandrefine.com\/","name":"Form &amp; Refine","description":"Form and Refine is a Danish design brand. We form collections of Nordic design that will refine as the years progress.","potentialAction":[{"@type":"SearchAction","target":{"@type":"EntryPoint","urlTemplate":"https:\/\/formandrefine.com\/?s={search_term_string}"},"query-input":{"@type":"PropertyValueSpecification","valueRequired":true,"valueName":"search_term_string"}}],"inLanguage":"de"}]}},"_links":{"self":[{"href":"https:\/\/formandrefine.com\/de\/wp-json\/wp\/v2\/product\/6322","targetHints":{"allow":["GET"]}}],"collection":[{"href":"https:\/\/formandrefine.com\/de\/wp-json\/wp\/v2\/product"}],"about":[{"href":"https:\/\/formandrefine.com\/de\/wp-json\/wp\/v2\/types\/product"}],"version-history":[{"count":1,"href":"https:\/\/formandrefine.com\/de\/wp-json\/wp\/v2\/product\/6322\/revisions"}],"predecessor-version":[{"id":7362,"href":"https:\/\/formandrefine.com\/de\/wp-json\/wp\/v2\/product\/6322\/revisions\/7362"}],"wp:featuredmedia":[{"embeddable":true,"href":"https:\/\/formandrefine.com\/de\/wp-json\/wp\/v2\/media\/11101"}],"wp:attachment":[{"href":"https:\/\/formandrefine.com\/de\/wp-json\/wp\/v2\/media?parent=6322"}],"wp:term":[{"taxonomy":"product_brand","embeddable":true,"href":"https:\/\/formandrefine.com\/de\/wp-json\/wp\/v2\/product_brand?post=6322"},{"taxonomy":"product_cat","embeddable":true,"href":"https:\/\/formandrefine.com\/de\/wp-json\/wp\/v2\/product_cat?post=6322"},{"taxonomy":"product_tag","embeddable":true,"href":"https:\/\/formandrefine.com\/de\/wp-json\/wp\/v2\/product_tag?post=6322"}],"curies":[{"name":"wp","href":"https:\/\/api.w.org\/{rel}","templated":true}]}}